{"id":672,"date":"2023-12-23T19:48:14","date_gmt":"2023-12-23T22:48:14","guid":{"rendered":"https:\/\/corrosionx.com.br\/?page_id=672"},"modified":"2025-11-10T09:14:37","modified_gmt":"2025-11-10T12:14:37","slug":"mil-prf-81309","status":"publish","type":"page","link":"https:\/\/corrosionx.com.br\/index.php\/mil-prf-81309\/","title":{"rendered":"MIL-PRF-81309"},"content":{"rendered":"\n<p>Corrosion Technologies tem estado na vanguarda da guerra contra ferrugem e corros\u00e3o por mais de 20 anos. <\/p>\n\n\n\n<p>Fabricado inteiramente nos EUA, <a href=\"https:\/\/corrosionx.com.br\/index.php\/corrosionx-aviation\/\" target=\"_blank\" rel=\"noreferrer noopener\">CorrosionX\u00ae Aviation<\/a> e NavGuard\u00ae (Tipo I, Tipo II e Tipo IV) s\u00e3o totalmente qualificados sob a revis\u00e3o MIL-PRF-81309 Rev. H para preven\u00e7\u00e3o e controle de corros\u00e3o em fuselagens \u2014 e agora, tamb\u00e9m para uso geral.<\/p>\n\n\n\n<p>Usados extensivamente pelo ex\u00e9rcito dos EUA e for\u00e7as da OTAN, todos os produtos <strong><em><strong><em>Corrosion<span style=\"color: red;\">X<\/span><\/em><\/strong><\/em><\/strong> e equipamentos de aplica\u00e7\u00e3o receberam N\u00fameros de Estoque Nacional (NSN) pela Ag\u00eancia de Servi\u00e7os Gerais (GSA) e est\u00e3o dispon\u00edveis para aquisi\u00e7\u00e3o atrav\u00e9s da Ag\u00eancia de Log\u00edstica de Defesa (DLA). <\/p>\n\n\n\n<p><strong><em><strong><em>Corrosion<span style=\"color: red;\">X<\/span><\/em><\/strong><\/em><\/strong> Aviation \u00e9 o \u00fanico produto de consumo atualmente qualificado sob MIL-PRF-81309H Tipo II (esta \u00e9 a especifica\u00e7\u00e3o militar atual, atualizando a MIL-PRF-81309F e MIL-C-81309E) para aplica\u00e7\u00e3o em fuselagens.<\/p>\n\n\n\n<h2 class=\"wp-block-heading has-medium-font-size\"><mark style=\"background-color:rgba(0, 0, 0, 0)\" class=\"has-inline-color has-vivid-red-color\">Centros de Tratamento Oficiais <\/mark><\/h2>\n\n\n\n<p>Corrosion Technologies estabeleceu uma extensa rede de <mark style=\"background-color:rgba(0, 0, 0, 0)\" class=\"has-inline-color has-vivid-red-color\"><strong>Centros de Tratamento de Aeronaves<\/strong><\/mark> <strong><em><strong><em>Corrosion<span style=\"color: red;\">X<\/span><\/em><\/strong><\/em><\/strong> <strong><mark style=\"background-color:rgba(0, 0, 0, 0)\" class=\"has-inline-color has-vivid-red-color\">Aviation <\/mark><\/strong>que oferecem a aplica\u00e7\u00e3o do <strong><em><strong><em>Corrosion<span style=\"color: red;\">X<\/span><\/em><\/strong><\/em><\/strong> como um servi\u00e7o ao cliente. Mec\u00e2nicos treinados utilizam equipamentos especiais para alcan\u00e7ar todos os compartimentos e \u00e1reas de dif\u00edcil acesso da aeronave. <\/p>\n\n\n\n<p>Ap\u00f3s a conclus\u00e3o do tratamento, um adesivo especial atestando o tratamento \u00e9 colocado no <em>logbook <\/em>do cliente. Atualmente, existem mais de 200 Centros de Tratamento operando nos Estados Unidos e em v\u00e1rios pa\u00edses estrangeiros. <\/p>\n\n\n\n<p>Produto de Impacto Ambiental M\u00ednimo A partir de 2017, o conte\u00fado org\u00e2nico vol\u00e1til (geralmente abreviado como VOC ou VOCs) do <strong><em><strong><em>Corrosion<span style=\"color: red;\">X<\/span><\/em><\/strong><\/em><\/strong> Aviation foi reduzido para ZERO. Compare isso com outros inibidores comuns de corros\u00e3o de fuselagem, que podem conter at\u00e9 58% de VOC*.&#8221;<\/p>\n","protected":false},"excerpt":{"rendered":"<p>Corrosion Technologies tem estado na vanguarda da guerra contra ferrugem e corros\u00e3o por mais de 20 anos. Fabricado inteiramente nos EUA, CorrosionX\u00ae Avia<\/p>\n","protected":false},"author":1,"featured_media":0,"parent":0,"menu_order":0,"comment_status":"closed","ping_status":"closed","template":"","meta":{"footnotes":""},"class_list":["post-672","page","type-page","status-publish","hentry"],"yoast_head":"<!-- This site is optimized with the Yoast SEO plugin v27.4 - https:\/\/yoast.com\/product\/yoast-seo-wordpress\/ -->\n<title>CorrosionX atende norma MIL-PRF-81309<\/title>\n<meta name=\"description\" content=\"CorrosionX atende norma MIL-PRF-81309H Tipo IV. Inibidor de corros\u00e3o e repelente de umidade. Tecnologia de pel\u00edcula protetora fluida.\" \/>\n<meta name=\"robots\" content=\"index, follow, max-snippet:-1, max-image-preview:large, max-video-preview:-1\" \/>\n<link rel=\"canonical\" href=\"https:\/\/corrosionx.com.br\/index.php\/mil-prf-81309\/\" \/>\n<meta property=\"og:locale\" content=\"pt_BR\" \/>\n<meta property=\"og:type\" content=\"article\" \/>\n<meta property=\"og:title\" content=\"CorrosionX atende norma MIL-PRF-81309\" \/>\n<meta property=\"og:description\" content=\"CorrosionX atende norma MIL-PRF-81309H Tipo IV. Inibidor de corros\u00e3o e repelente de umidade. Tecnologia de pel\u00edcula protetora fluida.\" \/>\n<meta property=\"og:url\" content=\"https:\/\/corrosionx.com.br\/index.php\/mil-prf-81309\/\" \/>\n<meta property=\"og:site_name\" content=\"CorrosionX\" \/>\n<meta property=\"article:publisher\" content=\"https:\/\/www.facebook.com\/CorrosionXBrasil\" \/>\n<meta property=\"article:modified_time\" content=\"2025-11-10T12:14:37+00:00\" \/>\n<meta name=\"twitter:card\" content=\"summary_large_image\" \/>\n<meta name=\"twitter:label1\" content=\"Est. tempo de leitura\" \/>\n\t<meta name=\"twitter:data1\" content=\"2 minutos\" \/>\n<script type=\"application\/ld+json\" class=\"yoast-schema-graph\">{\"@context\":\"https:\\\/\\\/schema.org\",\"@graph\":[{\"@type\":\"WebPage\",\"@id\":\"https:\\\/\\\/corrosionx.com.br\\\/index.php\\\/mil-prf-81309\\\/\",\"url\":\"https:\\\/\\\/corrosionx.com.br\\\/index.php\\\/mil-prf-81309\\\/\",\"name\":\"CorrosionX atende norma MIL-PRF-81309\",\"isPartOf\":{\"@id\":\"https:\\\/\\\/corrosionx.com.br\\\/#website\"},\"datePublished\":\"2023-12-23T22:48:14+00:00\",\"dateModified\":\"2025-11-10T12:14:37+00:00\",\"description\":\"CorrosionX atende norma MIL-PRF-81309H Tipo IV. Inibidor de corros\u00e3o e repelente de umidade. Tecnologia de pel\u00edcula protetora fluida.\",\"breadcrumb\":{\"@id\":\"https:\\\/\\\/corrosionx.com.br\\\/index.php\\\/mil-prf-81309\\\/#breadcrumb\"},\"inLanguage\":\"pt-BR\",\"potentialAction\":[{\"@type\":\"ReadAction\",\"target\":[\"https:\\\/\\\/corrosionx.com.br\\\/index.php\\\/mil-prf-81309\\\/\"]}]},{\"@type\":\"BreadcrumbList\",\"@id\":\"https:\\\/\\\/corrosionx.com.br\\\/index.php\\\/mil-prf-81309\\\/#breadcrumb\",\"itemListElement\":[{\"@type\":\"ListItem\",\"position\":1,\"name\":\"In\u00edcio\",\"item\":\"https:\\\/\\\/corrosionx.com.br\\\/\"},{\"@type\":\"ListItem\",\"position\":2,\"name\":\"MIL-PRF-81309\"}]},{\"@type\":\"WebSite\",\"@id\":\"https:\\\/\\\/corrosionx.com.br\\\/#website\",\"url\":\"https:\\\/\\\/corrosionx.com.br\\\/\",\"name\":\"CorrosionX\",\"description\":\"Lubrificante de alta performance\",\"publisher\":{\"@id\":\"https:\\\/\\\/corrosionx.com.br\\\/#organization\"},\"potentialAction\":[{\"@type\":\"SearchAction\",\"target\":{\"@type\":\"EntryPoint\",\"urlTemplate\":\"https:\\\/\\\/corrosionx.com.br\\\/?s={search_term_string}\"},\"query-input\":{\"@type\":\"PropertyValueSpecification\",\"valueRequired\":true,\"valueName\":\"search_term_string\"}}],\"inLanguage\":\"pt-BR\"},{\"@type\":\"Organization\",\"@id\":\"https:\\\/\\\/corrosionx.com.br\\\/#organization\",\"name\":\"CorrosionX\",\"url\":\"https:\\\/\\\/corrosionx.com.br\\\/\",\"logo\":{\"@type\":\"ImageObject\",\"inLanguage\":\"pt-BR\",\"@id\":\"https:\\\/\\\/corrosionx.com.br\\\/#\\\/schema\\\/logo\\\/image\\\/\",\"url\":\"https:\\\/\\\/corrosionx.com.br\\\/wp-content\\\/uploads\\\/2020\\\/03\\\/logo-peq.jpg\",\"contentUrl\":\"https:\\\/\\\/corrosionx.com.br\\\/wp-content\\\/uploads\\\/2020\\\/03\\\/logo-peq.jpg\",\"width\":220,\"height\":40,\"caption\":\"CorrosionX\"},\"image\":{\"@id\":\"https:\\\/\\\/corrosionx.com.br\\\/#\\\/schema\\\/logo\\\/image\\\/\"},\"sameAs\":[\"https:\\\/\\\/www.facebook.com\\\/CorrosionXBrasil\",\"https:\\\/\\\/www.instagram.com\\\/corrosionx\\\/\"]}]}<\/script>\n<!-- \/ Yoast SEO plugin. -->","yoast_head_json":{"title":"CorrosionX atende norma MIL-PRF-81309","description":"CorrosionX atende norma MIL-PRF-81309H Tipo IV. Inibidor de corros\u00e3o e repelente de umidade. Tecnologia de pel\u00edcula protetora fluida.","robots":{"index":"index","follow":"follow","max-snippet":"max-snippet:-1","max-image-preview":"max-image-preview:large","max-video-preview":"max-video-preview:-1"},"canonical":"https:\/\/corrosionx.com.br\/index.php\/mil-prf-81309\/","og_locale":"pt_BR","og_type":"article","og_title":"CorrosionX atende norma MIL-PRF-81309","og_description":"CorrosionX atende norma MIL-PRF-81309H Tipo IV. Inibidor de corros\u00e3o e repelente de umidade. Tecnologia de pel\u00edcula protetora fluida.","og_url":"https:\/\/corrosionx.com.br\/index.php\/mil-prf-81309\/","og_site_name":"CorrosionX","article_publisher":"https:\/\/www.facebook.com\/CorrosionXBrasil","article_modified_time":"2025-11-10T12:14:37+00:00","twitter_card":"summary_large_image","twitter_misc":{"Est. tempo de leitura":"2 minutos"},"schema":{"@context":"https:\/\/schema.org","@graph":[{"@type":"WebPage","@id":"https:\/\/corrosionx.com.br\/index.php\/mil-prf-81309\/","url":"https:\/\/corrosionx.com.br\/index.php\/mil-prf-81309\/","name":"CorrosionX atende norma MIL-PRF-81309","isPartOf":{"@id":"https:\/\/corrosionx.com.br\/#website"},"datePublished":"2023-12-23T22:48:14+00:00","dateModified":"2025-11-10T12:14:37+00:00","description":"CorrosionX atende norma MIL-PRF-81309H Tipo IV. Inibidor de corros\u00e3o e repelente de umidade. Tecnologia de pel\u00edcula protetora fluida.","breadcrumb":{"@id":"https:\/\/corrosionx.com.br\/index.php\/mil-prf-81309\/#breadcrumb"},"inLanguage":"pt-BR","potentialAction":[{"@type":"ReadAction","target":["https:\/\/corrosionx.com.br\/index.php\/mil-prf-81309\/"]}]},{"@type":"BreadcrumbList","@id":"https:\/\/corrosionx.com.br\/index.php\/mil-prf-81309\/#breadcrumb","itemListElement":[{"@type":"ListItem","position":1,"name":"In\u00edcio","item":"https:\/\/corrosionx.com.br\/"},{"@type":"ListItem","position":2,"name":"MIL-PRF-81309"}]},{"@type":"WebSite","@id":"https:\/\/corrosionx.com.br\/#website","url":"https:\/\/corrosionx.com.br\/","name":"CorrosionX","description":"Lubrificante de alta performance","publisher":{"@id":"https:\/\/corrosionx.com.br\/#organization"},"potentialAction":[{"@type":"SearchAction","target":{"@type":"EntryPoint","urlTemplate":"https:\/\/corrosionx.com.br\/?s={search_term_string}"},"query-input":{"@type":"PropertyValueSpecification","valueRequired":true,"valueName":"search_term_string"}}],"inLanguage":"pt-BR"},{"@type":"Organization","@id":"https:\/\/corrosionx.com.br\/#organization","name":"CorrosionX","url":"https:\/\/corrosionx.com.br\/","logo":{"@type":"ImageObject","inLanguage":"pt-BR","@id":"https:\/\/corrosionx.com.br\/#\/schema\/logo\/image\/","url":"https:\/\/corrosionx.com.br\/wp-content\/uploads\/2020\/03\/logo-peq.jpg","contentUrl":"https:\/\/corrosionx.com.br\/wp-content\/uploads\/2020\/03\/logo-peq.jpg","width":220,"height":40,"caption":"CorrosionX"},"image":{"@id":"https:\/\/corrosionx.com.br\/#\/schema\/logo\/image\/"},"sameAs":["https:\/\/www.facebook.com\/CorrosionXBrasil","https:\/\/www.instagram.com\/corrosionx\/"]}]}},"_links":{"self":[{"href":"https:\/\/corrosionx.com.br\/index.php\/wp-json\/wp\/v2\/pages\/672","targetHints":{"allow":["GET"]}}],"collection":[{"href":"https:\/\/corrosionx.com.br\/index.php\/wp-json\/wp\/v2\/pages"}],"about":[{"href":"https:\/\/corrosionx.com.br\/index.php\/wp-json\/wp\/v2\/types\/page"}],"author":[{"embeddable":true,"href":"https:\/\/corrosionx.com.br\/index.php\/wp-json\/wp\/v2\/users\/1"}],"replies":[{"embeddable":true,"href":"https:\/\/corrosionx.com.br\/index.php\/wp-json\/wp\/v2\/comments?post=672"}],"version-history":[{"count":4,"href":"https:\/\/corrosionx.com.br\/index.php\/wp-json\/wp\/v2\/pages\/672\/revisions"}],"predecessor-version":[{"id":799,"href":"https:\/\/corrosionx.com.br\/index.php\/wp-json\/wp\/v2\/pages\/672\/revisions\/799"}],"wp:attachment":[{"href":"https:\/\/corrosionx.com.br\/index.php\/wp-json\/wp\/v2\/media?parent=672"}],"curies":[{"name":"wp","href":"https:\/\/api.w.org\/{rel}","templated":true}]}}