{"id":660,"date":"2023-12-20T20:30:16","date_gmt":"2023-12-20T23:30:16","guid":{"rendered":"https:\/\/corrosionx.com.br\/?page_id=660"},"modified":"2024-03-10T12:55:18","modified_gmt":"2024-03-10T15:55:18","slug":"videos","status":"publish","type":"page","link":"https:\/\/corrosionx.com.br\/index.php\/videos\/","title":{"rendered":"V\u00eddeos"},"content":{"rendered":"\n<p>Aqui podem ser vistos alguns v\u00eddeos de aplica\u00e7\u00e3o do <strong><em>Corrosion<mark style=\"background-color:rgba(0, 0, 0, 0)\" class=\"has-inline-color has-vivid-red-color\">X<\/mark><\/em><\/strong><\/p>\n\n\n\n<h3 class=\"wp-block-heading\" id=\"eletronicos\">Aplica\u00e7\u00e3o em eletr\u00f4nicos<\/h3>\n\n\n\n<ul class=\"wp-block-list\">\n<li><a href=\"https:\/\/www.youtube.com\/shorts\/PC-H2TtPIpM\" target=\"_blank\" rel=\"noreferrer noopener\">Motherboard imersa no CorrosionX<\/a><\/li>\n\n\n\n<li><a href=\"https:\/\/www.youtube.com\/watch?v=bdPtyvY0zbg\" target=\"_blank\" rel=\"noreferrer noopener\">TV mergulhada no CorrosionX<\/a><\/li>\n\n\n\n<li><a href=\"https:\/\/www.youtube.com\/watch?v=j5nsQD6U1_Q\" target=\"_blank\" rel=\"noreferrer noopener\">Receptor de aeromodelo RC<\/a><\/li>\n\n\n\n<li><a href=\"https:\/\/www.youtube.com\/watch?v=qQERdo8zqS8\" target=\"_blank\" rel=\"noreferrer noopener\">Aplica\u00e7\u00e3o em Placa de V\u00eddeo<\/a> 1<\/li>\n\n\n\n<li><a href=\"https:\/\/www.youtube.com\/watch?v=ktewBnGu6Pk&amp;t=564s\" target=\"_blank\" rel=\"noreferrer noopener\">Aplica\u00e7\u00e3o em Placa de V\u00eddeo 2<\/a> <\/li>\n\n\n\n<li><a href=\"https:\/\/www.youtube.com\/watch?v=FiaAzkDRT_g\" target=\"_blank\" rel=\"noreferrer noopener\">Aplica\u00e7\u00e3o em Placa de V\u00eddeo 3<\/a><\/li>\n\n\n\n<li><a href=\"https:\/\/www.youtube.com\/watch?v=0bQJp16pMiw\" target=\"_blank\" rel=\"noreferrer noopener\">Aplica\u00e7\u00e3o em Notebook<\/a><\/li>\n\n\n\n<li><a href=\"https:\/\/www.youtube.com\/watch?v=-LdMpWKKqQE\" target=\"_blank\" rel=\"noreferrer noopener\">Utiliza\u00e7\u00e3o em Drones<\/a> <\/li>\n\n\n\n<li><a href=\"https:\/\/www.instagram.com\/p\/CORPOJRnOsb\/\" target=\"_blank\" rel=\"noreferrer noopener\">Aplica\u00e7\u00e3o em Motherboard 1<\/a><\/li>\n\n\n\n<li><a href=\"https:\/\/www.youtube.com\/watch?v=5M3-Saqu5oI\" target=\"_blank\" rel=\"noreferrer noopener\">Aplica\u00e7\u00e3o em Motherboard 2<\/a><\/li>\n\n\n\n<li>Aplica\u00e7\u00e3o em TVs, <a href=\"https:\/\/www.youtube.com\/watch?v=Nkpw_pN1pdY\" target=\"_blank\" rel=\"noreferrer noopener\">Parte1<\/a>, <a href=\"https:\/\/www.youtube.com\/watch?v=cxDL8TPGzH8\" target=\"_blank\" rel=\"noreferrer noopener\">Parte 2<\/a><\/li>\n<\/ul>\n\n\n\n<h3 class=\"wp-block-heading\" id=\"carros\">Aplica\u00e7\u00e3o de autom\u00f3veis<\/h3>\n\n\n\n<ul class=\"wp-block-list\">\n<li><a href=\"https:\/\/www.youtube.com\/watch?v=ivrarTV44dY\" data-type=\"link\" data-id=\"https:\/\/www.youtube.com\/watch?v=ivrarTV44dY\" target=\"_blank\" rel=\"noreferrer noopener\">Sistema de aplica\u00e7\u00e3o da Corrosion Technologies<\/a><\/li>\n\n\n\n<li><a href=\"https:\/\/www.youtube.com\/watch?v=9sLQQeIZSZU\" target=\"_blank\" rel=\"noreferrer noopener\">Aplica\u00e7\u00e3o em Carros Parte 1<\/a><\/li>\n\n\n\n<li><a href=\"https:\/\/www.youtube.com\/watch?v=Qe0SJSFxmZE\" target=\"_blank\" rel=\"noreferrer noopener\">Aplica\u00e7\u00e3o em Carros Parte 2<\/a><\/li>\n<\/ul>\n\n\n\n<h3 class=\"wp-block-heading\">Reportagem do iG<\/h3>\n\n\n\n<p><a href=\"https:\/\/www.youtube.com\/watch?v=U55KQDrRNi0\" target=\"_blank\" rel=\"noreferrer noopener\">Apresenta\u00e7\u00e3o do CorrosionX feita pelo portal do iG<\/a><\/p>\n\n\n\n<h3 class=\"wp-block-heading\">Equipamento de Pesca<\/h3>\n\n\n\n<p><a href=\"https:\/\/www.youtube.com\/watch?v=3mN2ovrqLkA\" target=\"_blank\" rel=\"noreferrer noopener\">Aplica\u00e7\u00e3o em molinete feito pelo Canal Pesca Verdade<\/a><\/p>\n\n\n\n<h3 class=\"wp-block-heading\">Motocicletas<\/h3>\n\n\n\n<ul class=\"wp-block-list\">\n<li><a href=\"https:\/\/www.youtube.com\/watch?v=ejcR3arNkUM\" target=\"_blank\" rel=\"noreferrer noopener\">Aplica\u00e7\u00e3o em uma V-Strom 650<\/a><\/li>\n\n\n\n<li><a href=\"https:\/\/www.youtube.com\/watch?v=Z0jY22pxfV0\" target=\"_blank\" rel=\"noreferrer noopener\">Teste realizado pelo canal Garagem VStrom<\/a><\/li>\n\n\n\n<li><a href=\"https:\/\/www.youtube.com\/watch?v=tShD3naiQe0\" target=\"_blank\" rel=\"noreferrer noopener\">Aplica\u00e7\u00e3o em correntes<\/a><\/li>\n<\/ul>\n","protected":false},"excerpt":{"rendered":"<p>Aqui podem ser vistos alguns v\u00eddeos de aplica\u00e7\u00e3o do CorrosionX Aplica\u00e7\u00e3o em eletr\u00f4nicos Aplica\u00e7\u00e3o de autom\u00f3veis Reportagem do iG Apresenta\u00e7\u00e3o do<\/p>\n","protected":false},"author":1,"featured_media":0,"parent":0,"menu_order":0,"comment_status":"closed","ping_status":"closed","template":"","meta":{"footnotes":""},"class_list":["post-660","page","type-page","status-publish","hentry"],"yoast_head":"<!-- This site is optimized with the Yoast SEO plugin v27.4 - https:\/\/yoast.com\/product\/yoast-seo-wordpress\/ -->\n<title>V\u00eddeos - CorrosionX<\/title>\n<meta name=\"robots\" content=\"index, follow, max-snippet:-1, max-image-preview:large, max-video-preview:-1\" \/>\n<link rel=\"canonical\" href=\"https:\/\/corrosionx.com.br\/index.php\/videos\/\" \/>\n<meta property=\"og:locale\" content=\"pt_BR\" \/>\n<meta property=\"og:type\" content=\"article\" \/>\n<meta property=\"og:title\" content=\"V\u00eddeos - CorrosionX\" \/>\n<meta property=\"og:description\" content=\"Aqui podem ser vistos alguns v\u00eddeos de aplica\u00e7\u00e3o do CorrosionX Aplica\u00e7\u00e3o em eletr\u00f4nicos Aplica\u00e7\u00e3o de autom\u00f3veis Reportagem do iG Apresenta\u00e7\u00e3o do\" \/>\n<meta property=\"og:url\" content=\"https:\/\/corrosionx.com.br\/index.php\/videos\/\" \/>\n<meta property=\"og:site_name\" content=\"CorrosionX\" \/>\n<meta property=\"article:publisher\" content=\"https:\/\/www.facebook.com\/CorrosionXBrasil\" \/>\n<meta property=\"article:modified_time\" content=\"2024-03-10T15:55:18+00:00\" \/>\n<meta name=\"twitter:card\" content=\"summary_large_image\" \/>\n<meta name=\"twitter:label1\" content=\"Est. tempo de leitura\" \/>\n\t<meta name=\"twitter:data1\" content=\"1 minuto\" \/>\n<script type=\"application\/ld+json\" class=\"yoast-schema-graph\">{\"@context\":\"https:\\\/\\\/schema.org\",\"@graph\":[{\"@type\":\"WebPage\",\"@id\":\"https:\\\/\\\/corrosionx.com.br\\\/index.php\\\/videos\\\/\",\"url\":\"https:\\\/\\\/corrosionx.com.br\\\/index.php\\\/videos\\\/\",\"name\":\"V\u00eddeos - CorrosionX\",\"isPartOf\":{\"@id\":\"https:\\\/\\\/corrosionx.com.br\\\/#website\"},\"datePublished\":\"2023-12-20T23:30:16+00:00\",\"dateModified\":\"2024-03-10T15:55:18+00:00\",\"breadcrumb\":{\"@id\":\"https:\\\/\\\/corrosionx.com.br\\\/index.php\\\/videos\\\/#breadcrumb\"},\"inLanguage\":\"pt-BR\",\"potentialAction\":[{\"@type\":\"ReadAction\",\"target\":[\"https:\\\/\\\/corrosionx.com.br\\\/index.php\\\/videos\\\/\"]}]},{\"@type\":\"BreadcrumbList\",\"@id\":\"https:\\\/\\\/corrosionx.com.br\\\/index.php\\\/videos\\\/#breadcrumb\",\"itemListElement\":[{\"@type\":\"ListItem\",\"position\":1,\"name\":\"In\u00edcio\",\"item\":\"https:\\\/\\\/corrosionx.com.br\\\/\"},{\"@type\":\"ListItem\",\"position\":2,\"name\":\"V\u00eddeos\"}]},{\"@type\":\"WebSite\",\"@id\":\"https:\\\/\\\/corrosionx.com.br\\\/#website\",\"url\":\"https:\\\/\\\/corrosionx.com.br\\\/\",\"name\":\"CorrosionX\",\"description\":\"Lubrificante de alta performance\",\"publisher\":{\"@id\":\"https:\\\/\\\/corrosionx.com.br\\\/#organization\"},\"potentialAction\":[{\"@type\":\"SearchAction\",\"target\":{\"@type\":\"EntryPoint\",\"urlTemplate\":\"https:\\\/\\\/corrosionx.com.br\\\/?s={search_term_string}\"},\"query-input\":{\"@type\":\"PropertyValueSpecification\",\"valueRequired\":true,\"valueName\":\"search_term_string\"}}],\"inLanguage\":\"pt-BR\"},{\"@type\":\"Organization\",\"@id\":\"https:\\\/\\\/corrosionx.com.br\\\/#organization\",\"name\":\"CorrosionX\",\"url\":\"https:\\\/\\\/corrosionx.com.br\\\/\",\"logo\":{\"@type\":\"ImageObject\",\"inLanguage\":\"pt-BR\",\"@id\":\"https:\\\/\\\/corrosionx.com.br\\\/#\\\/schema\\\/logo\\\/image\\\/\",\"url\":\"https:\\\/\\\/corrosionx.com.br\\\/wp-content\\\/uploads\\\/2020\\\/03\\\/logo-peq.jpg\",\"contentUrl\":\"https:\\\/\\\/corrosionx.com.br\\\/wp-content\\\/uploads\\\/2020\\\/03\\\/logo-peq.jpg\",\"width\":220,\"height\":40,\"caption\":\"CorrosionX\"},\"image\":{\"@id\":\"https:\\\/\\\/corrosionx.com.br\\\/#\\\/schema\\\/logo\\\/image\\\/\"},\"sameAs\":[\"https:\\\/\\\/www.facebook.com\\\/CorrosionXBrasil\",\"https:\\\/\\\/www.instagram.com\\\/corrosionx\\\/\"]}]}<\/script>\n<!-- \/ Yoast SEO plugin. -->","yoast_head_json":{"title":"V\u00eddeos - CorrosionX","robots":{"index":"index","follow":"follow","max-snippet":"max-snippet:-1","max-image-preview":"max-image-preview:large","max-video-preview":"max-video-preview:-1"},"canonical":"https:\/\/corrosionx.com.br\/index.php\/videos\/","og_locale":"pt_BR","og_type":"article","og_title":"V\u00eddeos - CorrosionX","og_description":"Aqui podem ser vistos alguns v\u00eddeos de aplica\u00e7\u00e3o do CorrosionX Aplica\u00e7\u00e3o em eletr\u00f4nicos Aplica\u00e7\u00e3o de autom\u00f3veis Reportagem do iG Apresenta\u00e7\u00e3o do","og_url":"https:\/\/corrosionx.com.br\/index.php\/videos\/","og_site_name":"CorrosionX","article_publisher":"https:\/\/www.facebook.com\/CorrosionXBrasil","article_modified_time":"2024-03-10T15:55:18+00:00","twitter_card":"summary_large_image","twitter_misc":{"Est. tempo de leitura":"1 minuto"},"schema":{"@context":"https:\/\/schema.org","@graph":[{"@type":"WebPage","@id":"https:\/\/corrosionx.com.br\/index.php\/videos\/","url":"https:\/\/corrosionx.com.br\/index.php\/videos\/","name":"V\u00eddeos - CorrosionX","isPartOf":{"@id":"https:\/\/corrosionx.com.br\/#website"},"datePublished":"2023-12-20T23:30:16+00:00","dateModified":"2024-03-10T15:55:18+00:00","breadcrumb":{"@id":"https:\/\/corrosionx.com.br\/index.php\/videos\/#breadcrumb"},"inLanguage":"pt-BR","potentialAction":[{"@type":"ReadAction","target":["https:\/\/corrosionx.com.br\/index.php\/videos\/"]}]},{"@type":"BreadcrumbList","@id":"https:\/\/corrosionx.com.br\/index.php\/videos\/#breadcrumb","itemListElement":[{"@type":"ListItem","position":1,"name":"In\u00edcio","item":"https:\/\/corrosionx.com.br\/"},{"@type":"ListItem","position":2,"name":"V\u00eddeos"}]},{"@type":"WebSite","@id":"https:\/\/corrosionx.com.br\/#website","url":"https:\/\/corrosionx.com.br\/","name":"CorrosionX","description":"Lubrificante de alta performance","publisher":{"@id":"https:\/\/corrosionx.com.br\/#organization"},"potentialAction":[{"@type":"SearchAction","target":{"@type":"EntryPoint","urlTemplate":"https:\/\/corrosionx.com.br\/?s={search_term_string}"},"query-input":{"@type":"PropertyValueSpecification","valueRequired":true,"valueName":"search_term_string"}}],"inLanguage":"pt-BR"},{"@type":"Organization","@id":"https:\/\/corrosionx.com.br\/#organization","name":"CorrosionX","url":"https:\/\/corrosionx.com.br\/","logo":{"@type":"ImageObject","inLanguage":"pt-BR","@id":"https:\/\/corrosionx.com.br\/#\/schema\/logo\/image\/","url":"https:\/\/corrosionx.com.br\/wp-content\/uploads\/2020\/03\/logo-peq.jpg","contentUrl":"https:\/\/corrosionx.com.br\/wp-content\/uploads\/2020\/03\/logo-peq.jpg","width":220,"height":40,"caption":"CorrosionX"},"image":{"@id":"https:\/\/corrosionx.com.br\/#\/schema\/logo\/image\/"},"sameAs":["https:\/\/www.facebook.com\/CorrosionXBrasil","https:\/\/www.instagram.com\/corrosionx\/"]}]}},"_links":{"self":[{"href":"https:\/\/corrosionx.com.br\/index.php\/wp-json\/wp\/v2\/pages\/660","targetHints":{"allow":["GET"]}}],"collection":[{"href":"https:\/\/corrosionx.com.br\/index.php\/wp-json\/wp\/v2\/pages"}],"about":[{"href":"https:\/\/corrosionx.com.br\/index.php\/wp-json\/wp\/v2\/types\/page"}],"author":[{"embeddable":true,"href":"https:\/\/corrosionx.com.br\/index.php\/wp-json\/wp\/v2\/users\/1"}],"replies":[{"embeddable":true,"href":"https:\/\/corrosionx.com.br\/index.php\/wp-json\/wp\/v2\/comments?post=660"}],"version-history":[{"count":10,"href":"https:\/\/corrosionx.com.br\/index.php\/wp-json\/wp\/v2\/pages\/660\/revisions"}],"predecessor-version":[{"id":709,"href":"https:\/\/corrosionx.com.br\/index.php\/wp-json\/wp\/v2\/pages\/660\/revisions\/709"}],"wp:attachment":[{"href":"https:\/\/corrosionx.com.br\/index.php\/wp-json\/wp\/v2\/media?parent=660"}],"curies":[{"name":"wp","href":"https:\/\/api.w.org\/{rel}","templated":true}]}}