{"id":589,"date":"2023-09-27T17:34:55","date_gmt":"2023-09-27T20:34:55","guid":{"rendered":"http:\/\/corrosionx.com.br\/?page_id=589"},"modified":"2025-11-10T09:31:40","modified_gmt":"2025-11-10T12:31:40","slug":"reelx-grease","status":"publish","type":"page","link":"https:\/\/corrosionx.com.br\/index.php\/reelx-grease\/","title":{"rendered":"ReelX Grease"},"content":{"rendered":"\n<h2 class=\"wp-block-heading has-text-align-center has-text-color\" style=\"color:#ff0000\">Fabricado pela Corrosion Technologies &#8211; L\u00edder mundial em <\/h2>\n\n\n\n<h2 class=\"wp-block-heading has-text-align-center has-text-color\" style=\"color:#ff0000\">Preven\u00e7\u00e3o de Corros\u00e3o e Lubrifica\u00e7\u00e3o<\/h2>\n\n\n\n<p>O <strong>ReelX\u00ae Grease <\/strong>\u00e9 a nova graxa sint\u00e9tica de alta tecnologia, adequada para uso sob altas press\u00f5es, desenvolvida para todos os tipos de carretilhas e molinetes. Usado em conjunto com o \u00f3leo <strong>ReelX<\/strong>\u00ae, o <strong>ReelX Grease<\/strong> bloqueia a entrada de umidade, reduz o desgaste, interrompe a corros\u00e3o existente e previne a forma\u00e7\u00e3o de nova corros\u00e3o ou ferrugem.<\/p>\n\n\n\n<p>O <strong>ReelX Grease<\/strong> combina nossa graxa de alta tecnologia com um pacote de aditivos contendo a mesma tecnologia revolucion\u00e1ria de Ades\u00e3o Polar do <strong><em>CorrosionX<\/em><\/strong>\u00ae e aditivos adicionais de extrema press\u00e3o para fazer com que suas carretilhas e molinetes atinjam seu desempenho m\u00e1ximo.<\/p>\n\n\n\n<h2 class=\"wp-block-heading has-text-align-center has-text-color has-medium-font-size\" style=\"color:#ff0000\">Eleve o desempenho do seu equipamento a um novo patamar<\/h2>\n\n\n\n<ul class=\"wp-block-list\">\n<li>Melhora o desempenho das carretilhas e molinetes<\/li>\n\n\n\n<li>Performance superior quando em uso na \u00e1gua salgada<\/li>\n\n\n\n<li>Previne a entrada de umidade<\/li>\n\n\n\n<li>Interrompe e previne a ferrugem e corros\u00e3o<\/li>\n\n\n\n<li>N\u00e3o prejudica pl\u00e1sticos, PTFE ou monofilamentos<\/li>\n<\/ul>\n\n\n\n<h2 class=\"wp-block-heading has-text-align-center has-text-color has-medium-font-size\" style=\"color:#ff0000\">Prote\u00e7\u00e3o definitiva para aplica\u00e7\u00f5es onde uma graxa \u00e9 o lubrificante mais indicado<\/h2>\n\n\n\n<p class=\"has-medium-font-size\"><strong><strong>Para adquirir esse produto, acesse o link: <a href=\"https:\/\/corrosionx.mercadoshops.com.br\/\" target=\"_blank\" rel=\"noreferrer noopener\">corrosionx.mercadoshops.com.br<\/a><\/strong><\/strong><\/p>\n\n\n\n<p><\/p>\n","protected":false},"excerpt":{"rendered":"<p>Fabricado pela Corrosion Technologies &#8211; L\u00edder mundial em Preven\u00e7\u00e3o de Corros\u00e3o e Lubrifica\u00e7\u00e3o O ReelX\u00ae Grease \u00e9 a nova graxa sint\u00e9tica de al<\/p>\n","protected":false},"author":1,"featured_media":0,"parent":0,"menu_order":0,"comment_status":"closed","ping_status":"closed","template":"","meta":{"footnotes":""},"class_list":["post-589","page","type-page","status-publish","hentry"],"yoast_head":"<!-- This site is optimized with the Yoast SEO plugin v27.5 - https:\/\/yoast.com\/product\/yoast-seo-wordpress\/ -->\n<title>ReelX Grease \u2014 Graxa Sint\u00e9tica Premium para Carretilhas<\/title>\n<meta name=\"description\" content=\"Graxa ReelX Grease: lubrifica\u00e7\u00e3o sint\u00e9tica de alta performance, prote\u00e7\u00e3o anticorrosiva e repel\u00eancia \u00e0 \u00e1gua para carretilhas e molinetes.\" \/>\n<meta name=\"robots\" content=\"index, follow, max-snippet:-1, max-image-preview:large, max-video-preview:-1\" \/>\n<link rel=\"canonical\" href=\"https:\/\/corrosionx.com.br\/index.php\/reelx-grease\/\" \/>\n<meta property=\"og:locale\" content=\"pt_BR\" \/>\n<meta property=\"og:type\" content=\"article\" \/>\n<meta property=\"og:title\" content=\"ReelX Grease \u2014 Graxa Sint\u00e9tica Premium para Carretilhas\" \/>\n<meta property=\"og:description\" content=\"Graxa ReelX Grease: lubrifica\u00e7\u00e3o sint\u00e9tica de alta performance, prote\u00e7\u00e3o anticorrosiva e repel\u00eancia \u00e0 \u00e1gua para carretilhas e molinetes.\" \/>\n<meta property=\"og:url\" content=\"https:\/\/corrosionx.com.br\/index.php\/reelx-grease\/\" \/>\n<meta property=\"og:site_name\" content=\"CorrosionX\" \/>\n<meta property=\"article:publisher\" content=\"https:\/\/www.facebook.com\/CorrosionXBrasil\" \/>\n<meta property=\"article:modified_time\" content=\"2025-11-10T12:31:40+00:00\" \/>\n<meta name=\"twitter:card\" content=\"summary_large_image\" \/>\n<meta name=\"twitter:label1\" content=\"Est. tempo de leitura\" \/>\n\t<meta name=\"twitter:data1\" content=\"1 minuto\" \/>\n<script type=\"application\/ld+json\" class=\"yoast-schema-graph\">{\"@context\":\"https:\\\/\\\/schema.org\",\"@graph\":[{\"@type\":\"WebPage\",\"@id\":\"https:\\\/\\\/corrosionx.com.br\\\/index.php\\\/reelx-grease\\\/\",\"url\":\"https:\\\/\\\/corrosionx.com.br\\\/index.php\\\/reelx-grease\\\/\",\"name\":\"ReelX Grease \u2014 Graxa Sint\u00e9tica Premium para Carretilhas\",\"isPartOf\":{\"@id\":\"https:\\\/\\\/corrosionx.com.br\\\/#website\"},\"datePublished\":\"2023-09-27T20:34:55+00:00\",\"dateModified\":\"2025-11-10T12:31:40+00:00\",\"description\":\"Graxa ReelX Grease: lubrifica\u00e7\u00e3o sint\u00e9tica de alta performance, prote\u00e7\u00e3o anticorrosiva e repel\u00eancia \u00e0 \u00e1gua para carretilhas e molinetes.\",\"breadcrumb\":{\"@id\":\"https:\\\/\\\/corrosionx.com.br\\\/index.php\\\/reelx-grease\\\/#breadcrumb\"},\"inLanguage\":\"pt-BR\",\"potentialAction\":[{\"@type\":\"ReadAction\",\"target\":[\"https:\\\/\\\/corrosionx.com.br\\\/index.php\\\/reelx-grease\\\/\"]}]},{\"@type\":\"BreadcrumbList\",\"@id\":\"https:\\\/\\\/corrosionx.com.br\\\/index.php\\\/reelx-grease\\\/#breadcrumb\",\"itemListElement\":[{\"@type\":\"ListItem\",\"position\":1,\"name\":\"In\u00edcio\",\"item\":\"https:\\\/\\\/corrosionx.com.br\\\/\"},{\"@type\":\"ListItem\",\"position\":2,\"name\":\"ReelX Grease\"}]},{\"@type\":\"WebSite\",\"@id\":\"https:\\\/\\\/corrosionx.com.br\\\/#website\",\"url\":\"https:\\\/\\\/corrosionx.com.br\\\/\",\"name\":\"CorrosionX\",\"description\":\"Lubrificante de alta performance\",\"publisher\":{\"@id\":\"https:\\\/\\\/corrosionx.com.br\\\/#organization\"},\"potentialAction\":[{\"@type\":\"SearchAction\",\"target\":{\"@type\":\"EntryPoint\",\"urlTemplate\":\"https:\\\/\\\/corrosionx.com.br\\\/?s={search_term_string}\"},\"query-input\":{\"@type\":\"PropertyValueSpecification\",\"valueRequired\":true,\"valueName\":\"search_term_string\"}}],\"inLanguage\":\"pt-BR\"},{\"@type\":\"Organization\",\"@id\":\"https:\\\/\\\/corrosionx.com.br\\\/#organization\",\"name\":\"CorrosionX\",\"url\":\"https:\\\/\\\/corrosionx.com.br\\\/\",\"logo\":{\"@type\":\"ImageObject\",\"inLanguage\":\"pt-BR\",\"@id\":\"https:\\\/\\\/corrosionx.com.br\\\/#\\\/schema\\\/logo\\\/image\\\/\",\"url\":\"https:\\\/\\\/corrosionx.com.br\\\/wp-content\\\/uploads\\\/2020\\\/03\\\/logo-peq.jpg\",\"contentUrl\":\"https:\\\/\\\/corrosionx.com.br\\\/wp-content\\\/uploads\\\/2020\\\/03\\\/logo-peq.jpg\",\"width\":220,\"height\":40,\"caption\":\"CorrosionX\"},\"image\":{\"@id\":\"https:\\\/\\\/corrosionx.com.br\\\/#\\\/schema\\\/logo\\\/image\\\/\"},\"sameAs\":[\"https:\\\/\\\/www.facebook.com\\\/CorrosionXBrasil\",\"https:\\\/\\\/www.instagram.com\\\/corrosionx\\\/\"]}]}<\/script>\n<!-- \/ Yoast SEO plugin. -->","yoast_head_json":{"title":"ReelX Grease \u2014 Graxa Sint\u00e9tica Premium para Carretilhas","description":"Graxa ReelX Grease: lubrifica\u00e7\u00e3o sint\u00e9tica de alta performance, prote\u00e7\u00e3o anticorrosiva e repel\u00eancia \u00e0 \u00e1gua para carretilhas e molinetes.","robots":{"index":"index","follow":"follow","max-snippet":"max-snippet:-1","max-image-preview":"max-image-preview:large","max-video-preview":"max-video-preview:-1"},"canonical":"https:\/\/corrosionx.com.br\/index.php\/reelx-grease\/","og_locale":"pt_BR","og_type":"article","og_title":"ReelX Grease \u2014 Graxa Sint\u00e9tica Premium para Carretilhas","og_description":"Graxa ReelX Grease: lubrifica\u00e7\u00e3o sint\u00e9tica de alta performance, prote\u00e7\u00e3o anticorrosiva e repel\u00eancia \u00e0 \u00e1gua para carretilhas e molinetes.","og_url":"https:\/\/corrosionx.com.br\/index.php\/reelx-grease\/","og_site_name":"CorrosionX","article_publisher":"https:\/\/www.facebook.com\/CorrosionXBrasil","article_modified_time":"2025-11-10T12:31:40+00:00","twitter_card":"summary_large_image","twitter_misc":{"Est. tempo de leitura":"1 minuto"},"schema":{"@context":"https:\/\/schema.org","@graph":[{"@type":"WebPage","@id":"https:\/\/corrosionx.com.br\/index.php\/reelx-grease\/","url":"https:\/\/corrosionx.com.br\/index.php\/reelx-grease\/","name":"ReelX Grease \u2014 Graxa Sint\u00e9tica Premium para Carretilhas","isPartOf":{"@id":"https:\/\/corrosionx.com.br\/#website"},"datePublished":"2023-09-27T20:34:55+00:00","dateModified":"2025-11-10T12:31:40+00:00","description":"Graxa ReelX Grease: lubrifica\u00e7\u00e3o sint\u00e9tica de alta performance, prote\u00e7\u00e3o anticorrosiva e repel\u00eancia \u00e0 \u00e1gua para carretilhas e molinetes.","breadcrumb":{"@id":"https:\/\/corrosionx.com.br\/index.php\/reelx-grease\/#breadcrumb"},"inLanguage":"pt-BR","potentialAction":[{"@type":"ReadAction","target":["https:\/\/corrosionx.com.br\/index.php\/reelx-grease\/"]}]},{"@type":"BreadcrumbList","@id":"https:\/\/corrosionx.com.br\/index.php\/reelx-grease\/#breadcrumb","itemListElement":[{"@type":"ListItem","position":1,"name":"In\u00edcio","item":"https:\/\/corrosionx.com.br\/"},{"@type":"ListItem","position":2,"name":"ReelX Grease"}]},{"@type":"WebSite","@id":"https:\/\/corrosionx.com.br\/#website","url":"https:\/\/corrosionx.com.br\/","name":"CorrosionX","description":"Lubrificante de alta performance","publisher":{"@id":"https:\/\/corrosionx.com.br\/#organization"},"potentialAction":[{"@type":"SearchAction","target":{"@type":"EntryPoint","urlTemplate":"https:\/\/corrosionx.com.br\/?s={search_term_string}"},"query-input":{"@type":"PropertyValueSpecification","valueRequired":true,"valueName":"search_term_string"}}],"inLanguage":"pt-BR"},{"@type":"Organization","@id":"https:\/\/corrosionx.com.br\/#organization","name":"CorrosionX","url":"https:\/\/corrosionx.com.br\/","logo":{"@type":"ImageObject","inLanguage":"pt-BR","@id":"https:\/\/corrosionx.com.br\/#\/schema\/logo\/image\/","url":"https:\/\/corrosionx.com.br\/wp-content\/uploads\/2020\/03\/logo-peq.jpg","contentUrl":"https:\/\/corrosionx.com.br\/wp-content\/uploads\/2020\/03\/logo-peq.jpg","width":220,"height":40,"caption":"CorrosionX"},"image":{"@id":"https:\/\/corrosionx.com.br\/#\/schema\/logo\/image\/"},"sameAs":["https:\/\/www.facebook.com\/CorrosionXBrasil","https:\/\/www.instagram.com\/corrosionx\/"]}]}},"_links":{"self":[{"href":"https:\/\/corrosionx.com.br\/index.php\/wp-json\/wp\/v2\/pages\/589","targetHints":{"allow":["GET"]}}],"collection":[{"href":"https:\/\/corrosionx.com.br\/index.php\/wp-json\/wp\/v2\/pages"}],"about":[{"href":"https:\/\/corrosionx.com.br\/index.php\/wp-json\/wp\/v2\/types\/page"}],"author":[{"embeddable":true,"href":"https:\/\/corrosionx.com.br\/index.php\/wp-json\/wp\/v2\/users\/1"}],"replies":[{"embeddable":true,"href":"https:\/\/corrosionx.com.br\/index.php\/wp-json\/wp\/v2\/comments?post=589"}],"version-history":[{"count":9,"href":"https:\/\/corrosionx.com.br\/index.php\/wp-json\/wp\/v2\/pages\/589\/revisions"}],"predecessor-version":[{"id":763,"href":"https:\/\/corrosionx.com.br\/index.php\/wp-json\/wp\/v2\/pages\/589\/revisions\/763"}],"wp:attachment":[{"href":"https:\/\/corrosionx.com.br\/index.php\/wp-json\/wp\/v2\/media?parent=589"}],"curies":[{"name":"wp","href":"https:\/\/api.w.org\/{rel}","templated":true}]}}