{"id":585,"date":"2023-09-27T17:30:17","date_gmt":"2023-09-27T20:30:17","guid":{"rendered":"http:\/\/corrosionx.com.br\/?page_id=585"},"modified":"2025-11-10T09:25:29","modified_gmt":"2025-11-10T12:25:29","slug":"reelx","status":"publish","type":"page","link":"https:\/\/corrosionx.com.br\/index.php\/reelx\/","title":{"rendered":"ReelX"},"content":{"rendered":"\n<h2 class=\"wp-block-heading\">Escolha da Equipe <mark style=\"background-color:rgba(0, 0, 0, 0)\" class=\"has-inline-color has-vivid-red-color\">U.S. Longcasters<\/mark> e o lubrificante escolhido pelos principais fabricantes de carretilhas de pesca do mundo<\/h2>\n\n\n\n<p>A melhor coisa que aconteceu \u00e0 sua carretilha de pesca desde que voc\u00ea a retirou da caixa!<\/p>\n\n\n\n<p><strong>ReelX<\/strong>\u00ae \u00e9 um lubrificante para carretilha de pesca de alta tecnologia para alta press\u00e3o que virtualmente elimina o desgaste, interrompe a corros\u00e3o existente e impede a forma\u00e7\u00e3o de nova corros\u00e3o ou ferrugem. <strong>ReelX <\/strong>\u00e9 a escolha perfeita para todas as carretilhas e molinetes. Um lubrificante inovador que come\u00e7a com a revolucion\u00e1ria tecnologia de Ades\u00e3o Polar do <strong><em>CorrosionX<\/em><\/strong>, adicionamos um conjunto de aditivos de alta press\u00e3o especificamente projetados para fazer com que suas carretilhas de pesca alcancem seu desempenho m\u00e1ximo.<\/p>\n\n\n\n<p><strong>ReelX <\/strong>n\u00e3o cont\u00e9m cera, alcatr\u00e3o, silicone ou outros s\u00f3lidos, portanto, nunca ficar\u00e1 pegajoso. Como todos os produtos <strong><em>CorrosionX<\/em><\/strong>, o <strong>ReelX <\/strong>adere ao metal como um \u00edm\u00e3, de modo que n\u00e3o pode ser facilmente removido pela press\u00e3o, fric\u00e7\u00e3o ou umidade. Ele lubrifica sob cargas extremas e altas temperaturas. E n\u00e3o s\u00f3 o <strong>ReelX <\/strong>lubrifica melhor, porque est\u00e1 ligado ao metal a n\u00edvel molecular, como dura muitas vezes mais do que os lubrificantes convencionais para carretilhas de pesca!<\/p>\n\n\n\n<h2 class=\"wp-block-heading has-text-align-center has-vivid-red-color has-text-color has-medium-font-size\">ReelX superar\u00e1 qualquer outro lubrificante em uma carretilha de pesca &#8211; ponto final.<\/h2>\n\n\n\n<ul class=\"wp-block-list\">\n<li>Melhora o desempenho da carretilha\/molinete<\/li>\n\n\n\n<li>Repele a umidade<\/li>\n\n\n\n<li>Interrompe\/previne ferrugem e corros\u00e3o<\/li>\n\n\n\n<li>N\u00e3o prejudica pl\u00e1stico, PTFE ou monofilamento<\/li>\n<\/ul>\n\n\n\n<p>A escolha da Equipe U.S. Longcasters (com ReelX, os Longcasters s\u00e3o capazes de alcan\u00e7ar arremessos que rotineiramente excedem 260 jardas (237 metros), aferido com laser.<\/p>\n\n\n\n<p class=\"has-small-font-size\" id=\"block-4d805ed5-9d6d-4006-89a8-6264ec6e80cd\"><strong>&#8220;ReelX superou todos os outros lubrificantes de carretilha&#8230; \u00c9 o Santo Graal da lubrifica\u00e7\u00e3o e prote\u00e7\u00e3o de carretilhas.&#8221;<br>-Brock Fee, capit\u00e3o da Equipe U.S. Longcasters<\/strong><\/p>\n\n\n\n<p class=\"has-small-font-size\"><strong>&#8220;Eu j\u00e1 experimentei todos, mas o ReelX \u00e9 o melhor. Os arremessos s\u00e3o mais longos, as engrenagens s\u00e3o mais silenciosas, mais suaves e sem mais ferrugem ou corros\u00e3o.&#8221;<br>-Carroll Hagood, na \u00e9poca, classificado entre os 100 melhores pescadores de baixo do mundo<\/strong><\/p>\n\n\n\n<h2 class=\"wp-block-heading has-text-align-center has-vivid-red-color has-text-color has-medium-font-size\">Usado por muitos dos principais fabricantes de carretilhas de pesca do mundo, incluindo:<\/h2>\n\n\n\n<ul class=\"wp-block-list\">\n<li>Accurate Fishing Products<\/li>\n\n\n\n<li>Bauer Premium Fly Reels, Inc<\/li>\n\n\n\n<li>Electric Fishing Reel Systems<\/li>\n\n\n\n<li>Okuma Fishing Tackle Corporation<\/li>\n\n\n\n<li>ZeeBaaS, LLC<\/li>\n<\/ul>\n\n\n\n<h2 class=\"wp-block-heading has-text-align-center has-vivid-red-color has-text-color has-medium-font-size\">Prote\u00e7\u00e3o contra corros\u00e3o e revestimento preventivo de ferrugem<\/h2>\n\n\n\n<p>Devido \u00e0 Ades\u00e3o Polar, o <strong>ReelX <\/strong>faz com que metais comuns e ligas met\u00e1licas, como ferro, a\u00e7o, a\u00e7o inoxid\u00e1vel, alum\u00ednio, cobre, lat\u00e3o, bronze, etc., se comportem quimicamente mais como metais nobres (como ouro e platina, que n\u00e3o oxidam). Em outras palavras, enquanto o <strong>ReelX <\/strong>estiver presente no metal, ele n\u00e3o pode enferrujar ou corroer! O <strong>ReelX <\/strong>tamb\u00e9m possui uma alta rigidez diel\u00e9trica, portanto, \u00e9 seguro para eletr\u00f4nicos e interrompe completamente a eletr\u00f3lise entre metais diferentes. Para saber mais sobre a Ades\u00e3o Polar e nossa tecnologia exclusiva de revestimento de Pel\u00edcula Protetora Flu\u00edda (FTFC), visite nossa p\u00e1gina de tecnologia.<\/p>\n\n\n\n<h2 class=\"wp-block-heading has-text-align-center has-vivid-red-color has-text-color has-medium-font-size\">Produto de Impacto Ambiental M\u00ednimo<\/h2>\n\n\n\n<p>O conte\u00fado org\u00e2nico vol\u00e1til (geralmente abreviado como VOC ou VOCs, ou seja, solventes) do <strong>ReelX <\/strong>\u00e9 ZERO. Compare isso com a maioria dos produtos nas categorias de \u00f3leo para carretilhas e lubrificantes em spray, que podem ter at\u00e9 50% ou mais de VOC. Isso significa que o <strong>ReelX <\/strong>n\u00e3o \u00e9 apenas menos agressivo para o meio ambiente, mas tamb\u00e9m para voc\u00ea e seu equipamento.<\/p>\n\n\n\n<p class=\"has-medium-font-size\"><strong>Para adquirir esse produto, acesse o link: <a href=\"https:\/\/corrosionx.mercadoshops.com.br\/\" target=\"_blank\" rel=\"noreferrer noopener\">corrosionx.mercadoshops.com.br<\/a><\/strong><\/p>\n\n\n\n<p><\/p>\n","protected":false},"excerpt":{"rendered":"<p>Escolha da Equipe U.S. Longcasters e o lubrificante escolhido pelos principais fabricantes de carretilhas de pesca do mundo A melhor coisa que aconteceu \u00e0<\/p>\n","protected":false},"author":1,"featured_media":0,"parent":0,"menu_order":0,"comment_status":"closed","ping_status":"closed","template":"","meta":{"footnotes":""},"class_list":["post-585","page","type-page","status-publish","hentry"],"yoast_head":"<!-- This site is optimized with the Yoast SEO plugin v27.5 - https:\/\/yoast.com\/product\/yoast-seo-wordpress\/ -->\n<title>ReelX \u2014 Lubrificante premium para Carretilhas e Molinetes<\/title>\n<meta name=\"description\" content=\"ReelX lubrifica\u00e7\u00e3o excepcional para carretilhas e molinetes e prote\u00e7\u00e3o anticorrosiva, evitando desgaste e falhas mesmo em ambientes marinhos.\" \/>\n<meta name=\"robots\" content=\"index, follow, max-snippet:-1, max-image-preview:large, max-video-preview:-1\" \/>\n<link rel=\"canonical\" href=\"https:\/\/corrosionx.com.br\/index.php\/reelx\/\" \/>\n<meta property=\"og:locale\" content=\"pt_BR\" \/>\n<meta property=\"og:type\" content=\"article\" \/>\n<meta property=\"og:title\" content=\"ReelX \u2014 Lubrificante premium para Carretilhas e Molinetes\" \/>\n<meta property=\"og:description\" content=\"ReelX lubrifica\u00e7\u00e3o excepcional para carretilhas e molinetes e prote\u00e7\u00e3o anticorrosiva, evitando desgaste e falhas mesmo em ambientes marinhos.\" \/>\n<meta property=\"og:url\" content=\"https:\/\/corrosionx.com.br\/index.php\/reelx\/\" \/>\n<meta property=\"og:site_name\" content=\"CorrosionX\" \/>\n<meta property=\"article:publisher\" content=\"https:\/\/www.facebook.com\/CorrosionXBrasil\" \/>\n<meta property=\"article:modified_time\" content=\"2025-11-10T12:25:29+00:00\" \/>\n<meta name=\"twitter:card\" content=\"summary_large_image\" \/>\n<meta name=\"twitter:label1\" content=\"Est. tempo de leitura\" \/>\n\t<meta name=\"twitter:data1\" content=\"3 minutos\" \/>\n<script type=\"application\/ld+json\" class=\"yoast-schema-graph\">{\"@context\":\"https:\\\/\\\/schema.org\",\"@graph\":[{\"@type\":\"WebPage\",\"@id\":\"https:\\\/\\\/corrosionx.com.br\\\/index.php\\\/reelx\\\/\",\"url\":\"https:\\\/\\\/corrosionx.com.br\\\/index.php\\\/reelx\\\/\",\"name\":\"ReelX \u2014 Lubrificante premium para Carretilhas e Molinetes\",\"isPartOf\":{\"@id\":\"https:\\\/\\\/corrosionx.com.br\\\/#website\"},\"datePublished\":\"2023-09-27T20:30:17+00:00\",\"dateModified\":\"2025-11-10T12:25:29+00:00\",\"description\":\"ReelX lubrifica\u00e7\u00e3o excepcional para carretilhas e molinetes e prote\u00e7\u00e3o anticorrosiva, evitando desgaste e falhas mesmo em ambientes marinhos.\",\"breadcrumb\":{\"@id\":\"https:\\\/\\\/corrosionx.com.br\\\/index.php\\\/reelx\\\/#breadcrumb\"},\"inLanguage\":\"pt-BR\",\"potentialAction\":[{\"@type\":\"ReadAction\",\"target\":[\"https:\\\/\\\/corrosionx.com.br\\\/index.php\\\/reelx\\\/\"]}]},{\"@type\":\"BreadcrumbList\",\"@id\":\"https:\\\/\\\/corrosionx.com.br\\\/index.php\\\/reelx\\\/#breadcrumb\",\"itemListElement\":[{\"@type\":\"ListItem\",\"position\":1,\"name\":\"In\u00edcio\",\"item\":\"https:\\\/\\\/corrosionx.com.br\\\/\"},{\"@type\":\"ListItem\",\"position\":2,\"name\":\"ReelX\"}]},{\"@type\":\"WebSite\",\"@id\":\"https:\\\/\\\/corrosionx.com.br\\\/#website\",\"url\":\"https:\\\/\\\/corrosionx.com.br\\\/\",\"name\":\"CorrosionX\",\"description\":\"Lubrificante de alta performance\",\"publisher\":{\"@id\":\"https:\\\/\\\/corrosionx.com.br\\\/#organization\"},\"potentialAction\":[{\"@type\":\"SearchAction\",\"target\":{\"@type\":\"EntryPoint\",\"urlTemplate\":\"https:\\\/\\\/corrosionx.com.br\\\/?s={search_term_string}\"},\"query-input\":{\"@type\":\"PropertyValueSpecification\",\"valueRequired\":true,\"valueName\":\"search_term_string\"}}],\"inLanguage\":\"pt-BR\"},{\"@type\":\"Organization\",\"@id\":\"https:\\\/\\\/corrosionx.com.br\\\/#organization\",\"name\":\"CorrosionX\",\"url\":\"https:\\\/\\\/corrosionx.com.br\\\/\",\"logo\":{\"@type\":\"ImageObject\",\"inLanguage\":\"pt-BR\",\"@id\":\"https:\\\/\\\/corrosionx.com.br\\\/#\\\/schema\\\/logo\\\/image\\\/\",\"url\":\"https:\\\/\\\/corrosionx.com.br\\\/wp-content\\\/uploads\\\/2020\\\/03\\\/logo-peq.jpg\",\"contentUrl\":\"https:\\\/\\\/corrosionx.com.br\\\/wp-content\\\/uploads\\\/2020\\\/03\\\/logo-peq.jpg\",\"width\":220,\"height\":40,\"caption\":\"CorrosionX\"},\"image\":{\"@id\":\"https:\\\/\\\/corrosionx.com.br\\\/#\\\/schema\\\/logo\\\/image\\\/\"},\"sameAs\":[\"https:\\\/\\\/www.facebook.com\\\/CorrosionXBrasil\",\"https:\\\/\\\/www.instagram.com\\\/corrosionx\\\/\"]}]}<\/script>\n<!-- \/ Yoast SEO plugin. -->","yoast_head_json":{"title":"ReelX \u2014 Lubrificante premium para Carretilhas e Molinetes","description":"ReelX lubrifica\u00e7\u00e3o excepcional para carretilhas e molinetes e prote\u00e7\u00e3o anticorrosiva, evitando desgaste e falhas mesmo em ambientes marinhos.","robots":{"index":"index","follow":"follow","max-snippet":"max-snippet:-1","max-image-preview":"max-image-preview:large","max-video-preview":"max-video-preview:-1"},"canonical":"https:\/\/corrosionx.com.br\/index.php\/reelx\/","og_locale":"pt_BR","og_type":"article","og_title":"ReelX \u2014 Lubrificante premium para Carretilhas e Molinetes","og_description":"ReelX lubrifica\u00e7\u00e3o excepcional para carretilhas e molinetes e prote\u00e7\u00e3o anticorrosiva, evitando desgaste e falhas mesmo em ambientes marinhos.","og_url":"https:\/\/corrosionx.com.br\/index.php\/reelx\/","og_site_name":"CorrosionX","article_publisher":"https:\/\/www.facebook.com\/CorrosionXBrasil","article_modified_time":"2025-11-10T12:25:29+00:00","twitter_card":"summary_large_image","twitter_misc":{"Est. tempo de leitura":"3 minutos"},"schema":{"@context":"https:\/\/schema.org","@graph":[{"@type":"WebPage","@id":"https:\/\/corrosionx.com.br\/index.php\/reelx\/","url":"https:\/\/corrosionx.com.br\/index.php\/reelx\/","name":"ReelX \u2014 Lubrificante premium para Carretilhas e Molinetes","isPartOf":{"@id":"https:\/\/corrosionx.com.br\/#website"},"datePublished":"2023-09-27T20:30:17+00:00","dateModified":"2025-11-10T12:25:29+00:00","description":"ReelX lubrifica\u00e7\u00e3o excepcional para carretilhas e molinetes e prote\u00e7\u00e3o anticorrosiva, evitando desgaste e falhas mesmo em ambientes marinhos.","breadcrumb":{"@id":"https:\/\/corrosionx.com.br\/index.php\/reelx\/#breadcrumb"},"inLanguage":"pt-BR","potentialAction":[{"@type":"ReadAction","target":["https:\/\/corrosionx.com.br\/index.php\/reelx\/"]}]},{"@type":"BreadcrumbList","@id":"https:\/\/corrosionx.com.br\/index.php\/reelx\/#breadcrumb","itemListElement":[{"@type":"ListItem","position":1,"name":"In\u00edcio","item":"https:\/\/corrosionx.com.br\/"},{"@type":"ListItem","position":2,"name":"ReelX"}]},{"@type":"WebSite","@id":"https:\/\/corrosionx.com.br\/#website","url":"https:\/\/corrosionx.com.br\/","name":"CorrosionX","description":"Lubrificante de alta performance","publisher":{"@id":"https:\/\/corrosionx.com.br\/#organization"},"potentialAction":[{"@type":"SearchAction","target":{"@type":"EntryPoint","urlTemplate":"https:\/\/corrosionx.com.br\/?s={search_term_string}"},"query-input":{"@type":"PropertyValueSpecification","valueRequired":true,"valueName":"search_term_string"}}],"inLanguage":"pt-BR"},{"@type":"Organization","@id":"https:\/\/corrosionx.com.br\/#organization","name":"CorrosionX","url":"https:\/\/corrosionx.com.br\/","logo":{"@type":"ImageObject","inLanguage":"pt-BR","@id":"https:\/\/corrosionx.com.br\/#\/schema\/logo\/image\/","url":"https:\/\/corrosionx.com.br\/wp-content\/uploads\/2020\/03\/logo-peq.jpg","contentUrl":"https:\/\/corrosionx.com.br\/wp-content\/uploads\/2020\/03\/logo-peq.jpg","width":220,"height":40,"caption":"CorrosionX"},"image":{"@id":"https:\/\/corrosionx.com.br\/#\/schema\/logo\/image\/"},"sameAs":["https:\/\/www.facebook.com\/CorrosionXBrasil","https:\/\/www.instagram.com\/corrosionx\/"]}]}},"_links":{"self":[{"href":"https:\/\/corrosionx.com.br\/index.php\/wp-json\/wp\/v2\/pages\/585","targetHints":{"allow":["GET"]}}],"collection":[{"href":"https:\/\/corrosionx.com.br\/index.php\/wp-json\/wp\/v2\/pages"}],"about":[{"href":"https:\/\/corrosionx.com.br\/index.php\/wp-json\/wp\/v2\/types\/page"}],"author":[{"embeddable":true,"href":"https:\/\/corrosionx.com.br\/index.php\/wp-json\/wp\/v2\/users\/1"}],"replies":[{"embeddable":true,"href":"https:\/\/corrosionx.com.br\/index.php\/wp-json\/wp\/v2\/comments?post=585"}],"version-history":[{"count":5,"href":"https:\/\/corrosionx.com.br\/index.php\/wp-json\/wp\/v2\/pages\/585\/revisions"}],"predecessor-version":[{"id":762,"href":"https:\/\/corrosionx.com.br\/index.php\/wp-json\/wp\/v2\/pages\/585\/revisions\/762"}],"wp:attachment":[{"href":"https:\/\/corrosionx.com.br\/index.php\/wp-json\/wp\/v2\/media?parent=585"}],"curies":[{"name":"wp","href":"https:\/\/api.w.org\/{rel}","templated":true}]}}