{"id":568,"date":"2023-09-27T14:57:23","date_gmt":"2023-09-27T17:57:23","guid":{"rendered":"http:\/\/corrosionx.com.br\/?page_id=568"},"modified":"2025-11-10T09:10:12","modified_gmt":"2025-11-10T12:10:12","slug":"bike","status":"publish","type":"page","link":"https:\/\/corrosionx.com.br\/index.php\/bike\/","title":{"rendered":"Guia para aplica\u00e7\u00e3o em bicicletas"},"content":{"rendered":"\n<p class=\"has-text-align-center has-vivid-red-color has-text-color has-medium-font-size\"><strong>Toda m\u00e1quina precisa de cuidados, assim como sua bike.<\/strong><\/p>\n\n\n\n<p>Com <strong><em>Corrosion<mark style=\"background-color:rgba(0, 0, 0, 0)\" class=\"has-inline-color has-vivid-red-color\">X<\/mark><\/em><\/strong> voc\u00ea mant\u00e9m sua bike livre da ferrugem e bem lubrificada.<\/p>\n\n\n\n<p>Se sua bike costuma pegar chuva, umidade ou voc\u00ea costuma pedalar no litoral, <strong><em>Corrosion<mark style=\"background-color:rgba(0, 0, 0, 0)\" class=\"has-inline-color has-vivid-red-color\">X<\/mark><\/em><\/strong> vai manter seu investimento sempre protegido.<\/p>\n\n\n\n<p>Uma simples aplica\u00e7\u00e3o \u00e9 o suficiente para proteger seu investimento.<\/p>\n\n\n\n<p>Ap\u00f3s seu passeio (ou treino), aplicar o <strong><em>Corrosion<mark style=\"background-color:rgba(0, 0, 0, 0)\" class=\"has-inline-color has-vivid-red-color\">X<\/mark><\/em><\/strong> Marine (lata vermelha &#8211; veja a foto) nas partes mais suscet\u00edveis \u00e0 ferrugem, principalmente nas partes n\u00e3o pintadas.<\/p>\n\n\n\n<p>Embora muitas bikes sejam feitas de materiais mais nobres, como alum\u00ednio e compostos, ainda existem \u00e1reas sujeitas \u00e0 corros\u00e3o, como parafusos, eixos, correntes, catracas, cabos de a\u00e7o, cubos de roda, raios, suportes do selim, mecanismo do freio e etc. Ou seja, tudo que \u00e9 metal e sujeito \u00e0 corros\u00e3o \u00e9 uma aplica\u00e7\u00e3o para o <strong><em>Corrosion<mark style=\"background-color:rgba(0, 0, 0, 0)\" class=\"has-inline-color has-vivid-red-color\">X<\/mark><\/em><\/strong>.<\/p>\n\n\n\n<p>CorrosionX \u00e9 apresentado em duas vers\u00f5es, sendo:<\/p>\n\n\n\n<div class=\"wp-block-media-text alignwide is-stacked-on-mobile\" style=\"grid-template-columns:20% auto\"><figure class=\"wp-block-media-text__media\"><img loading=\"lazy\" decoding=\"async\" width=\"365\" height=\"493\" src=\"http:\/\/corrosionx.com.br\/wp-content\/uploads\/2023\/02\/Marine-HD-72-dpi.jpg\" alt=\"\" class=\"wp-image-476 size-full\" srcset=\"https:\/\/corrosionx.com.br\/wp-content\/uploads\/2023\/02\/Marine-HD-72-dpi.jpg 365w, https:\/\/corrosionx.com.br\/wp-content\/uploads\/2023\/02\/Marine-HD-72-dpi-222x300.jpg 222w\" sizes=\"auto, (max-width: 365px) 100vw, 365px\" \/><\/figure><div class=\"wp-block-media-text__content\">\n<ol start=\"1\" style=\"list-style-type:1\" class=\"wp-block-list\">\n<li><a href=\"http:\/\/corrosionx.com.br\/index.php\/corrosionx-marine\/\" target=\"_blank\" rel=\"noreferrer noopener\"><strong><em>Corrosion<mark style=\"background-color:rgba(0, 0, 0, 0)\" class=\"has-inline-color has-vivid-red-color\">X<\/mark><\/em><\/strong> Marine<\/a> (lata vermelha): nosso carro chefe de vendas, lubrificante e protetivo mais fino de grande dura\u00e7\u00e3o, indicado para as todas as partes da bike.<\/li>\n\n\n\n<li><a href=\"http:\/\/corrosionx.com.br\/index.php\/corrosionx-heavy-duty\/\" target=\"_blank\" rel=\"noreferrer noopener\"><strong><em>Corrosion<mark style=\"background-color:rgba(0, 0, 0, 0)\" class=\"has-inline-color has-vivid-red-color\">X<\/mark><\/em><\/strong> Heavy Duty<\/a> (lata verde): produto mais espesso (como uma graxa leve) e de remo\u00e7\u00e3o mais dif\u00edcil. Indicado quando voc\u00ea queira prote\u00e7\u00e3o m\u00e1xima de longa dura\u00e7\u00e3o, como por exemplo, a bike que voc\u00ea deixa na praia.<\/li>\n<\/ol>\n<\/div><\/div>\n\n\n\n<p>Apresentado na forma aerossol, a aplica\u00e7\u00e3o \u00e9 muito simples, ap\u00f3s o uso e lavagem (ou n\u00e3o) da bike, aplicar nas \u00e1reas suscet\u00edveis \u00e0 corros\u00e3o e pronto.<\/p>\n\n\n\n<p>Uma bike pode custar at\u00e9 mais que um carro, ent\u00e3o por que n\u00e3o investir uma fra\u00e7\u00e3o disso para mant\u00ea-la livre da ferrugem e pronta para a a\u00e7\u00e3o?<\/p>\n\n\n\n<p>CorrosionX \u00e9 um produto fabricado nos EUA desde 2006, desenvolvido inicialmente para uso militar e dispon\u00edvel em v\u00e1rias revendas no Brasil. D\u00ea um clique no bot\u00e3o abaixo para ver nossas revendas.<\/p>\n\n\n\n<div class=\"wp-block-buttons is-layout-flex wp-container-core-buttons-is-layout-a74382ec wp-block-buttons-is-layout-flex\">\n<div class=\"wp-block-button is-style-fill\"><a class=\"wp-block-button__link has-text-align-center wp-element-button\" href=\"http:\/\/corrosionx.com.br\/index.php\/onde-comprar\/\" target=\"_blank\" rel=\"noreferrer noopener\">Revendas<\/a><\/div>\n<\/div>\n\n\n\n<p><br>Caso n\u00e3o haja uma revenda pr\u00f3xima, voc\u00ea pode adquirir o produto por meio de marketplaces, como Mercado Livre, Shopee, Lojas Americanas, Amazon.<\/p>\n\n\n\n<p>N\u00e3o deixe de visitar nossa p\u00e1gina <a href=\"http:\/\/corrosionx.com.br\/index.php\/faq\/\" target=\"_blank\" rel=\"noreferrer noopener\">FAQ<\/a>, muitas d\u00favidas podem j\u00e1 estar respondidas.<\/p>\n","protected":false},"excerpt":{"rendered":"<p>Toda m\u00e1quina precisa de cuidados, assim como sua bike. Com CorrosionX voc\u00ea mant\u00e9m sua bike livre da ferrugem e bem lubrificada. Se sua bike costuma pega<\/p>\n","protected":false},"author":1,"featured_media":74,"parent":0,"menu_order":0,"comment_status":"closed","ping_status":"closed","template":"","meta":{"footnotes":""},"class_list":["post-568","page","type-page","status-publish","has-post-thumbnail","hentry"],"yoast_head":"<!-- This site is optimized with the Yoast SEO plugin v27.5 - https:\/\/yoast.com\/product\/yoast-seo-wordpress\/ -->\n<title>CorrosionX \u2014 Lubrifica\u00e7\u00e3o e prote\u00e7\u00e3o Premium para Bicicletas<\/title>\n<meta name=\"description\" content=\"Lubrifica\u00e7\u00e3o extrema e prote\u00e7\u00e3o anticorrosiva para corrente, rolamento e c\u00e2mbio. Ideal para uso urbano, estrada.\" \/>\n<meta name=\"robots\" content=\"index, follow, max-snippet:-1, max-image-preview:large, max-video-preview:-1\" \/>\n<link rel=\"canonical\" href=\"https:\/\/corrosionx.com.br\/index.php\/bike\/\" \/>\n<meta property=\"og:locale\" content=\"pt_BR\" \/>\n<meta property=\"og:type\" content=\"article\" \/>\n<meta property=\"og:title\" content=\"CorrosionX \u2014 Lubrifica\u00e7\u00e3o e prote\u00e7\u00e3o Premium para Bicicletas\" \/>\n<meta property=\"og:description\" content=\"Lubrifica\u00e7\u00e3o extrema e prote\u00e7\u00e3o anticorrosiva para corrente, rolamento e c\u00e2mbio. Ideal para uso urbano, estrada.\" \/>\n<meta property=\"og:url\" content=\"https:\/\/corrosionx.com.br\/index.php\/bike\/\" \/>\n<meta property=\"og:site_name\" content=\"CorrosionX\" \/>\n<meta property=\"article:publisher\" content=\"https:\/\/www.facebook.com\/CorrosionXBrasil\" \/>\n<meta property=\"article:modified_time\" content=\"2025-11-10T12:10:12+00:00\" \/>\n<meta property=\"og:image\" content=\"http:\/\/corrosionx.com.br\/wp-content\/uploads\/2020\/03\/logo-peq.jpg\" \/>\n\t<meta property=\"og:image:width\" content=\"220\" \/>\n\t<meta property=\"og:image:height\" content=\"40\" \/>\n\t<meta property=\"og:image:type\" content=\"image\/jpeg\" \/>\n<meta name=\"twitter:card\" content=\"summary_large_image\" \/>\n<meta name=\"twitter:label1\" content=\"Est. tempo de leitura\" \/>\n\t<meta name=\"twitter:data1\" content=\"3 minutos\" \/>\n<script type=\"application\/ld+json\" class=\"yoast-schema-graph\">{\"@context\":\"https:\\\/\\\/schema.org\",\"@graph\":[{\"@type\":\"WebPage\",\"@id\":\"https:\\\/\\\/corrosionx.com.br\\\/index.php\\\/bike\\\/\",\"url\":\"https:\\\/\\\/corrosionx.com.br\\\/index.php\\\/bike\\\/\",\"name\":\"CorrosionX \u2014 Lubrifica\u00e7\u00e3o e prote\u00e7\u00e3o Premium para Bicicletas\",\"isPartOf\":{\"@id\":\"https:\\\/\\\/corrosionx.com.br\\\/#website\"},\"primaryImageOfPage\":{\"@id\":\"https:\\\/\\\/corrosionx.com.br\\\/index.php\\\/bike\\\/#primaryimage\"},\"image\":{\"@id\":\"https:\\\/\\\/corrosionx.com.br\\\/index.php\\\/bike\\\/#primaryimage\"},\"thumbnailUrl\":\"https:\\\/\\\/corrosionx.com.br\\\/wp-content\\\/uploads\\\/2020\\\/03\\\/logo-peq.jpg\",\"datePublished\":\"2023-09-27T17:57:23+00:00\",\"dateModified\":\"2025-11-10T12:10:12+00:00\",\"description\":\"Lubrifica\u00e7\u00e3o extrema e prote\u00e7\u00e3o anticorrosiva para corrente, rolamento e c\u00e2mbio. Ideal para uso urbano, estrada.\",\"breadcrumb\":{\"@id\":\"https:\\\/\\\/corrosionx.com.br\\\/index.php\\\/bike\\\/#breadcrumb\"},\"inLanguage\":\"pt-BR\",\"potentialAction\":[{\"@type\":\"ReadAction\",\"target\":[\"https:\\\/\\\/corrosionx.com.br\\\/index.php\\\/bike\\\/\"]}]},{\"@type\":\"ImageObject\",\"inLanguage\":\"pt-BR\",\"@id\":\"https:\\\/\\\/corrosionx.com.br\\\/index.php\\\/bike\\\/#primaryimage\",\"url\":\"https:\\\/\\\/corrosionx.com.br\\\/wp-content\\\/uploads\\\/2020\\\/03\\\/logo-peq.jpg\",\"contentUrl\":\"https:\\\/\\\/corrosionx.com.br\\\/wp-content\\\/uploads\\\/2020\\\/03\\\/logo-peq.jpg\",\"width\":220,\"height\":40},{\"@type\":\"BreadcrumbList\",\"@id\":\"https:\\\/\\\/corrosionx.com.br\\\/index.php\\\/bike\\\/#breadcrumb\",\"itemListElement\":[{\"@type\":\"ListItem\",\"position\":1,\"name\":\"In\u00edcio\",\"item\":\"https:\\\/\\\/corrosionx.com.br\\\/\"},{\"@type\":\"ListItem\",\"position\":2,\"name\":\"Guia para aplica\u00e7\u00e3o em bicicletas\"}]},{\"@type\":\"WebSite\",\"@id\":\"https:\\\/\\\/corrosionx.com.br\\\/#website\",\"url\":\"https:\\\/\\\/corrosionx.com.br\\\/\",\"name\":\"CorrosionX\",\"description\":\"Lubrificante de alta performance\",\"publisher\":{\"@id\":\"https:\\\/\\\/corrosionx.com.br\\\/#organization\"},\"potentialAction\":[{\"@type\":\"SearchAction\",\"target\":{\"@type\":\"EntryPoint\",\"urlTemplate\":\"https:\\\/\\\/corrosionx.com.br\\\/?s={search_term_string}\"},\"query-input\":{\"@type\":\"PropertyValueSpecification\",\"valueRequired\":true,\"valueName\":\"search_term_string\"}}],\"inLanguage\":\"pt-BR\"},{\"@type\":\"Organization\",\"@id\":\"https:\\\/\\\/corrosionx.com.br\\\/#organization\",\"name\":\"CorrosionX\",\"url\":\"https:\\\/\\\/corrosionx.com.br\\\/\",\"logo\":{\"@type\":\"ImageObject\",\"inLanguage\":\"pt-BR\",\"@id\":\"https:\\\/\\\/corrosionx.com.br\\\/#\\\/schema\\\/logo\\\/image\\\/\",\"url\":\"https:\\\/\\\/corrosionx.com.br\\\/wp-content\\\/uploads\\\/2020\\\/03\\\/logo-peq.jpg\",\"contentUrl\":\"https:\\\/\\\/corrosionx.com.br\\\/wp-content\\\/uploads\\\/2020\\\/03\\\/logo-peq.jpg\",\"width\":220,\"height\":40,\"caption\":\"CorrosionX\"},\"image\":{\"@id\":\"https:\\\/\\\/corrosionx.com.br\\\/#\\\/schema\\\/logo\\\/image\\\/\"},\"sameAs\":[\"https:\\\/\\\/www.facebook.com\\\/CorrosionXBrasil\",\"https:\\\/\\\/www.instagram.com\\\/corrosionx\\\/\"]}]}<\/script>\n<!-- \/ Yoast SEO plugin. -->","yoast_head_json":{"title":"CorrosionX \u2014 Lubrifica\u00e7\u00e3o e prote\u00e7\u00e3o Premium para Bicicletas","description":"Lubrifica\u00e7\u00e3o extrema e prote\u00e7\u00e3o anticorrosiva para corrente, rolamento e c\u00e2mbio. Ideal para uso urbano, estrada.","robots":{"index":"index","follow":"follow","max-snippet":"max-snippet:-1","max-image-preview":"max-image-preview:large","max-video-preview":"max-video-preview:-1"},"canonical":"https:\/\/corrosionx.com.br\/index.php\/bike\/","og_locale":"pt_BR","og_type":"article","og_title":"CorrosionX \u2014 Lubrifica\u00e7\u00e3o e prote\u00e7\u00e3o Premium para Bicicletas","og_description":"Lubrifica\u00e7\u00e3o extrema e prote\u00e7\u00e3o anticorrosiva para corrente, rolamento e c\u00e2mbio. Ideal para uso urbano, estrada.","og_url":"https:\/\/corrosionx.com.br\/index.php\/bike\/","og_site_name":"CorrosionX","article_publisher":"https:\/\/www.facebook.com\/CorrosionXBrasil","article_modified_time":"2025-11-10T12:10:12+00:00","og_image":[{"width":220,"height":40,"url":"http:\/\/corrosionx.com.br\/wp-content\/uploads\/2020\/03\/logo-peq.jpg","type":"image\/jpeg"}],"twitter_card":"summary_large_image","twitter_misc":{"Est. tempo de leitura":"3 minutos"},"schema":{"@context":"https:\/\/schema.org","@graph":[{"@type":"WebPage","@id":"https:\/\/corrosionx.com.br\/index.php\/bike\/","url":"https:\/\/corrosionx.com.br\/index.php\/bike\/","name":"CorrosionX \u2014 Lubrifica\u00e7\u00e3o e prote\u00e7\u00e3o Premium para Bicicletas","isPartOf":{"@id":"https:\/\/corrosionx.com.br\/#website"},"primaryImageOfPage":{"@id":"https:\/\/corrosionx.com.br\/index.php\/bike\/#primaryimage"},"image":{"@id":"https:\/\/corrosionx.com.br\/index.php\/bike\/#primaryimage"},"thumbnailUrl":"https:\/\/corrosionx.com.br\/wp-content\/uploads\/2020\/03\/logo-peq.jpg","datePublished":"2023-09-27T17:57:23+00:00","dateModified":"2025-11-10T12:10:12+00:00","description":"Lubrifica\u00e7\u00e3o extrema e prote\u00e7\u00e3o anticorrosiva para corrente, rolamento e c\u00e2mbio. Ideal para uso urbano, estrada.","breadcrumb":{"@id":"https:\/\/corrosionx.com.br\/index.php\/bike\/#breadcrumb"},"inLanguage":"pt-BR","potentialAction":[{"@type":"ReadAction","target":["https:\/\/corrosionx.com.br\/index.php\/bike\/"]}]},{"@type":"ImageObject","inLanguage":"pt-BR","@id":"https:\/\/corrosionx.com.br\/index.php\/bike\/#primaryimage","url":"https:\/\/corrosionx.com.br\/wp-content\/uploads\/2020\/03\/logo-peq.jpg","contentUrl":"https:\/\/corrosionx.com.br\/wp-content\/uploads\/2020\/03\/logo-peq.jpg","width":220,"height":40},{"@type":"BreadcrumbList","@id":"https:\/\/corrosionx.com.br\/index.php\/bike\/#breadcrumb","itemListElement":[{"@type":"ListItem","position":1,"name":"In\u00edcio","item":"https:\/\/corrosionx.com.br\/"},{"@type":"ListItem","position":2,"name":"Guia para aplica\u00e7\u00e3o em bicicletas"}]},{"@type":"WebSite","@id":"https:\/\/corrosionx.com.br\/#website","url":"https:\/\/corrosionx.com.br\/","name":"CorrosionX","description":"Lubrificante de alta performance","publisher":{"@id":"https:\/\/corrosionx.com.br\/#organization"},"potentialAction":[{"@type":"SearchAction","target":{"@type":"EntryPoint","urlTemplate":"https:\/\/corrosionx.com.br\/?s={search_term_string}"},"query-input":{"@type":"PropertyValueSpecification","valueRequired":true,"valueName":"search_term_string"}}],"inLanguage":"pt-BR"},{"@type":"Organization","@id":"https:\/\/corrosionx.com.br\/#organization","name":"CorrosionX","url":"https:\/\/corrosionx.com.br\/","logo":{"@type":"ImageObject","inLanguage":"pt-BR","@id":"https:\/\/corrosionx.com.br\/#\/schema\/logo\/image\/","url":"https:\/\/corrosionx.com.br\/wp-content\/uploads\/2020\/03\/logo-peq.jpg","contentUrl":"https:\/\/corrosionx.com.br\/wp-content\/uploads\/2020\/03\/logo-peq.jpg","width":220,"height":40,"caption":"CorrosionX"},"image":{"@id":"https:\/\/corrosionx.com.br\/#\/schema\/logo\/image\/"},"sameAs":["https:\/\/www.facebook.com\/CorrosionXBrasil","https:\/\/www.instagram.com\/corrosionx\/"]}]}},"_links":{"self":[{"href":"https:\/\/corrosionx.com.br\/index.php\/wp-json\/wp\/v2\/pages\/568","targetHints":{"allow":["GET"]}}],"collection":[{"href":"https:\/\/corrosionx.com.br\/index.php\/wp-json\/wp\/v2\/pages"}],"about":[{"href":"https:\/\/corrosionx.com.br\/index.php\/wp-json\/wp\/v2\/types\/page"}],"author":[{"embeddable":true,"href":"https:\/\/corrosionx.com.br\/index.php\/wp-json\/wp\/v2\/users\/1"}],"replies":[{"embeddable":true,"href":"https:\/\/corrosionx.com.br\/index.php\/wp-json\/wp\/v2\/comments?post=568"}],"version-history":[{"count":7,"href":"https:\/\/corrosionx.com.br\/index.php\/wp-json\/wp\/v2\/pages\/568\/revisions"}],"predecessor-version":[{"id":802,"href":"https:\/\/corrosionx.com.br\/index.php\/wp-json\/wp\/v2\/pages\/568\/revisions\/802"}],"wp:featuredmedia":[{"embeddable":true,"href":"https:\/\/corrosionx.com.br\/index.php\/wp-json\/wp\/v2\/media\/74"}],"wp:attachment":[{"href":"https:\/\/corrosionx.com.br\/index.php\/wp-json\/wp\/v2\/media?parent=568"}],"curies":[{"name":"wp","href":"https:\/\/api.w.org\/{rel}","templated":true}]}}