{"id":513,"date":"2023-03-01T13:29:09","date_gmt":"2023-03-01T16:29:09","guid":{"rendered":"http:\/\/corrosionx.com.br\/?page_id=513"},"modified":"2023-03-01T14:28:10","modified_gmt":"2023-03-01T17:28:10","slug":"ground-glue-soil-stabilizer","status":"publish","type":"page","link":"https:\/\/corrosionx.com.br\/index.php\/ground-glue-soil-stabilizer\/","title":{"rendered":"Ground Glue\u00a0Soil Stabilizer"},"content":{"rendered":"\n<h2 class=\"wp-block-heading\"><mark style=\"background-color:rgba(0, 0, 0, 0)\" class=\"has-inline-color has-vivid-red-color\">Estabilizador de Solo Concentrado<\/mark><\/h2>\n\n\n\n<p>O estabilizador de solo <strong><mark style=\"background-color:rgba(0, 0, 0, 0)\" class=\"has-inline-color has-vivid-red-color\">Ground Glue<\/mark><\/strong>\u2122 \u00e9 um estabilizador de solo e supressor de poeira econ\u00f4mico e de longa dura\u00e7\u00e3o que auxilia na compacta\u00e7\u00e3o do solo, preven\u00e7\u00e3o da eros\u00e3o e elimina\u00e7\u00e3o da poeira &#8211; tudo isso minimizando os custos de manuten\u00e7\u00e3o e rega. Efetivo na maioria dos tipos de solo, o estabilizador de solo <strong><mark style=\"background-color:rgba(0, 0, 0, 0)\" class=\"has-inline-color has-vivid-red-color\">Ground Glue <\/mark><\/strong>agrupa a sujeira enquanto sela os poros dos substratos para aumentar substancialmente sua firmeza e sua capacidade de resistir \u00e0 eros\u00e3o qu\u00edmica e natural.<\/p>\n\n\n\n<p>O estabilizador de solo <strong><mark style=\"background-color:rgba(0, 0, 0, 0)\" class=\"has-inline-color has-vivid-red-color\">Ground Glue<\/mark><\/strong>\u2122 tamb\u00e9m deve ser usado para supress\u00e3o de poeira em ambientes extremamente secos (umidade inferior a 15%) e\/ou quando o solo estiver coberto com poeira em p\u00f3 com mais de uma polegada de profundidade (2,5 cm). Para tipos normais de solo e para a maioria das estradas de cascalho, escolha nosso produto <strong><mark style=\"background-color:rgba(0, 0, 0, 0)\" class=\"has-inline-color has-vivid-red-color\"><a href=\"http:\/\/corrosionx.com.br\/index.php\/ground-glue-dust-gravel\/(abrir em uma nova aba)\" target=\"_blank\" rel=\"noreferrer noopener\">Ground Glue\u2122 Dust and Gravel<\/a><\/mark><\/strong>.<\/p>\n\n\n\n<p>N\u00e3o recomendado para uso em granito decomposto (DG).<\/p>\n\n\n\n<figure class=\"wp-block-embed is-type-video is-provider-youtube wp-block-embed-youtube wp-embed-aspect-16-9 wp-has-aspect-ratio\"><div class=\"wp-block-embed__wrapper\">\n<iframe loading=\"lazy\" title=\"Ground Glue\u2122\u00a0soil stabilizer and dust suppressant\" width=\"900\" height=\"506\" src=\"https:\/\/www.youtube.com\/embed\/MhbbITNS60c?feature=oembed\" frameborder=\"0\" allow=\"accelerometer; autoplay; clipboard-write; encrypted-media; gyroscope; picture-in-picture; web-share\" allowfullscreen><\/iframe>\n<\/div><\/figure>\n\n\n\n<h2 class=\"wp-block-heading\"><mark style=\"background-color:rgba(0, 0, 0, 0)\" class=\"has-inline-color has-vivid-red-color\">Caracter\u00edsticas<\/mark><\/h2>\n\n\n\n<ul class=\"wp-block-list\">\n<li>Ecologicamente correto e biodegrad\u00e1vel<\/li>\n\n\n\n<li>Econ\u00f4mico e duradouro (com prepara\u00e7\u00e3o adequada, uma aplica\u00e7\u00e3o durar\u00e1 anos)<\/li>\n\n\n\n<li>Concentrado<\/li>\n\n\n\n<li>Ajuda na compacta\u00e7\u00e3o<\/li>\n\n\n\n<li>Funciona em todos os tipos de solo, exceto areia e argila (entre em contato conosco para esses tipos de solo)<\/li>\n<\/ul>\n\n\n\n<h2 class=\"wp-block-heading\"><mark style=\"background-color:rgba(0, 0, 0, 0)\" class=\"has-inline-color has-vivid-red-color\">Dados t\u00e9cnicos<\/mark><\/h2>\n\n\n\n<div data-wp-interactive=\"core\/file\" class=\"wp-block-file\"><object data-wp-bind--hidden=\"!state.hasPdfPreview\" hidden class=\"wp-block-file__embed\" data=\"http:\/\/corrosionx.com.br\/wp-content\/uploads\/2023\/03\/Ground-Glue-tech-sheet.pdf\" type=\"application\/pdf\" style=\"width:100%;height:600px\" aria-label=\"Incorporado de Ground Glue tech sheet.\"><\/object><a id=\"wp-block-file--media-40e51b44-c78d-442d-9271-61cba00738b9\" href=\"http:\/\/corrosionx.com.br\/wp-content\/uploads\/2023\/03\/Ground-Glue-tech-sheet.pdf\">Ground Glue tech sheet<\/a><a href=\"http:\/\/corrosionx.com.br\/wp-content\/uploads\/2023\/03\/Ground-Glue-tech-sheet.pdf\" class=\"wp-block-file__button wp-element-button\" download aria-describedby=\"wp-block-file--media-40e51b44-c78d-442d-9271-61cba00738b9\">Baixar<\/a><\/div>\n","protected":false},"excerpt":{"rendered":"<p>Estabilizador de Solo Concentrado O estabilizador de solo Ground Glue\u2122 \u00e9 um estabilizador de solo e supressor de poeira econ\u00f4mico e de longa dura\u00e7\u00e3o <\/p>\n","protected":false},"author":1,"featured_media":0,"parent":0,"menu_order":0,"comment_status":"closed","ping_status":"closed","template":"","meta":{"footnotes":""},"class_list":["post-513","page","type-page","status-publish","hentry"],"yoast_head":"<!-- This site is optimized with the Yoast SEO plugin v27.5 - https:\/\/yoast.com\/product\/yoast-seo-wordpress\/ -->\n<title>Ground Glue\u00a0Soil Stabilizer - CorrosionX<\/title>\n<meta name=\"robots\" content=\"index, follow, max-snippet:-1, max-image-preview:large, max-video-preview:-1\" \/>\n<link rel=\"canonical\" href=\"https:\/\/corrosionx.com.br\/index.php\/ground-glue-soil-stabilizer\/\" \/>\n<meta property=\"og:locale\" content=\"pt_BR\" \/>\n<meta property=\"og:type\" content=\"article\" \/>\n<meta property=\"og:title\" content=\"Ground Glue\u00a0Soil Stabilizer - CorrosionX\" \/>\n<meta property=\"og:description\" content=\"Estabilizador de Solo Concentrado O estabilizador de solo Ground Glue\u2122 \u00e9 um estabilizador de solo e supressor de poeira econ\u00f4mico e de longa dura\u00e7\u00e3o\" \/>\n<meta property=\"og:url\" content=\"https:\/\/corrosionx.com.br\/index.php\/ground-glue-soil-stabilizer\/\" \/>\n<meta property=\"og:site_name\" content=\"CorrosionX\" \/>\n<meta property=\"article:publisher\" content=\"https:\/\/www.facebook.com\/CorrosionXBrasil\" \/>\n<meta property=\"article:modified_time\" content=\"2023-03-01T17:28:10+00:00\" \/>\n<meta name=\"twitter:card\" content=\"summary_large_image\" \/>\n<meta name=\"twitter:label1\" content=\"Est. tempo de leitura\" \/>\n\t<meta name=\"twitter:data1\" content=\"1 minuto\" \/>\n<script type=\"application\/ld+json\" class=\"yoast-schema-graph\">{\"@context\":\"https:\\\/\\\/schema.org\",\"@graph\":[{\"@type\":\"WebPage\",\"@id\":\"https:\\\/\\\/corrosionx.com.br\\\/index.php\\\/ground-glue-soil-stabilizer\\\/\",\"url\":\"https:\\\/\\\/corrosionx.com.br\\\/index.php\\\/ground-glue-soil-stabilizer\\\/\",\"name\":\"Ground Glue\u00a0Soil Stabilizer - CorrosionX\",\"isPartOf\":{\"@id\":\"https:\\\/\\\/corrosionx.com.br\\\/#website\"},\"datePublished\":\"2023-03-01T16:29:09+00:00\",\"dateModified\":\"2023-03-01T17:28:10+00:00\",\"breadcrumb\":{\"@id\":\"https:\\\/\\\/corrosionx.com.br\\\/index.php\\\/ground-glue-soil-stabilizer\\\/#breadcrumb\"},\"inLanguage\":\"pt-BR\",\"potentialAction\":[{\"@type\":\"ReadAction\",\"target\":[\"https:\\\/\\\/corrosionx.com.br\\\/index.php\\\/ground-glue-soil-stabilizer\\\/\"]}]},{\"@type\":\"BreadcrumbList\",\"@id\":\"https:\\\/\\\/corrosionx.com.br\\\/index.php\\\/ground-glue-soil-stabilizer\\\/#breadcrumb\",\"itemListElement\":[{\"@type\":\"ListItem\",\"position\":1,\"name\":\"In\u00edcio\",\"item\":\"https:\\\/\\\/corrosionx.com.br\\\/\"},{\"@type\":\"ListItem\",\"position\":2,\"name\":\"Ground Glue\u00a0Soil Stabilizer\"}]},{\"@type\":\"WebSite\",\"@id\":\"https:\\\/\\\/corrosionx.com.br\\\/#website\",\"url\":\"https:\\\/\\\/corrosionx.com.br\\\/\",\"name\":\"CorrosionX\",\"description\":\"Lubrificante de alta performance\",\"publisher\":{\"@id\":\"https:\\\/\\\/corrosionx.com.br\\\/#organization\"},\"potentialAction\":[{\"@type\":\"SearchAction\",\"target\":{\"@type\":\"EntryPoint\",\"urlTemplate\":\"https:\\\/\\\/corrosionx.com.br\\\/?s={search_term_string}\"},\"query-input\":{\"@type\":\"PropertyValueSpecification\",\"valueRequired\":true,\"valueName\":\"search_term_string\"}}],\"inLanguage\":\"pt-BR\"},{\"@type\":\"Organization\",\"@id\":\"https:\\\/\\\/corrosionx.com.br\\\/#organization\",\"name\":\"CorrosionX\",\"url\":\"https:\\\/\\\/corrosionx.com.br\\\/\",\"logo\":{\"@type\":\"ImageObject\",\"inLanguage\":\"pt-BR\",\"@id\":\"https:\\\/\\\/corrosionx.com.br\\\/#\\\/schema\\\/logo\\\/image\\\/\",\"url\":\"https:\\\/\\\/corrosionx.com.br\\\/wp-content\\\/uploads\\\/2020\\\/03\\\/logo-peq.jpg\",\"contentUrl\":\"https:\\\/\\\/corrosionx.com.br\\\/wp-content\\\/uploads\\\/2020\\\/03\\\/logo-peq.jpg\",\"width\":220,\"height\":40,\"caption\":\"CorrosionX\"},\"image\":{\"@id\":\"https:\\\/\\\/corrosionx.com.br\\\/#\\\/schema\\\/logo\\\/image\\\/\"},\"sameAs\":[\"https:\\\/\\\/www.facebook.com\\\/CorrosionXBrasil\",\"https:\\\/\\\/www.instagram.com\\\/corrosionx\\\/\"]}]}<\/script>\n<!-- \/ Yoast SEO plugin. -->","yoast_head_json":{"title":"Ground Glue\u00a0Soil Stabilizer - CorrosionX","robots":{"index":"index","follow":"follow","max-snippet":"max-snippet:-1","max-image-preview":"max-image-preview:large","max-video-preview":"max-video-preview:-1"},"canonical":"https:\/\/corrosionx.com.br\/index.php\/ground-glue-soil-stabilizer\/","og_locale":"pt_BR","og_type":"article","og_title":"Ground Glue\u00a0Soil Stabilizer - CorrosionX","og_description":"Estabilizador de Solo Concentrado O estabilizador de solo Ground Glue\u2122 \u00e9 um estabilizador de solo e supressor de poeira econ\u00f4mico e de longa dura\u00e7\u00e3o","og_url":"https:\/\/corrosionx.com.br\/index.php\/ground-glue-soil-stabilizer\/","og_site_name":"CorrosionX","article_publisher":"https:\/\/www.facebook.com\/CorrosionXBrasil","article_modified_time":"2023-03-01T17:28:10+00:00","twitter_card":"summary_large_image","twitter_misc":{"Est. tempo de leitura":"1 minuto"},"schema":{"@context":"https:\/\/schema.org","@graph":[{"@type":"WebPage","@id":"https:\/\/corrosionx.com.br\/index.php\/ground-glue-soil-stabilizer\/","url":"https:\/\/corrosionx.com.br\/index.php\/ground-glue-soil-stabilizer\/","name":"Ground Glue\u00a0Soil Stabilizer - CorrosionX","isPartOf":{"@id":"https:\/\/corrosionx.com.br\/#website"},"datePublished":"2023-03-01T16:29:09+00:00","dateModified":"2023-03-01T17:28:10+00:00","breadcrumb":{"@id":"https:\/\/corrosionx.com.br\/index.php\/ground-glue-soil-stabilizer\/#breadcrumb"},"inLanguage":"pt-BR","potentialAction":[{"@type":"ReadAction","target":["https:\/\/corrosionx.com.br\/index.php\/ground-glue-soil-stabilizer\/"]}]},{"@type":"BreadcrumbList","@id":"https:\/\/corrosionx.com.br\/index.php\/ground-glue-soil-stabilizer\/#breadcrumb","itemListElement":[{"@type":"ListItem","position":1,"name":"In\u00edcio","item":"https:\/\/corrosionx.com.br\/"},{"@type":"ListItem","position":2,"name":"Ground Glue\u00a0Soil Stabilizer"}]},{"@type":"WebSite","@id":"https:\/\/corrosionx.com.br\/#website","url":"https:\/\/corrosionx.com.br\/","name":"CorrosionX","description":"Lubrificante de alta performance","publisher":{"@id":"https:\/\/corrosionx.com.br\/#organization"},"potentialAction":[{"@type":"SearchAction","target":{"@type":"EntryPoint","urlTemplate":"https:\/\/corrosionx.com.br\/?s={search_term_string}"},"query-input":{"@type":"PropertyValueSpecification","valueRequired":true,"valueName":"search_term_string"}}],"inLanguage":"pt-BR"},{"@type":"Organization","@id":"https:\/\/corrosionx.com.br\/#organization","name":"CorrosionX","url":"https:\/\/corrosionx.com.br\/","logo":{"@type":"ImageObject","inLanguage":"pt-BR","@id":"https:\/\/corrosionx.com.br\/#\/schema\/logo\/image\/","url":"https:\/\/corrosionx.com.br\/wp-content\/uploads\/2020\/03\/logo-peq.jpg","contentUrl":"https:\/\/corrosionx.com.br\/wp-content\/uploads\/2020\/03\/logo-peq.jpg","width":220,"height":40,"caption":"CorrosionX"},"image":{"@id":"https:\/\/corrosionx.com.br\/#\/schema\/logo\/image\/"},"sameAs":["https:\/\/www.facebook.com\/CorrosionXBrasil","https:\/\/www.instagram.com\/corrosionx\/"]}]}},"_links":{"self":[{"href":"https:\/\/corrosionx.com.br\/index.php\/wp-json\/wp\/v2\/pages\/513","targetHints":{"allow":["GET"]}}],"collection":[{"href":"https:\/\/corrosionx.com.br\/index.php\/wp-json\/wp\/v2\/pages"}],"about":[{"href":"https:\/\/corrosionx.com.br\/index.php\/wp-json\/wp\/v2\/types\/page"}],"author":[{"embeddable":true,"href":"https:\/\/corrosionx.com.br\/index.php\/wp-json\/wp\/v2\/users\/1"}],"replies":[{"embeddable":true,"href":"https:\/\/corrosionx.com.br\/index.php\/wp-json\/wp\/v2\/comments?post=513"}],"version-history":[{"count":6,"href":"https:\/\/corrosionx.com.br\/index.php\/wp-json\/wp\/v2\/pages\/513\/revisions"}],"predecessor-version":[{"id":529,"href":"https:\/\/corrosionx.com.br\/index.php\/wp-json\/wp\/v2\/pages\/513\/revisions\/529"}],"wp:attachment":[{"href":"https:\/\/corrosionx.com.br\/index.php\/wp-json\/wp\/v2\/media?parent=513"}],"curies":[{"name":"wp","href":"https:\/\/api.w.org\/{rel}","templated":true}]}}