{"id":48,"date":"2020-03-29T10:33:39","date_gmt":"2020-03-29T13:33:39","guid":{"rendered":"http:\/\/corrosionx.com.br\/?page_id=48"},"modified":"2020-05-07T20:16:51","modified_gmt":"2020-05-07T23:16:51","slug":"produtos","status":"publish","type":"page","link":"https:\/\/corrosionx.com.br\/index.php\/produtos\/","title":{"rendered":"Produtos"},"content":{"rendered":"\n<div style=\"max-width:1140px; width:100%; height:auto; background:transparent;\">\n\n<!-- Produto 1 -->\n <div style=\"max-width:556px; width:100%; height:auto; background:transparent; float:left; margin: 5px 3px;\">\n     <div style=\"max-width:215px; width:100%; height:auto; background:transparent; float:left; margin: 5px 0;\">\n     <div class=\"wp-block-image\"><figure class=\"aligncenter\">\n<img decoding=\"async\" src=\"http:\/\/corrosionx.com.br\/imagens\/Foto-Almotolia-30-ml-nova-peq.jpg\" alt=\"\" class=\"wp-image-311\">\n<\/figure><\/div>\n\n<br>\n<p style=\"text-align: center;\">\n\n<span style=\"font-size: 14pt;\">\n<strong style=\"color: #201f1e; font-family: Calibri, sans-serif; font-size: 18px;\">\n\n<span style=\"margin: 0px; padding: 0px; border: 0px; font-style: inherit; font-variant: inherit; font-weight: inherit; line-height: inherit; font-family: Arial, sans-serif; vertical-align: baseline; color: inherit;\">\n<span style=\"color: #000000;\">Corrosion<\/span>\n<span style=\"margin: 0px 0px 0px -5px; padding: 0px; border: 0px; font-style: inherit; font-variant: inherit; font-weight: inherit; font-stretch: inherit; line-height: inherit; font-family: inherit; vertical-align: baseline; color: #d80000;\">X<\/span><\/span>\n\n<\/strong>\n<\/span>\n\n<span style=\"color: #000000;\"><strong><span style=\"font-size: 12pt;\">for Guns<\/span><\/strong><\/span>\n<\/p>\n\n    <\/div>\n    <div style=\"max-width:325px; width:100%; height:auto; background:transparent; float:left; margin: 5px 0;\">\n<p style=\"text-align: center;\"><strong><span style=\"font-size: 12pt; color: #000000;\">DESCRI\u00c7\u00c3O DO PRODUTO:<\/span><\/strong><\/p>\n<p><span style=\"font-size: 12pt; color: #000000;\">For Guns: pr\u00e1tica embalagem almotolia n\u00e3o aerossol de 30 ml. \u00c9 o mesmo produto que o CorrosionX Marine, por\u00e9m em embalagem menor. <\/span><\/p>\n<\/br>\n<p><a style=\"color: #242526; font-family: 'Open Sans'; font-size: 18px; letter-spacing: 0.2px;\" href=\"index.php\/corrosionx-for-guns\/\"><span style=\"color: #0000ff;\">(leia mais)<\/span><\/a><\/p>\n    <\/div>\n <\/div>\n<!-- Fim Produto 1 -->\n\n<!-- Produto 2 -->\n <div style=\"max-width:556px; width:100%; height:auto; background:transparent; float:left; margin: 5px 3px;\">\n    <div style=\"max-width:215px; width:100%; height:auto; background:transparent; float:left; margin: 5px 0;\">\n    <div class=\"wp-block-image\"><figure class=\"aligncenter\">\n<img decoding=\"async\" src=\"http:\/\/corrosionx.com.br\/imagens\/marine02-peq.jpg\" alt=\"\" class=\"wp-image-309\">\n<\/figure><\/div>\n\n<br>\n<p style=\"text-align: center;\">\n\n<span style=\"font-size: 14pt;\">\n<strong style=\"color: #201f1e; font-family: Calibri, sans-serif; font-size: 18px;\">\n\n<span style=\"margin: 0px; padding: 0px; border: 0px; font-style: inherit; font-variant: inherit; font-weight: inherit; line-height: inherit; font-family: Arial, sans-serif; vertical-align: baseline; color: inherit;\">\n<span style=\"color: #000000;\">Corrosion<\/span>\n<span style=\"margin: 0px 0px 0px -5px; padding: 0px; border: 0px; font-style: inherit; font-variant: inherit; font-weight: inherit; font-stretch: inherit; line-height: inherit; font-family: inherit; vertical-align: baseline; color: #d80000;\">X<\/span><\/span>\n\n<\/strong>\n<\/span>\n\n<span style=\"color: #000000;\"><strong><span style=\"font-size: 12pt;\">Marine<\/span><\/strong><\/span>\n<\/p>\n    <\/div>\n    <div style=\"max-width:325px; width:100%; height:auto; background:transparent; float:left; margin: 5px 0;\">\n<p style=\"text-align: center;\"><strong><span style=\"font-size: 12pt; color: #000000;\">DESCRI\u00c7\u00c2O DO PRODUTO:<\/span><\/strong><\/p>\n<p><span style=\"font-size: 12pt; color: #000000;\">Esse produto \u00e9 nosso carro chefe em vendas, trata-se de um \u00f3leo mais fino e grande poder de penetra\u00e7\u00e3o Destina-se \u00e0 prote\u00e7\u00e3o de equipamentos mec\u00e2nicos \/ eletr\u00f4nicos&#8230;<\/span><\/p>\n<p><a style=\"color: #242526; font-family: 'Open Sans'; font-size: 18px; letter-spacing: 0.2px;\" href=\"index.php\/corrosionx-marine\/\"><span style=\"color: #0000ff;\">(leia mais)<\/span><\/a><\/p>\n    <\/div>\n <\/div>\n<!-- Fim Produto 2 -->\n\n<!-- Produto 3 -->\n <div style=\"max-width:556px; width:100%; height:auto; background:transparent; float:left; margin: 5px 3px;\">\n    <div style=\"max-width:215px; width:100%; height:auto; background:transparent; float:left; margin: 5px 0;\">\n    <div class=\"wp-block-image\"><figure class=\"aligncenter\">\n<img decoding=\"async\" src=\"http:\/\/corrosionx.com.br\/imagens\/AV-sem-fundo-peq.png\" alt=\"\" class=\"wp-image-305\">\n<\/figure><\/div>\n\n\n<br>\n<p style=\"text-align: center;\">\n\n<span style=\"font-size: 14pt;\">\n<strong style=\"color: #201f1e; font-family: Calibri, sans-serif; font-size: 18px;\">\n\n<span style=\"margin: 0px; padding: 0px; border: 0px; font-style: inherit; font-variant: inherit; font-weight: inherit; line-height: inherit; font-family: Arial, sans-serif; vertical-align: baseline; color: inherit;\">\n<span style=\"color: #000000;\">Corrosion<\/span>\n<span style=\"margin: 0px 0px 0px -5px; padding: 0px; border: 0px; font-style: inherit; font-variant: inherit; font-weight: inherit; font-stretch: inherit; line-height: inherit; font-family: inherit; vertical-align: baseline; color: #d80000;\">X<\/span><\/span>\n\n<\/strong>\n<\/span>\n\n<span style=\"color: #000000;\"><strong><span style=\"font-size: 12pt;\">Aviation<\/span><\/strong><\/span>\n<\/p>\n    <\/div>\n    <div style=\"max-width:325px; width:100%; height:auto; background:transparent; float:left; margin: 5px 0;\">\n<p style=\"text-align: center;\"><strong><span style=\"font-size: 12pt; color: #000000;\">DESCRI\u00c7\u00c2O DO PRODUTO:<\/span><\/strong><\/p>\n<p><span style=\"font-size: 12pt; color: #000000;\">Aviation: uso geral em mec\u00e2nica e eletr\u00f4nica, mais fino e com grande poder de penetra\u00e7\u00e3o. \u00c9 muito parecido com o CorrosionX Marine. Possui certifica\u00e7\u00e3o militar MIL-PRF-81309H Tipo II.  <\/span><\/p>\n<p><a style=\"color: #242526; font-family: 'Open Sans'; font-size: 18px; letter-spacing: 0.2px;\" href=\"index.php\/corrosionx-aviation\/\"><span style=\"color: #0000ff;\">(leia mais)<\/span><\/a><\/p>\n    <\/div>\n <\/div>\n<!-- Fim Produto 3 -->\n\n<!-- Produto 4 -->\n <div style=\"max-width:556px; width:100%; height:auto; background:transparent; float:left; margin: 5px 3px;\">\n    <div style=\"max-width:215px; width:100%; height:auto; background:transparent; float:left; margin: 5px 0;\">\n    <div class=\"wp-block-image\"><figure class=\"aligncenter\">\n<img decoding=\"async\" src=\"http:\/\/corrosionx.com.br\/imagens\/heavy_duty02-peq.jpg\" alt=\"\" class=\"wp-image-137\">\n<\/figure><\/div>\n\n\n<br>\n<p style=\"text-align: center;\">\n\n<span style=\"font-size: 14pt;\">\n<strong style=\"color: #201f1e; font-family: Calibri, sans-serif; font-size: 18px;\">\n\n<span style=\"margin: 0px; padding: 0px; border: 0px; font-style: inherit; font-variant: inherit; font-weight: inherit; line-height: inherit; font-family: Arial, sans-serif; vertical-align: baseline; color: inherit;\">\n<span style=\"color: #000000;\">Corrosion<\/span>\n<span style=\"margin: 0px 0px 0px -5px; padding: 0px; border: 0px; font-style: inherit; font-variant: inherit; font-weight: inherit; font-stretch: inherit; line-height: inherit; font-family: inherit; vertical-align: baseline; color: #d80000;\">X<\/span><\/span>\n\n<\/strong>\n<\/span>\n\n<span style=\"color: #000000;\"><strong><span style=\"font-size: 12pt;\">Heavy Duty<\/span><\/strong><\/span>\n<\/p>\n    <\/div>\n    <div style=\"max-width:325px; width:100%; height:auto; background:transparent; float:left; margin: 5px 0;\">\n<p style=\"text-align: center;\"><strong><span style=\"font-size: 12pt; color: #000000;\">DESCRI\u00c7\u00c2O DO PRODUTO:<\/span><\/strong><\/p>\n<p><span style=\"font-size: 12pt; color: #000000;\">Heavy Duty: produto mais pastoso e mais resistente \u00e0 remo\u00e7\u00e3o. Utilizado em condi\u00e7\u00f5es mais severas. Indicado para \u00e1reas que ter\u00e3o contato direto com a \u00e1gua (salgada ou n\u00e3o).   <\/span><\/p>\n<p><a style=\"color: #242526; font-family: 'Open Sans'; font-size: 18px; letter-spacing: 0.2px;\" href=\"index.php\/corrosionx-heavy-duty\/\"><span style=\"color: #0000ff;\">(leia mais)<\/span><\/a><\/p>\n    <\/div>\n <\/div>\n<!-- Fim Produto 4 -->\n\n<!-- Produto 5 \n <div style=\"max-width:556px; width:100%; height:auto; background:transparent; float:left; margin: 5px 3px;\">\n    <div style=\"max-width:215px; width:100%; height:auto; background:transparent; float:left; margin: 5px 0;\">\n    <div class=\"wp-block-image\"><figure class=\"aligncenter\">\n<img decoding=\"async\" src=\"http:\/\/corrosionx.com.br\/imagens\/heavy_duty02-peq.jpg\" alt=\"\" class=\"wp-image-137\">\n<\/figure><\/div>\n\n\n<br><p style=\"text-align: center;\"><span style=\"color: #000000;\"><strong><span style=\"font-size: 12pt;\">TITULO DO PRODUTO AQUI!<\/span><\/strong><\/span><\/p>\n    <\/div>\n    <div style=\"max-width:325px; width:100%; height:auto; background:transparent; float:left; margin: 5px 0;\">\n<p style=\"text-align: center;\"><strong><span style=\"font-size: 12pt; color: #000000;\">DESCRI\u00c7\u00c2O DO PRODUTO:<\/span><\/strong><\/p>\n<p><span style=\"font-size: 12pt; color: #000000;\">Lorem Ipsum is simply dummy text of the printing and typesetting industry. Lorem Ipsum has been the industry's standard dummy text ever since the 1500s, when an unknown printer took a galley of type and scrambled it to make a type specimen book. It has survived not only five centuries, but also the leap into electronic typesetting, remaining essentially unchanged. It was popularised in the. <\/span><\/p>\n\n    <\/div>\n <\/div>\n Fim Produto 5 -->\n\n<!-- Produto6 \n <div style=\"max-width:556px; width:100%; height:auto; background:transparent; float:left; margin: 5px 3px;\">\n    <div style=\"max-width:215px; width:100%; height:auto; background:transparent; float:left; margin: 5px 0;\">\n    <div class=\"wp-block-image\"><figure class=\"aligncenter\">\n<img decoding=\"async\" src=\"http:\/\/corrosionx.com.br\/imagens\/heavy_duty02-peq.jpg\" alt=\"\" class=\"wp-image-137\">\n<\/figure><\/div>\n\n\n<br><p style=\"text-align: center;\"><span style=\"color: #000000;\"><strong><span style=\"font-size: 12pt;\">TITULO DO PRODUTO AQUI!<\/span><\/strong><\/span><\/p>\n    <\/div>\n    <div style=\"max-width:325px; width:100%; height:auto; background:transparent; float:left; margin: 5px 0;\">\n<p style=\"text-align: center;\"><strong><span style=\"font-size: 12pt; color: #000000;\">DESCRI\u00c7\u00c2O DO PRODUTO:<\/span><\/strong><\/p>\n<p><span style=\"font-size: 12pt; color: #000000;\">Lorem Ipsum is simply dummy text of the printing and typesetting industry. Lorem Ipsum has been the industry's standard dummy text ever since the 1500s, when an unknown printer took a galley of type and scrambled it to make a type specimen book. It has survived not only five centuries, but also the leap into electronic typesetting, remaining essentially unchanged. It was popularised in the. <\/span><\/p>\n\n    <\/div>\n <\/div>\nFim Produto 6 -->\n\n\n<\/div>\n\n","protected":false},"excerpt":{"rendered":"<p>Corrosion X for Guns DESCRI\u00c7\u00c3O DO PRODUTO: For Guns: pr\u00e1tica embalagem almotolia n\u00e3o aerossol de 30 ml. \u00c9 o mesmo produto que o CorrosionX Marine, por<\/p>\n","protected":false},"author":1,"featured_media":0,"parent":0,"menu_order":0,"comment_status":"closed","ping_status":"closed","template":"","meta":{"footnotes":""},"class_list":["post-48","page","type-page","status-publish","hentry"],"yoast_head":"<!-- This site is optimized with the Yoast SEO plugin v27.4 - https:\/\/yoast.com\/product\/yoast-seo-wordpress\/ -->\n<title>Produtos - CorrosionX<\/title>\n<meta name=\"robots\" content=\"index, follow, max-snippet:-1, max-image-preview:large, max-video-preview:-1\" \/>\n<link rel=\"canonical\" href=\"https:\/\/corrosionx.com.br\/index.php\/produtos\/\" \/>\n<meta property=\"og:locale\" content=\"pt_BR\" \/>\n<meta property=\"og:type\" content=\"article\" \/>\n<meta property=\"og:title\" content=\"Produtos - CorrosionX\" \/>\n<meta property=\"og:description\" content=\"Corrosion X for Guns DESCRI\u00c7\u00c3O DO PRODUTO: For Guns: pr\u00e1tica embalagem almotolia n\u00e3o aerossol de 30 ml. \u00c9 o mesmo produto que o CorrosionX Marine, por\" \/>\n<meta property=\"og:url\" content=\"https:\/\/corrosionx.com.br\/index.php\/produtos\/\" \/>\n<meta property=\"og:site_name\" content=\"CorrosionX\" \/>\n<meta property=\"article:publisher\" content=\"https:\/\/www.facebook.com\/CorrosionXBrasil\" \/>\n<meta property=\"article:modified_time\" content=\"2020-05-07T23:16:51+00:00\" \/>\n<meta property=\"og:image\" content=\"http:\/\/corrosionx.com.br\/imagens\/Foto-Almotolia-30-ml-nova-peq.jpg\" \/>\n<meta name=\"twitter:card\" content=\"summary_large_image\" \/>\n<meta name=\"twitter:label1\" content=\"Est. tempo de leitura\" \/>\n\t<meta name=\"twitter:data1\" content=\"1 minuto\" \/>\n<script type=\"application\/ld+json\" class=\"yoast-schema-graph\">{\"@context\":\"https:\\\/\\\/schema.org\",\"@graph\":[{\"@type\":\"WebPage\",\"@id\":\"https:\\\/\\\/corrosionx.com.br\\\/index.php\\\/produtos\\\/\",\"url\":\"https:\\\/\\\/corrosionx.com.br\\\/index.php\\\/produtos\\\/\",\"name\":\"Produtos - CorrosionX\",\"isPartOf\":{\"@id\":\"https:\\\/\\\/corrosionx.com.br\\\/#website\"},\"primaryImageOfPage\":{\"@id\":\"https:\\\/\\\/corrosionx.com.br\\\/index.php\\\/produtos\\\/#primaryimage\"},\"image\":{\"@id\":\"https:\\\/\\\/corrosionx.com.br\\\/index.php\\\/produtos\\\/#primaryimage\"},\"thumbnailUrl\":\"http:\\\/\\\/corrosionx.com.br\\\/imagens\\\/Foto-Almotolia-30-ml-nova-peq.jpg\",\"datePublished\":\"2020-03-29T13:33:39+00:00\",\"dateModified\":\"2020-05-07T23:16:51+00:00\",\"breadcrumb\":{\"@id\":\"https:\\\/\\\/corrosionx.com.br\\\/index.php\\\/produtos\\\/#breadcrumb\"},\"inLanguage\":\"pt-BR\",\"potentialAction\":[{\"@type\":\"ReadAction\",\"target\":[\"https:\\\/\\\/corrosionx.com.br\\\/index.php\\\/produtos\\\/\"]}]},{\"@type\":\"ImageObject\",\"inLanguage\":\"pt-BR\",\"@id\":\"https:\\\/\\\/corrosionx.com.br\\\/index.php\\\/produtos\\\/#primaryimage\",\"url\":\"\",\"contentUrl\":\"\"},{\"@type\":\"BreadcrumbList\",\"@id\":\"https:\\\/\\\/corrosionx.com.br\\\/index.php\\\/produtos\\\/#breadcrumb\",\"itemListElement\":[{\"@type\":\"ListItem\",\"position\":1,\"name\":\"In\u00edcio\",\"item\":\"https:\\\/\\\/corrosionx.com.br\\\/\"},{\"@type\":\"ListItem\",\"position\":2,\"name\":\"Produtos\"}]},{\"@type\":\"WebSite\",\"@id\":\"https:\\\/\\\/corrosionx.com.br\\\/#website\",\"url\":\"https:\\\/\\\/corrosionx.com.br\\\/\",\"name\":\"CorrosionX\",\"description\":\"Lubrificante de alta performance\",\"publisher\":{\"@id\":\"https:\\\/\\\/corrosionx.com.br\\\/#organization\"},\"potentialAction\":[{\"@type\":\"SearchAction\",\"target\":{\"@type\":\"EntryPoint\",\"urlTemplate\":\"https:\\\/\\\/corrosionx.com.br\\\/?s={search_term_string}\"},\"query-input\":{\"@type\":\"PropertyValueSpecification\",\"valueRequired\":true,\"valueName\":\"search_term_string\"}}],\"inLanguage\":\"pt-BR\"},{\"@type\":\"Organization\",\"@id\":\"https:\\\/\\\/corrosionx.com.br\\\/#organization\",\"name\":\"CorrosionX\",\"url\":\"https:\\\/\\\/corrosionx.com.br\\\/\",\"logo\":{\"@type\":\"ImageObject\",\"inLanguage\":\"pt-BR\",\"@id\":\"https:\\\/\\\/corrosionx.com.br\\\/#\\\/schema\\\/logo\\\/image\\\/\",\"url\":\"https:\\\/\\\/corrosionx.com.br\\\/wp-content\\\/uploads\\\/2020\\\/03\\\/logo-peq.jpg\",\"contentUrl\":\"https:\\\/\\\/corrosionx.com.br\\\/wp-content\\\/uploads\\\/2020\\\/03\\\/logo-peq.jpg\",\"width\":220,\"height\":40,\"caption\":\"CorrosionX\"},\"image\":{\"@id\":\"https:\\\/\\\/corrosionx.com.br\\\/#\\\/schema\\\/logo\\\/image\\\/\"},\"sameAs\":[\"https:\\\/\\\/www.facebook.com\\\/CorrosionXBrasil\",\"https:\\\/\\\/www.instagram.com\\\/corrosionx\\\/\"]}]}<\/script>\n<!-- \/ Yoast SEO plugin. -->","yoast_head_json":{"title":"Produtos - CorrosionX","robots":{"index":"index","follow":"follow","max-snippet":"max-snippet:-1","max-image-preview":"max-image-preview:large","max-video-preview":"max-video-preview:-1"},"canonical":"https:\/\/corrosionx.com.br\/index.php\/produtos\/","og_locale":"pt_BR","og_type":"article","og_title":"Produtos - CorrosionX","og_description":"Corrosion X for Guns DESCRI\u00c7\u00c3O DO PRODUTO: For Guns: pr\u00e1tica embalagem almotolia n\u00e3o aerossol de 30 ml. \u00c9 o mesmo produto que o CorrosionX Marine, por","og_url":"https:\/\/corrosionx.com.br\/index.php\/produtos\/","og_site_name":"CorrosionX","article_publisher":"https:\/\/www.facebook.com\/CorrosionXBrasil","article_modified_time":"2020-05-07T23:16:51+00:00","og_image":[{"url":"http:\/\/corrosionx.com.br\/imagens\/Foto-Almotolia-30-ml-nova-peq.jpg","type":"","width":"","height":""}],"twitter_card":"summary_large_image","twitter_misc":{"Est. tempo de leitura":"1 minuto"},"schema":{"@context":"https:\/\/schema.org","@graph":[{"@type":"WebPage","@id":"https:\/\/corrosionx.com.br\/index.php\/produtos\/","url":"https:\/\/corrosionx.com.br\/index.php\/produtos\/","name":"Produtos - CorrosionX","isPartOf":{"@id":"https:\/\/corrosionx.com.br\/#website"},"primaryImageOfPage":{"@id":"https:\/\/corrosionx.com.br\/index.php\/produtos\/#primaryimage"},"image":{"@id":"https:\/\/corrosionx.com.br\/index.php\/produtos\/#primaryimage"},"thumbnailUrl":"http:\/\/corrosionx.com.br\/imagens\/Foto-Almotolia-30-ml-nova-peq.jpg","datePublished":"2020-03-29T13:33:39+00:00","dateModified":"2020-05-07T23:16:51+00:00","breadcrumb":{"@id":"https:\/\/corrosionx.com.br\/index.php\/produtos\/#breadcrumb"},"inLanguage":"pt-BR","potentialAction":[{"@type":"ReadAction","target":["https:\/\/corrosionx.com.br\/index.php\/produtos\/"]}]},{"@type":"ImageObject","inLanguage":"pt-BR","@id":"https:\/\/corrosionx.com.br\/index.php\/produtos\/#primaryimage","url":"","contentUrl":""},{"@type":"BreadcrumbList","@id":"https:\/\/corrosionx.com.br\/index.php\/produtos\/#breadcrumb","itemListElement":[{"@type":"ListItem","position":1,"name":"In\u00edcio","item":"https:\/\/corrosionx.com.br\/"},{"@type":"ListItem","position":2,"name":"Produtos"}]},{"@type":"WebSite","@id":"https:\/\/corrosionx.com.br\/#website","url":"https:\/\/corrosionx.com.br\/","name":"CorrosionX","description":"Lubrificante de alta performance","publisher":{"@id":"https:\/\/corrosionx.com.br\/#organization"},"potentialAction":[{"@type":"SearchAction","target":{"@type":"EntryPoint","urlTemplate":"https:\/\/corrosionx.com.br\/?s={search_term_string}"},"query-input":{"@type":"PropertyValueSpecification","valueRequired":true,"valueName":"search_term_string"}}],"inLanguage":"pt-BR"},{"@type":"Organization","@id":"https:\/\/corrosionx.com.br\/#organization","name":"CorrosionX","url":"https:\/\/corrosionx.com.br\/","logo":{"@type":"ImageObject","inLanguage":"pt-BR","@id":"https:\/\/corrosionx.com.br\/#\/schema\/logo\/image\/","url":"https:\/\/corrosionx.com.br\/wp-content\/uploads\/2020\/03\/logo-peq.jpg","contentUrl":"https:\/\/corrosionx.com.br\/wp-content\/uploads\/2020\/03\/logo-peq.jpg","width":220,"height":40,"caption":"CorrosionX"},"image":{"@id":"https:\/\/corrosionx.com.br\/#\/schema\/logo\/image\/"},"sameAs":["https:\/\/www.facebook.com\/CorrosionXBrasil","https:\/\/www.instagram.com\/corrosionx\/"]}]}},"_links":{"self":[{"href":"https:\/\/corrosionx.com.br\/index.php\/wp-json\/wp\/v2\/pages\/48","targetHints":{"allow":["GET"]}}],"collection":[{"href":"https:\/\/corrosionx.com.br\/index.php\/wp-json\/wp\/v2\/pages"}],"about":[{"href":"https:\/\/corrosionx.com.br\/index.php\/wp-json\/wp\/v2\/types\/page"}],"author":[{"embeddable":true,"href":"https:\/\/corrosionx.com.br\/index.php\/wp-json\/wp\/v2\/users\/1"}],"replies":[{"embeddable":true,"href":"https:\/\/corrosionx.com.br\/index.php\/wp-json\/wp\/v2\/comments?post=48"}],"version-history":[{"count":4,"href":"https:\/\/corrosionx.com.br\/index.php\/wp-json\/wp\/v2\/pages\/48\/revisions"}],"predecessor-version":[{"id":237,"href":"https:\/\/corrosionx.com.br\/index.php\/wp-json\/wp\/v2\/pages\/48\/revisions\/237"}],"wp:attachment":[{"href":"https:\/\/corrosionx.com.br\/index.php\/wp-json\/wp\/v2\/media?parent=48"}],"curies":[{"name":"wp","href":"https:\/\/api.w.org\/{rel}","templated":true}]}}