{"id":454,"date":"2023-02-09T16:06:54","date_gmt":"2023-02-09T19:06:54","guid":{"rendered":"http:\/\/corrosionx.com.br\/?page_id=454"},"modified":"2025-11-10T09:05:40","modified_gmt":"2025-11-10T12:05:40","slug":"guia-de-aplicacao-para-ar-condicionado","status":"publish","type":"page","link":"https:\/\/corrosionx.com.br\/index.php\/guia-de-aplicacao-para-ar-condicionado\/","title":{"rendered":"Guia de aplica\u00e7\u00e3o para ar condicionado"},"content":{"rendered":"\n<p>Equipamentos de refrigera\u00e7\u00e3o, por normalmente ficarem em \u00e1reas externas e expostos ao tempo, principalmente em \u00e1reas litor\u00e2neas, s\u00e3o equipamentos que sofrem muito com a corros\u00e3o.<\/p>\n\n\n\n<p>Elaboramos esse pequeno guia, que, com o uso do <strong><em>CorrosionX<\/em><\/strong>, vai auxiliar seus equipamentos a durarem muito mais.<\/p>\n\n\n\n<p>S\u00e3o mencionados dois produtos, e voc\u00ea pode obter mais informa\u00e7\u00f5es sobre cada um deles acessando o link correspondente:<\/p>\n\n\n\n<div class=\"wp-block-media-text alignwide is-stacked-on-mobile\" style=\"grid-template-columns:15% auto\"><figure class=\"wp-block-media-text__media\"><img loading=\"lazy\" decoding=\"async\" width=\"365\" height=\"493\" src=\"http:\/\/corrosionx.com.br\/wp-content\/uploads\/2023\/02\/Marine-HD-72-dpi.jpg\" alt=\"\" class=\"wp-image-476 size-full\" srcset=\"https:\/\/corrosionx.com.br\/wp-content\/uploads\/2023\/02\/Marine-HD-72-dpi.jpg 365w, https:\/\/corrosionx.com.br\/wp-content\/uploads\/2023\/02\/Marine-HD-72-dpi-222x300.jpg 222w\" sizes=\"auto, (max-width: 365px) 100vw, 365px\" \/><\/figure><div class=\"wp-block-media-text__content\">\n<ul class=\"wp-block-list\">\n<li><strong><em><a rel=\"noreferrer noopener\" href=\"http:\/\/corrosionx.com.br\/index.php\/corrosionx-marine\/\" target=\"_blank\"><mark style=\"background-color:rgba(0, 0, 0, 0)\" class=\"has-inline-color has-black-color\">CorrosionX Marine<\/mark><\/a><\/em><\/strong> (lata vermelha)<\/li>\n\n\n\n<li><strong><em><a rel=\"noreferrer noopener\" href=\"http:\/\/corrosionx.com.br\/index.php\/corrosionx-heavy-duty\/\" target=\"_blank\"><mark style=\"background-color:rgba(0, 0, 0, 0)\" class=\"has-inline-color has-black-color\">CorrosionX Heavy Duty<\/mark><\/a><\/em><\/strong> (lata verde)<\/li>\n<\/ul>\n<\/div><\/div>\n\n\n\n<p>A frequ\u00eancia aplica\u00e7\u00e3o varia bastante caso a caso, pois ora os equipamentos est\u00e3o em regi\u00e3o litor\u00e2nea, ora poder\u00e3o estar em \u00e1reas abrigadas fora do alcance da maresia. Cabe ao usu\u00e1rio criar um protocolo de reaplica\u00e7\u00e3o para cada caso. Nos piores casos (sob influ\u00eancia de maresia e expostos \u00e0 chuva e sol), fazer uma inspe\u00e7\u00e3o semestral.<\/p>\n\n\n\n<p>Caso j\u00e1 haja corros\u00e3o instalada, recomendamos o procedimento da &#8220;dupla aplica\u00e7\u00e3o&#8221;, da seguinte forma: aplicar e uma fina camada do&nbsp;<strong><em>Corrosion<mark style=\"background-color:rgba(0, 0, 0, 0)\" class=\"has-inline-color has-vivid-red-color\">X<\/mark><\/em><\/strong>&nbsp;<strong><em>Marine <\/em><\/strong>para que o produto ultrapasse a camada oxidada e se fixe no metal n\u00e3o oxidado. Ap\u00f3s alguns minutos aplicar por cima o&nbsp;<strong><em>Corrosion<mark style=\"background-color:rgba(0, 0, 0, 0)\" class=\"has-inline-color has-vivid-red-color\">X<\/mark><\/em><\/strong>&nbsp;<strong><em>Heavy Duty<\/em><\/strong>. Essa t\u00e9cnica garante efici\u00eancia m\u00e1xima na prote\u00e7\u00e3o.<\/p>\n\n\n\n<p>Outras dicas e informa\u00e7\u00f5es sobre o <strong><em>Corrosion<strong><em><mark style=\"background-color:rgba(0, 0, 0, 0)\" class=\"has-inline-color has-vivid-red-color\">X<\/mark><\/em><\/strong><\/em><\/strong> podem ser vistas em nossa p\u00e1gina de <a rel=\"noreferrer noopener\" href=\"http:\/\/corrosionx.com.br\/index.php\/faq\/\" target=\"_blank\">perguntas frequentes<\/a>.<\/p>\n\n\n\n<p>N\u00e3o realizamos venda direta para o consumidor. Para compras no varejo, consulte nossa <a rel=\"noreferrer noopener\" href=\"http:\/\/corrosionx.com.br\/index.php\/onde-comprar\/\" target=\"_blank\">LISTA DE REVENDAS<\/a>, atendemos apenas CNPJ. Para uso profissional e revendas entre em contato pelo email <a href=\"mailto:info@corrosionx.com.br\" target=\"_blank\" rel=\"noreferrer noopener\">info@corrosionx.com.br<\/a> ou ent\u00e3o pelo whatsapp, no canto inferior da tela. <\/p>\n\n\n\n<div class=\"wp-block-media-text alignwide is-stacked-on-mobile\"><figure class=\"wp-block-media-text__media\"><img loading=\"lazy\" decoding=\"async\" width=\"1000\" height=\"691\" src=\"http:\/\/corrosionx.com.br\/wp-content\/uploads\/2023\/02\/gabinete-1.jpg\" alt=\"\" class=\"wp-image-459 size-full\" srcset=\"https:\/\/corrosionx.com.br\/wp-content\/uploads\/2023\/02\/gabinete-1.jpg 1000w, https:\/\/corrosionx.com.br\/wp-content\/uploads\/2023\/02\/gabinete-1-300x207.jpg 300w, https:\/\/corrosionx.com.br\/wp-content\/uploads\/2023\/02\/gabinete-1-768x531.jpg 768w\" sizes=\"auto, (max-width: 1000px) 100vw, 1000px\" \/><\/figure><div class=\"wp-block-media-text__content\">\n<p><em>Gabinetes Met\u00e1licos:<\/em> aplicar o produto <strong><em>CorrosionX Heavy Duty<\/em><\/strong>, principalmente na parte interna da base. Limpe ou lave com \u00e1gua e detergente toda a sujeira existente para um melhor resultado. Aguardar secar completamente antes da aplica\u00e7\u00e3o.<\/p>\n<\/div><\/div>\n\n\n\n<div class=\"wp-block-media-text alignwide has-media-on-the-right is-stacked-on-mobile\"><div class=\"wp-block-media-text__content\">\n<p><em>Serpentina da condensadora:<\/em> limpar com produto adequado e aplicar uma fina camada do <strong><em>CorrosionX Heavy Duty<\/em><\/strong>. N\u00e3o esquecer de aplicar nas laterais. Dar especial aten\u00e7\u00e3o na jun\u00e7\u00e3o da tubula\u00e7\u00e3o por onde passa o g\u00e1s com as aletas dissipadoras.<\/p>\n<\/div><figure class=\"wp-block-media-text__media\"><img loading=\"lazy\" decoding=\"async\" width=\"1000\" height=\"1000\" src=\"http:\/\/corrosionx.com.br\/wp-content\/uploads\/2023\/02\/serpentina_condensadora.jpg\" alt=\"\" class=\"wp-image-462 size-full\" srcset=\"https:\/\/corrosionx.com.br\/wp-content\/uploads\/2023\/02\/serpentina_condensadora.jpg 1000w, https:\/\/corrosionx.com.br\/wp-content\/uploads\/2023\/02\/serpentina_condensadora-300x300.jpg 300w, https:\/\/corrosionx.com.br\/wp-content\/uploads\/2023\/02\/serpentina_condensadora-150x150.jpg 150w, https:\/\/corrosionx.com.br\/wp-content\/uploads\/2023\/02\/serpentina_condensadora-768x768.jpg 768w\" sizes=\"auto, (max-width: 1000px) 100vw, 1000px\" \/><\/figure><\/div>\n\n\n\n<div class=\"wp-block-media-text alignwide is-stacked-on-mobile\" style=\"grid-template-columns:39% auto\"><figure class=\"wp-block-media-text__media\"><img loading=\"lazy\" decoding=\"async\" width=\"1024\" height=\"1024\" src=\"http:\/\/corrosionx.com.br\/wp-content\/uploads\/2023\/02\/suporte-1024x1024.jpg\" alt=\"\" class=\"wp-image-463 size-full\" srcset=\"https:\/\/corrosionx.com.br\/wp-content\/uploads\/2023\/02\/suporte-1024x1024.jpg 1024w, https:\/\/corrosionx.com.br\/wp-content\/uploads\/2023\/02\/suporte-300x300.jpg 300w, https:\/\/corrosionx.com.br\/wp-content\/uploads\/2023\/02\/suporte-150x150.jpg 150w, https:\/\/corrosionx.com.br\/wp-content\/uploads\/2023\/02\/suporte-768x768.jpg 768w, https:\/\/corrosionx.com.br\/wp-content\/uploads\/2023\/02\/suporte.jpg 1200w\" sizes=\"auto, (max-width: 1024px) 100vw, 1024px\" \/><\/figure><div class=\"wp-block-media-text__content\">\n<p><em>Suportes:<\/em> efetuar uma boa lavagem, aguardar secar e aplicar o produto <strong><em>CorrosionX Heavy Duty<\/em><\/strong>.<\/p>\n<\/div><\/div>\n\n\n\n<div class=\"wp-block-media-text alignwide has-media-on-the-right is-stacked-on-mobile\"><div class=\"wp-block-media-text__content\">\n<p><em>Placas eletr\u00f4nicas:<\/em> remover o m\u00e1ximo poss\u00edvel do p\u00f3 com um pincel limpo (ou compressor) e aplicar o produto <strong><em>CorrosionX Marine<\/em><\/strong>. Dica: coletar o produto aerossol na pr\u00f3pria tampa da lata e aplicar com um pincel. Ou aplicar diretamente com a lata aerossol.<\/p>\n<\/div><figure class=\"wp-block-media-text__media\"><img loading=\"lazy\" decoding=\"async\" width=\"1024\" height=\"462\" src=\"http:\/\/corrosionx.com.br\/wp-content\/uploads\/2023\/02\/Placa-3-1024x462.jpg\" alt=\"\" class=\"wp-image-461 size-full\" srcset=\"https:\/\/corrosionx.com.br\/wp-content\/uploads\/2023\/02\/Placa-3-1024x462.jpg 1024w, https:\/\/corrosionx.com.br\/wp-content\/uploads\/2023\/02\/Placa-3-300x135.jpg 300w, https:\/\/corrosionx.com.br\/wp-content\/uploads\/2023\/02\/Placa-3-768x346.jpg 768w, https:\/\/corrosionx.com.br\/wp-content\/uploads\/2023\/02\/Placa-3-1536x692.jpg 1536w, https:\/\/corrosionx.com.br\/wp-content\/uploads\/2023\/02\/Placa-3-2048x923.jpg 2048w\" sizes=\"auto, (max-width: 1024px) 100vw, 1024px\" \/><\/figure><\/div>\n\n\n\n<div class=\"wp-block-media-text alignwide is-stacked-on-mobile\" style=\"grid-template-columns:46% auto\"><figure class=\"wp-block-media-text__media\"><img loading=\"lazy\" decoding=\"async\" width=\"1024\" height=\"575\" src=\"http:\/\/corrosionx.com.br\/wp-content\/uploads\/2023\/02\/controle-remoto-1024x575.jpeg\" alt=\"\" class=\"wp-image-464 size-full\" srcset=\"https:\/\/corrosionx.com.br\/wp-content\/uploads\/2023\/02\/controle-remoto-1024x575.jpeg 1024w, https:\/\/corrosionx.com.br\/wp-content\/uploads\/2023\/02\/controle-remoto-300x169.jpeg 300w, https:\/\/corrosionx.com.br\/wp-content\/uploads\/2023\/02\/controle-remoto-768x431.jpeg 768w, https:\/\/corrosionx.com.br\/wp-content\/uploads\/2023\/02\/controle-remoto.jpeg 1280w\" sizes=\"auto, (max-width: 1024px) 100vw, 1024px\" \/><\/figure><div class=\"wp-block-media-text__content\">\n<p><em>Controle remoto:<\/em> uma gota do <strong><em>CorrosionX Marine<\/em><\/strong> melhora a conex\u00e3o e evita a oxida\u00e7\u00e3o.<\/p>\n<\/div><\/div>\n\n\n\n<div class=\"wp-block-media-text alignwide has-media-on-the-right is-stacked-on-mobile\" style=\"grid-template-columns:auto 27%\"><div class=\"wp-block-media-text__content\">\n<p><em>Conex\u00f5es das tubula\u00e7\u00f5es:<\/em> embora sejam feitas de material nobre e pouco sujeitas \u00e0 corros\u00e3o, a aplica\u00e7\u00e3o do <strong><em>CorrosionX Heavy Duty<\/em><\/strong> vai ajudar a mant\u00ea-las com apar\u00eancia de novas por muito mais tempo.<\/p>\n<\/div><figure class=\"wp-block-media-text__media\"><img loading=\"lazy\" decoding=\"async\" width=\"768\" height=\"1024\" src=\"http:\/\/corrosionx.com.br\/wp-content\/uploads\/2023\/02\/Conexoes-do-gas-768x1024.jpeg\" alt=\"\" class=\"wp-image-457 size-full\" srcset=\"https:\/\/corrosionx.com.br\/wp-content\/uploads\/2023\/02\/Conexoes-do-gas-768x1024.jpeg 768w, https:\/\/corrosionx.com.br\/wp-content\/uploads\/2023\/02\/Conexoes-do-gas-225x300.jpeg 225w, https:\/\/corrosionx.com.br\/wp-content\/uploads\/2023\/02\/Conexoes-do-gas-1152x1536.jpeg 1152w, https:\/\/corrosionx.com.br\/wp-content\/uploads\/2023\/02\/Conexoes-do-gas.jpeg 1536w\" sizes=\"auto, (max-width: 768px) 100vw, 768px\" \/><\/figure><\/div>\n\n\n\n<div class=\"wp-block-media-text alignwide is-stacked-on-mobile\" style=\"grid-template-columns:33% auto\"><figure class=\"wp-block-media-text__media\"><img loading=\"lazy\" decoding=\"async\" width=\"1024\" height=\"768\" src=\"http:\/\/corrosionx.com.br\/wp-content\/uploads\/2023\/02\/Parafusos-da-base-1024x768.jpeg\" alt=\"\" class=\"wp-image-460 size-full\" srcset=\"https:\/\/corrosionx.com.br\/wp-content\/uploads\/2023\/02\/Parafusos-da-base-1024x768.jpeg 1024w, https:\/\/corrosionx.com.br\/wp-content\/uploads\/2023\/02\/Parafusos-da-base-300x225.jpeg 300w, https:\/\/corrosionx.com.br\/wp-content\/uploads\/2023\/02\/Parafusos-da-base-768x576.jpeg 768w, https:\/\/corrosionx.com.br\/wp-content\/uploads\/2023\/02\/Parafusos-da-base-1536x1152.jpeg 1536w, https:\/\/corrosionx.com.br\/wp-content\/uploads\/2023\/02\/Parafusos-da-base.jpeg 2048w\" sizes=\"auto, (max-width: 1024px) 100vw, 1024px\" \/><\/figure><div class=\"wp-block-media-text__content\">\n<p><em>Parafusos de fixa\u00e7\u00e3o:<\/em> parafusos de baixa qualidade corroem com facilidade e podem causar um acidente. Aplique o produto <strong><em>CorrosionX Heavy Duty<\/em><\/strong> para mant\u00ea-los como novos.<\/p>\n<\/div><\/div>\n\n\n\n<div class=\"wp-block-media-text alignwide has-media-on-the-right is-stacked-on-mobile\" style=\"grid-template-columns:auto 32%\"><div class=\"wp-block-media-text__content\">\n<p><em>Conex\u00f5es el\u00e9tricas:<\/em> Aplique o produto <strong><em>CorrosionX Heavy Duty<\/em><\/strong> para mant\u00ea-los como novos e ajudar a evitar mau contato.<\/p>\n<\/div><figure class=\"wp-block-media-text__media\"><img loading=\"lazy\" decoding=\"async\" width=\"768\" height=\"1024\" src=\"http:\/\/corrosionx.com.br\/wp-content\/uploads\/2023\/02\/Conexoes-eletricas-768x1024.jpeg\" alt=\"\" class=\"wp-image-458 size-full\" srcset=\"https:\/\/corrosionx.com.br\/wp-content\/uploads\/2023\/02\/Conexoes-eletricas-768x1024.jpeg 768w, https:\/\/corrosionx.com.br\/wp-content\/uploads\/2023\/02\/Conexoes-eletricas-225x300.jpeg 225w, https:\/\/corrosionx.com.br\/wp-content\/uploads\/2023\/02\/Conexoes-eletricas-1152x1536.jpeg 1152w, https:\/\/corrosionx.com.br\/wp-content\/uploads\/2023\/02\/Conexoes-eletricas.jpeg 1536w\" sizes=\"auto, (max-width: 768px) 100vw, 768px\" \/><\/figure><\/div>\n\n\n\n<div class=\"wp-block-media-text alignwide is-stacked-on-mobile\"><figure class=\"wp-block-media-text__media\"><img loading=\"lazy\" decoding=\"async\" width=\"1000\" height=\"1000\" src=\"http:\/\/corrosionx.com.br\/wp-content\/uploads\/2023\/02\/Ar-Condicionado-Janela.jpg\" alt=\"\" class=\"wp-image-456 size-full\" srcset=\"https:\/\/corrosionx.com.br\/wp-content\/uploads\/2023\/02\/Ar-Condicionado-Janela.jpg 1000w, https:\/\/corrosionx.com.br\/wp-content\/uploads\/2023\/02\/Ar-Condicionado-Janela-300x300.jpg 300w, https:\/\/corrosionx.com.br\/wp-content\/uploads\/2023\/02\/Ar-Condicionado-Janela-150x150.jpg 150w, https:\/\/corrosionx.com.br\/wp-content\/uploads\/2023\/02\/Ar-Condicionado-Janela-768x768.jpg 768w\" sizes=\"auto, (max-width: 1000px) 100vw, 1000px\" \/><\/figure><div class=\"wp-block-media-text__content\">\n<p><em>Equipamentos &#8220;de janela&#8221;:<\/em> caso seu aparelho seja desse tipo, realizar a aplica\u00e7\u00e3o de maneira an\u00e1loga aos modelos split.<\/p>\n<\/div><\/div>\n\n\n\n<p>Seguindo essas instru\u00e7\u00f5es seu ar condicionado vai durar muito mais.<\/p>\n\n\n\n<p>N\u00e3o deixe de visitar nossa p\u00e1gina <a href=\"http:\/\/corrosionx.com.br\/index.php\/faq\/\" target=\"_blank\" rel=\"noreferrer noopener\">FAQ<\/a>, muitas d\u00favidas podem j\u00e1 estar respondidas.<\/p>\n\n\n\n<p>Veja onde adquirir o seu na p\u00e1gina <a href=\"https:\/\/corrosionx.com.br\/index.php\/onde-comprar\/\">Onde Comprar<\/a>.<\/p>\n\n\n\n<p>Para compras corporativas ou revendas, <a href=\"https:\/\/api.whatsapp.com\/send\/?phone=5511992133929&amp;text&amp;type=phone_number&amp;app_absent=0\">entre em contato diretamente conosco<\/a>.<\/p>\n","protected":false},"excerpt":{"rendered":"<p>Equipamentos de refrigera\u00e7\u00e3o, por normalmente ficarem em \u00e1reas externas e expostos ao tempo, principalmente em \u00e1reas litor\u00e2neas, s\u00e3o equipamentos que<\/p>\n","protected":false},"author":1,"featured_media":0,"parent":0,"menu_order":0,"comment_status":"closed","ping_status":"closed","template":"","meta":{"footnotes":""},"class_list":["post-454","page","type-page","status-publish","hentry"],"yoast_head":"<!-- This site is optimized with the Yoast SEO plugin v27.4 - https:\/\/yoast.com\/product\/yoast-seo-wordpress\/ -->\n<title>Prevenir ferrugem em ar condicionado \u2014 CorrosionX<\/title>\n<meta name=\"description\" content=\"Como prevenir a corros\u00e3o em condicionadores de ar, condensadoras, pain\u00e9is, contato el\u00e9trico e conex\u00f5es. Ideal para manuten\u00e7\u00e3o predial.\" \/>\n<meta name=\"robots\" content=\"index, follow, max-snippet:-1, max-image-preview:large, max-video-preview:-1\" \/>\n<link rel=\"canonical\" href=\"https:\/\/corrosionx.com.br\/index.php\/guia-de-aplicacao-para-ar-condicionado\/\" \/>\n<meta property=\"og:locale\" content=\"pt_BR\" \/>\n<meta property=\"og:type\" content=\"article\" \/>\n<meta property=\"og:title\" content=\"Prevenir ferrugem em ar condicionado \u2014 CorrosionX\" \/>\n<meta property=\"og:description\" content=\"Como prevenir a corros\u00e3o em condicionadores de ar, condensadoras, pain\u00e9is, contato el\u00e9trico e conex\u00f5es. Ideal para manuten\u00e7\u00e3o predial.\" \/>\n<meta property=\"og:url\" content=\"https:\/\/corrosionx.com.br\/index.php\/guia-de-aplicacao-para-ar-condicionado\/\" \/>\n<meta property=\"og:site_name\" content=\"CorrosionX\" \/>\n<meta property=\"article:publisher\" content=\"https:\/\/www.facebook.com\/CorrosionXBrasil\" \/>\n<meta property=\"article:modified_time\" content=\"2025-11-10T12:05:40+00:00\" \/>\n<meta property=\"og:image\" content=\"https:\/\/corrosionx.com.br\/wp-content\/uploads\/2023\/02\/Marine-HD-72-dpi.jpg\" \/>\n\t<meta property=\"og:image:width\" content=\"365\" \/>\n\t<meta property=\"og:image:height\" content=\"493\" \/>\n\t<meta property=\"og:image:type\" content=\"image\/jpeg\" \/>\n<meta name=\"twitter:card\" content=\"summary_large_image\" \/>\n<meta name=\"twitter:label1\" content=\"Est. tempo de leitura\" \/>\n\t<meta name=\"twitter:data1\" content=\"5 minutos\" \/>\n<script type=\"application\/ld+json\" class=\"yoast-schema-graph\">{\"@context\":\"https:\\\/\\\/schema.org\",\"@graph\":[{\"@type\":\"WebPage\",\"@id\":\"https:\\\/\\\/corrosionx.com.br\\\/index.php\\\/guia-de-aplicacao-para-ar-condicionado\\\/\",\"url\":\"https:\\\/\\\/corrosionx.com.br\\\/index.php\\\/guia-de-aplicacao-para-ar-condicionado\\\/\",\"name\":\"Prevenir ferrugem em ar condicionado \u2014 CorrosionX\",\"isPartOf\":{\"@id\":\"https:\\\/\\\/corrosionx.com.br\\\/#website\"},\"primaryImageOfPage\":{\"@id\":\"https:\\\/\\\/corrosionx.com.br\\\/index.php\\\/guia-de-aplicacao-para-ar-condicionado\\\/#primaryimage\"},\"image\":{\"@id\":\"https:\\\/\\\/corrosionx.com.br\\\/index.php\\\/guia-de-aplicacao-para-ar-condicionado\\\/#primaryimage\"},\"thumbnailUrl\":\"http:\\\/\\\/corrosionx.com.br\\\/wp-content\\\/uploads\\\/2023\\\/02\\\/Marine-HD-72-dpi.jpg\",\"datePublished\":\"2023-02-09T19:06:54+00:00\",\"dateModified\":\"2025-11-10T12:05:40+00:00\",\"description\":\"Como prevenir a corros\u00e3o em condicionadores de ar, condensadoras, pain\u00e9is, contato el\u00e9trico e conex\u00f5es. Ideal para manuten\u00e7\u00e3o predial.\",\"breadcrumb\":{\"@id\":\"https:\\\/\\\/corrosionx.com.br\\\/index.php\\\/guia-de-aplicacao-para-ar-condicionado\\\/#breadcrumb\"},\"inLanguage\":\"pt-BR\",\"potentialAction\":[{\"@type\":\"ReadAction\",\"target\":[\"https:\\\/\\\/corrosionx.com.br\\\/index.php\\\/guia-de-aplicacao-para-ar-condicionado\\\/\"]}]},{\"@type\":\"ImageObject\",\"inLanguage\":\"pt-BR\",\"@id\":\"https:\\\/\\\/corrosionx.com.br\\\/index.php\\\/guia-de-aplicacao-para-ar-condicionado\\\/#primaryimage\",\"url\":\"https:\\\/\\\/corrosionx.com.br\\\/wp-content\\\/uploads\\\/2023\\\/02\\\/Marine-HD-72-dpi.jpg\",\"contentUrl\":\"https:\\\/\\\/corrosionx.com.br\\\/wp-content\\\/uploads\\\/2023\\\/02\\\/Marine-HD-72-dpi.jpg\",\"width\":365,\"height\":493},{\"@type\":\"BreadcrumbList\",\"@id\":\"https:\\\/\\\/corrosionx.com.br\\\/index.php\\\/guia-de-aplicacao-para-ar-condicionado\\\/#breadcrumb\",\"itemListElement\":[{\"@type\":\"ListItem\",\"position\":1,\"name\":\"In\u00edcio\",\"item\":\"https:\\\/\\\/corrosionx.com.br\\\/\"},{\"@type\":\"ListItem\",\"position\":2,\"name\":\"Guia de aplica\u00e7\u00e3o para ar condicionado\"}]},{\"@type\":\"WebSite\",\"@id\":\"https:\\\/\\\/corrosionx.com.br\\\/#website\",\"url\":\"https:\\\/\\\/corrosionx.com.br\\\/\",\"name\":\"CorrosionX\",\"description\":\"Lubrificante de alta performance\",\"publisher\":{\"@id\":\"https:\\\/\\\/corrosionx.com.br\\\/#organization\"},\"potentialAction\":[{\"@type\":\"SearchAction\",\"target\":{\"@type\":\"EntryPoint\",\"urlTemplate\":\"https:\\\/\\\/corrosionx.com.br\\\/?s={search_term_string}\"},\"query-input\":{\"@type\":\"PropertyValueSpecification\",\"valueRequired\":true,\"valueName\":\"search_term_string\"}}],\"inLanguage\":\"pt-BR\"},{\"@type\":\"Organization\",\"@id\":\"https:\\\/\\\/corrosionx.com.br\\\/#organization\",\"name\":\"CorrosionX\",\"url\":\"https:\\\/\\\/corrosionx.com.br\\\/\",\"logo\":{\"@type\":\"ImageObject\",\"inLanguage\":\"pt-BR\",\"@id\":\"https:\\\/\\\/corrosionx.com.br\\\/#\\\/schema\\\/logo\\\/image\\\/\",\"url\":\"https:\\\/\\\/corrosionx.com.br\\\/wp-content\\\/uploads\\\/2020\\\/03\\\/logo-peq.jpg\",\"contentUrl\":\"https:\\\/\\\/corrosionx.com.br\\\/wp-content\\\/uploads\\\/2020\\\/03\\\/logo-peq.jpg\",\"width\":220,\"height\":40,\"caption\":\"CorrosionX\"},\"image\":{\"@id\":\"https:\\\/\\\/corrosionx.com.br\\\/#\\\/schema\\\/logo\\\/image\\\/\"},\"sameAs\":[\"https:\\\/\\\/www.facebook.com\\\/CorrosionXBrasil\",\"https:\\\/\\\/www.instagram.com\\\/corrosionx\\\/\"]}]}<\/script>\n<!-- \/ Yoast SEO plugin. -->","yoast_head_json":{"title":"Prevenir ferrugem em ar condicionado \u2014 CorrosionX","description":"Como prevenir a corros\u00e3o em condicionadores de ar, condensadoras, pain\u00e9is, contato el\u00e9trico e conex\u00f5es. Ideal para manuten\u00e7\u00e3o predial.","robots":{"index":"index","follow":"follow","max-snippet":"max-snippet:-1","max-image-preview":"max-image-preview:large","max-video-preview":"max-video-preview:-1"},"canonical":"https:\/\/corrosionx.com.br\/index.php\/guia-de-aplicacao-para-ar-condicionado\/","og_locale":"pt_BR","og_type":"article","og_title":"Prevenir ferrugem em ar condicionado \u2014 CorrosionX","og_description":"Como prevenir a corros\u00e3o em condicionadores de ar, condensadoras, pain\u00e9is, contato el\u00e9trico e conex\u00f5es. Ideal para manuten\u00e7\u00e3o predial.","og_url":"https:\/\/corrosionx.com.br\/index.php\/guia-de-aplicacao-para-ar-condicionado\/","og_site_name":"CorrosionX","article_publisher":"https:\/\/www.facebook.com\/CorrosionXBrasil","article_modified_time":"2025-11-10T12:05:40+00:00","og_image":[{"width":365,"height":493,"url":"https:\/\/corrosionx.com.br\/wp-content\/uploads\/2023\/02\/Marine-HD-72-dpi.jpg","type":"image\/jpeg"}],"twitter_card":"summary_large_image","twitter_misc":{"Est. tempo de leitura":"5 minutos"},"schema":{"@context":"https:\/\/schema.org","@graph":[{"@type":"WebPage","@id":"https:\/\/corrosionx.com.br\/index.php\/guia-de-aplicacao-para-ar-condicionado\/","url":"https:\/\/corrosionx.com.br\/index.php\/guia-de-aplicacao-para-ar-condicionado\/","name":"Prevenir ferrugem em ar condicionado \u2014 CorrosionX","isPartOf":{"@id":"https:\/\/corrosionx.com.br\/#website"},"primaryImageOfPage":{"@id":"https:\/\/corrosionx.com.br\/index.php\/guia-de-aplicacao-para-ar-condicionado\/#primaryimage"},"image":{"@id":"https:\/\/corrosionx.com.br\/index.php\/guia-de-aplicacao-para-ar-condicionado\/#primaryimage"},"thumbnailUrl":"http:\/\/corrosionx.com.br\/wp-content\/uploads\/2023\/02\/Marine-HD-72-dpi.jpg","datePublished":"2023-02-09T19:06:54+00:00","dateModified":"2025-11-10T12:05:40+00:00","description":"Como prevenir a corros\u00e3o em condicionadores de ar, condensadoras, pain\u00e9is, contato el\u00e9trico e conex\u00f5es. Ideal para manuten\u00e7\u00e3o predial.","breadcrumb":{"@id":"https:\/\/corrosionx.com.br\/index.php\/guia-de-aplicacao-para-ar-condicionado\/#breadcrumb"},"inLanguage":"pt-BR","potentialAction":[{"@type":"ReadAction","target":["https:\/\/corrosionx.com.br\/index.php\/guia-de-aplicacao-para-ar-condicionado\/"]}]},{"@type":"ImageObject","inLanguage":"pt-BR","@id":"https:\/\/corrosionx.com.br\/index.php\/guia-de-aplicacao-para-ar-condicionado\/#primaryimage","url":"https:\/\/corrosionx.com.br\/wp-content\/uploads\/2023\/02\/Marine-HD-72-dpi.jpg","contentUrl":"https:\/\/corrosionx.com.br\/wp-content\/uploads\/2023\/02\/Marine-HD-72-dpi.jpg","width":365,"height":493},{"@type":"BreadcrumbList","@id":"https:\/\/corrosionx.com.br\/index.php\/guia-de-aplicacao-para-ar-condicionado\/#breadcrumb","itemListElement":[{"@type":"ListItem","position":1,"name":"In\u00edcio","item":"https:\/\/corrosionx.com.br\/"},{"@type":"ListItem","position":2,"name":"Guia de aplica\u00e7\u00e3o para ar condicionado"}]},{"@type":"WebSite","@id":"https:\/\/corrosionx.com.br\/#website","url":"https:\/\/corrosionx.com.br\/","name":"CorrosionX","description":"Lubrificante de alta performance","publisher":{"@id":"https:\/\/corrosionx.com.br\/#organization"},"potentialAction":[{"@type":"SearchAction","target":{"@type":"EntryPoint","urlTemplate":"https:\/\/corrosionx.com.br\/?s={search_term_string}"},"query-input":{"@type":"PropertyValueSpecification","valueRequired":true,"valueName":"search_term_string"}}],"inLanguage":"pt-BR"},{"@type":"Organization","@id":"https:\/\/corrosionx.com.br\/#organization","name":"CorrosionX","url":"https:\/\/corrosionx.com.br\/","logo":{"@type":"ImageObject","inLanguage":"pt-BR","@id":"https:\/\/corrosionx.com.br\/#\/schema\/logo\/image\/","url":"https:\/\/corrosionx.com.br\/wp-content\/uploads\/2020\/03\/logo-peq.jpg","contentUrl":"https:\/\/corrosionx.com.br\/wp-content\/uploads\/2020\/03\/logo-peq.jpg","width":220,"height":40,"caption":"CorrosionX"},"image":{"@id":"https:\/\/corrosionx.com.br\/#\/schema\/logo\/image\/"},"sameAs":["https:\/\/www.facebook.com\/CorrosionXBrasil","https:\/\/www.instagram.com\/corrosionx\/"]}]}},"_links":{"self":[{"href":"https:\/\/corrosionx.com.br\/index.php\/wp-json\/wp\/v2\/pages\/454","targetHints":{"allow":["GET"]}}],"collection":[{"href":"https:\/\/corrosionx.com.br\/index.php\/wp-json\/wp\/v2\/pages"}],"about":[{"href":"https:\/\/corrosionx.com.br\/index.php\/wp-json\/wp\/v2\/types\/page"}],"author":[{"embeddable":true,"href":"https:\/\/corrosionx.com.br\/index.php\/wp-json\/wp\/v2\/users\/1"}],"replies":[{"embeddable":true,"href":"https:\/\/corrosionx.com.br\/index.php\/wp-json\/wp\/v2\/comments?post=454"}],"version-history":[{"count":18,"href":"https:\/\/corrosionx.com.br\/index.php\/wp-json\/wp\/v2\/pages\/454\/revisions"}],"predecessor-version":[{"id":699,"href":"https:\/\/corrosionx.com.br\/index.php\/wp-json\/wp\/v2\/pages\/454\/revisions\/699"}],"wp:attachment":[{"href":"https:\/\/corrosionx.com.br\/index.php\/wp-json\/wp\/v2\/media?parent=454"}],"curies":[{"name":"wp","href":"https:\/\/api.w.org\/{rel}","templated":true}]}}