{"id":43,"date":"2020-03-29T10:27:24","date_gmt":"2020-03-29T13:27:24","guid":{"rendered":"http:\/\/corrosionx.com.br\/?page_id=43"},"modified":"2024-04-26T21:00:45","modified_gmt":"2024-04-27T00:00:45","slug":"guias","status":"publish","type":"page","link":"https:\/\/corrosionx.com.br\/index.php\/guias\/","title":{"rendered":"Guias de Aplica\u00e7\u00f5es"},"content":{"rendered":"\n<h2 class=\"wp-block-heading\">Aqui voc\u00ea encontra algumas orienta\u00e7\u00f5es para aplica\u00e7\u00e3o do <em>CorrosionX<\/em><\/h2>\n\n\n\n<p><a href=\"http:\/\/corrosionx.com.br\/index.php\/guia-de-aplicacao-para-ar-condicionado\/\" target=\"_blank\" rel=\"noreferrer noopener\">Guia de aplica\u00e7\u00e3o para equipamentos de ar condicionado<\/a><a href=\"http:\/\/corrosionx.com.br\/index.php\/guia-de-aplicacao-para-ar-condicionado\/\">.<\/a><\/p>\n\n\n\n<p><a href=\"http:\/\/corrosionx.com.br\/index.php\/guia-da-prevencao-contra-corrosao-em-embarcacoes\/\" target=\"_blank\" rel=\"noreferrer noopener\">Guia de aplica\u00e7\u00f5es para embarca\u00e7\u00f5es.<\/a><\/p>\n\n\n\n<p><a href=\"http:\/\/corrosionx.com.br\/arquivos\/guias\/guia_motocicletas.pdf\" target=\"_blank\" rel=\"noreferrer noopener\">Guia de aplica\u00e7\u00e3o para motocicletas.<\/a><\/p>\n\n\n\n<p><a href=\"http:\/\/corrosionx.com.br\/arquivos\/guias\/guia_domestico.pdf\" target=\"_blank\" rel=\"noreferrer noopener\">Guia de aplica\u00e7\u00e3o para uso residencial.<\/a><\/p>\n\n\n\n<p><a rel=\"noreferrer noopener\" href=\"https:\/\/www.youtube.com\/watch?v=gUlKAZCzfqA&amp;t=28s\" target=\"_blank\">Desmontagem e lubrifica\u00e7\u00e3o para pistolas.<\/a><\/p>\n\n\n\n<p><a rel=\"noreferrer noopener\" href=\"https:\/\/youtu.be\/6TZiT8S1AJ8\" target=\"_blank\">Como fazer a desmontagem e limpeza de uma pistola G2C<\/a><a href=\"https:\/\/youtu.be\/6TZiT8S1AJ8\">.<\/a><\/p>\n\n\n\n<p><a rel=\"noreferrer noopener\" href=\"http:\/\/corrosionx.com.br\/index.php\/bike\/\" target=\"_blank\">Orienta\u00e7\u00f5es para aplica\u00e7\u00f5es em bicicletas<\/a><\/p>\n\n\n\n<p><a href=\"https:\/\/corrosionx.com.br\/index.php\/conexoes\/\" data-type=\"page\" data-id=\"716\" target=\"_blank\" rel=\"noreferrer noopener\">Aplica\u00e7\u00e3o em conex\u00f5es eletro\/eletr\u00f4nicas<\/a><\/p>\n","protected":false},"excerpt":{"rendered":"<p>Aqui voc\u00ea encontra algumas orienta\u00e7\u00f5es para aplica\u00e7\u00e3o do CorrosionX Guia de aplica\u00e7\u00e3o para equipamentos de ar condicionado. Guia de aplica\u00e7\u00f5es par<\/p>\n","protected":false},"author":1,"featured_media":0,"parent":0,"menu_order":0,"comment_status":"closed","ping_status":"closed","template":"","meta":{"footnotes":""},"class_list":["post-43","page","type-page","status-publish","hentry"],"yoast_head":"<!-- This site is optimized with the Yoast SEO plugin v27.4 - https:\/\/yoast.com\/product\/yoast-seo-wordpress\/ -->\n<title>Guias de Aplica\u00e7\u00f5es - CorrosionX<\/title>\n<meta name=\"robots\" content=\"index, follow, max-snippet:-1, max-image-preview:large, max-video-preview:-1\" \/>\n<link rel=\"canonical\" href=\"https:\/\/corrosionx.com.br\/index.php\/guias\/\" \/>\n<meta property=\"og:locale\" content=\"pt_BR\" \/>\n<meta property=\"og:type\" content=\"article\" \/>\n<meta property=\"og:title\" content=\"Guias de Aplica\u00e7\u00f5es - CorrosionX\" \/>\n<meta property=\"og:description\" content=\"Aqui voc\u00ea encontra algumas orienta\u00e7\u00f5es para aplica\u00e7\u00e3o do CorrosionX Guia de aplica\u00e7\u00e3o para equipamentos de ar condicionado. Guia de aplica\u00e7\u00f5es par\" \/>\n<meta property=\"og:url\" content=\"https:\/\/corrosionx.com.br\/index.php\/guias\/\" \/>\n<meta property=\"og:site_name\" content=\"CorrosionX\" \/>\n<meta property=\"article:publisher\" content=\"https:\/\/www.facebook.com\/CorrosionXBrasil\" \/>\n<meta property=\"article:modified_time\" content=\"2024-04-27T00:00:45+00:00\" \/>\n<meta name=\"twitter:card\" content=\"summary_large_image\" \/>\n<script type=\"application\/ld+json\" class=\"yoast-schema-graph\">{\"@context\":\"https:\\\/\\\/schema.org\",\"@graph\":[{\"@type\":\"WebPage\",\"@id\":\"https:\\\/\\\/corrosionx.com.br\\\/index.php\\\/guias\\\/\",\"url\":\"https:\\\/\\\/corrosionx.com.br\\\/index.php\\\/guias\\\/\",\"name\":\"Guias de Aplica\u00e7\u00f5es - CorrosionX\",\"isPartOf\":{\"@id\":\"https:\\\/\\\/corrosionx.com.br\\\/#website\"},\"datePublished\":\"2020-03-29T13:27:24+00:00\",\"dateModified\":\"2024-04-27T00:00:45+00:00\",\"breadcrumb\":{\"@id\":\"https:\\\/\\\/corrosionx.com.br\\\/index.php\\\/guias\\\/#breadcrumb\"},\"inLanguage\":\"pt-BR\",\"potentialAction\":[{\"@type\":\"ReadAction\",\"target\":[\"https:\\\/\\\/corrosionx.com.br\\\/index.php\\\/guias\\\/\"]}]},{\"@type\":\"BreadcrumbList\",\"@id\":\"https:\\\/\\\/corrosionx.com.br\\\/index.php\\\/guias\\\/#breadcrumb\",\"itemListElement\":[{\"@type\":\"ListItem\",\"position\":1,\"name\":\"In\u00edcio\",\"item\":\"https:\\\/\\\/corrosionx.com.br\\\/\"},{\"@type\":\"ListItem\",\"position\":2,\"name\":\"Guias de Aplica\u00e7\u00f5es\"}]},{\"@type\":\"WebSite\",\"@id\":\"https:\\\/\\\/corrosionx.com.br\\\/#website\",\"url\":\"https:\\\/\\\/corrosionx.com.br\\\/\",\"name\":\"CorrosionX\",\"description\":\"Lubrificante de alta performance\",\"publisher\":{\"@id\":\"https:\\\/\\\/corrosionx.com.br\\\/#organization\"},\"potentialAction\":[{\"@type\":\"SearchAction\",\"target\":{\"@type\":\"EntryPoint\",\"urlTemplate\":\"https:\\\/\\\/corrosionx.com.br\\\/?s={search_term_string}\"},\"query-input\":{\"@type\":\"PropertyValueSpecification\",\"valueRequired\":true,\"valueName\":\"search_term_string\"}}],\"inLanguage\":\"pt-BR\"},{\"@type\":\"Organization\",\"@id\":\"https:\\\/\\\/corrosionx.com.br\\\/#organization\",\"name\":\"CorrosionX\",\"url\":\"https:\\\/\\\/corrosionx.com.br\\\/\",\"logo\":{\"@type\":\"ImageObject\",\"inLanguage\":\"pt-BR\",\"@id\":\"https:\\\/\\\/corrosionx.com.br\\\/#\\\/schema\\\/logo\\\/image\\\/\",\"url\":\"https:\\\/\\\/corrosionx.com.br\\\/wp-content\\\/uploads\\\/2020\\\/03\\\/logo-peq.jpg\",\"contentUrl\":\"https:\\\/\\\/corrosionx.com.br\\\/wp-content\\\/uploads\\\/2020\\\/03\\\/logo-peq.jpg\",\"width\":220,\"height\":40,\"caption\":\"CorrosionX\"},\"image\":{\"@id\":\"https:\\\/\\\/corrosionx.com.br\\\/#\\\/schema\\\/logo\\\/image\\\/\"},\"sameAs\":[\"https:\\\/\\\/www.facebook.com\\\/CorrosionXBrasil\",\"https:\\\/\\\/www.instagram.com\\\/corrosionx\\\/\"]}]}<\/script>\n<!-- \/ Yoast SEO plugin. -->","yoast_head_json":{"title":"Guias de Aplica\u00e7\u00f5es - CorrosionX","robots":{"index":"index","follow":"follow","max-snippet":"max-snippet:-1","max-image-preview":"max-image-preview:large","max-video-preview":"max-video-preview:-1"},"canonical":"https:\/\/corrosionx.com.br\/index.php\/guias\/","og_locale":"pt_BR","og_type":"article","og_title":"Guias de Aplica\u00e7\u00f5es - CorrosionX","og_description":"Aqui voc\u00ea encontra algumas orienta\u00e7\u00f5es para aplica\u00e7\u00e3o do CorrosionX Guia de aplica\u00e7\u00e3o para equipamentos de ar condicionado. Guia de aplica\u00e7\u00f5es par","og_url":"https:\/\/corrosionx.com.br\/index.php\/guias\/","og_site_name":"CorrosionX","article_publisher":"https:\/\/www.facebook.com\/CorrosionXBrasil","article_modified_time":"2024-04-27T00:00:45+00:00","twitter_card":"summary_large_image","schema":{"@context":"https:\/\/schema.org","@graph":[{"@type":"WebPage","@id":"https:\/\/corrosionx.com.br\/index.php\/guias\/","url":"https:\/\/corrosionx.com.br\/index.php\/guias\/","name":"Guias de Aplica\u00e7\u00f5es - CorrosionX","isPartOf":{"@id":"https:\/\/corrosionx.com.br\/#website"},"datePublished":"2020-03-29T13:27:24+00:00","dateModified":"2024-04-27T00:00:45+00:00","breadcrumb":{"@id":"https:\/\/corrosionx.com.br\/index.php\/guias\/#breadcrumb"},"inLanguage":"pt-BR","potentialAction":[{"@type":"ReadAction","target":["https:\/\/corrosionx.com.br\/index.php\/guias\/"]}]},{"@type":"BreadcrumbList","@id":"https:\/\/corrosionx.com.br\/index.php\/guias\/#breadcrumb","itemListElement":[{"@type":"ListItem","position":1,"name":"In\u00edcio","item":"https:\/\/corrosionx.com.br\/"},{"@type":"ListItem","position":2,"name":"Guias de Aplica\u00e7\u00f5es"}]},{"@type":"WebSite","@id":"https:\/\/corrosionx.com.br\/#website","url":"https:\/\/corrosionx.com.br\/","name":"CorrosionX","description":"Lubrificante de alta performance","publisher":{"@id":"https:\/\/corrosionx.com.br\/#organization"},"potentialAction":[{"@type":"SearchAction","target":{"@type":"EntryPoint","urlTemplate":"https:\/\/corrosionx.com.br\/?s={search_term_string}"},"query-input":{"@type":"PropertyValueSpecification","valueRequired":true,"valueName":"search_term_string"}}],"inLanguage":"pt-BR"},{"@type":"Organization","@id":"https:\/\/corrosionx.com.br\/#organization","name":"CorrosionX","url":"https:\/\/corrosionx.com.br\/","logo":{"@type":"ImageObject","inLanguage":"pt-BR","@id":"https:\/\/corrosionx.com.br\/#\/schema\/logo\/image\/","url":"https:\/\/corrosionx.com.br\/wp-content\/uploads\/2020\/03\/logo-peq.jpg","contentUrl":"https:\/\/corrosionx.com.br\/wp-content\/uploads\/2020\/03\/logo-peq.jpg","width":220,"height":40,"caption":"CorrosionX"},"image":{"@id":"https:\/\/corrosionx.com.br\/#\/schema\/logo\/image\/"},"sameAs":["https:\/\/www.facebook.com\/CorrosionXBrasil","https:\/\/www.instagram.com\/corrosionx\/"]}]}},"_links":{"self":[{"href":"https:\/\/corrosionx.com.br\/index.php\/wp-json\/wp\/v2\/pages\/43","targetHints":{"allow":["GET"]}}],"collection":[{"href":"https:\/\/corrosionx.com.br\/index.php\/wp-json\/wp\/v2\/pages"}],"about":[{"href":"https:\/\/corrosionx.com.br\/index.php\/wp-json\/wp\/v2\/types\/page"}],"author":[{"embeddable":true,"href":"https:\/\/corrosionx.com.br\/index.php\/wp-json\/wp\/v2\/users\/1"}],"replies":[{"embeddable":true,"href":"https:\/\/corrosionx.com.br\/index.php\/wp-json\/wp\/v2\/comments?post=43"}],"version-history":[{"count":25,"href":"https:\/\/corrosionx.com.br\/index.php\/wp-json\/wp\/v2\/pages\/43\/revisions"}],"predecessor-version":[{"id":722,"href":"https:\/\/corrosionx.com.br\/index.php\/wp-json\/wp\/v2\/pages\/43\/revisions\/722"}],"wp:attachment":[{"href":"https:\/\/corrosionx.com.br\/index.php\/wp-json\/wp\/v2\/media?parent=43"}],"curies":[{"name":"wp","href":"https:\/\/api.w.org\/{rel}","templated":true}]}}