{"id":344,"date":"2020-08-17T19:36:10","date_gmt":"2020-08-17T22:36:10","guid":{"rendered":"http:\/\/corrosionx.com.br\/?page_id=344"},"modified":"2021-08-16T12:41:24","modified_gmt":"2021-08-16T15:41:24","slug":"fispq-fichas-tecnicas-atual","status":"publish","type":"page","link":"https:\/\/corrosionx.com.br\/index.php\/fispq-fichas-tecnicas-atual\/","title":{"rendered":"FISPQ \/ Fichas T\u00e9cnicas"},"content":{"rendered":"\n<p class=\"has-text-align-center has-normal-font-size\">Ficha de Informa\u00e7\u00e3o de Seguran\u00e7a de Produto Qu\u00edmico Conforme<br><strong>ABNT NBR14725-2:2014<\/strong><\/p>\n\n\n\n<table>\n<tbody>\n<tr>\n<td><a href=\"..\/..\/arquivos\/fspq\/FISPQ CorrosionX 2014.pdf\" target=\"_blank\" rel=\"noopener noreferrer\"><img decoding=\"async\" style=\"display: block; margin-left: auto; margin-right: auto;\" src=\"..\/..\/arquivos\/img\/fispq1.jpg\" alt=\"\"><\/a><\/td>\n<td><a href=\"..\/..\/arquivos\/fspq\/FISPQ CorrosionX liquido.pdf\" target=\"_blank\" rel=\"noopener noreferrer\"><img decoding=\"async\" style=\"display: block; margin-left: auto; margin-right: auto;\" src=\"..\/..\/arquivos\/img\/fispq2.jpg\" alt=\"\"><\/a><\/td>\n<\/tr>\n<tr>\n<td><a href=\"\n ..\/..\/arquivos\/fspq\/FISPQ CorrosionX Heavy Duty 2014.pdf\" target=\"_blank\" rel=\"noopener noreferrer\"><img decoding=\"async\" style=\"display: block; margin-left: auto; margin-right: auto;\" src=\"..\/..\/arquivos\/img\/fispq3.jpg\" alt=\"\"><\/a><\/td>\n<td><a href=\"..\/..\/arquivos\/fspq\/FISPQ CorrosionX Heavy Duty liquido.pdf\" target=\"_blank\" rel=\"noopener noreferrer\"><img decoding=\"async\" style=\"display: block; margin-left: auto; margin-right: auto;\" src=\"..\/..\/arquivos\/img\/fispq4.jpg\" alt=\"\"><\/a><\/td>\n<\/tr>\n<tr>\n<td><a href=\"..\/..\/arquivos\/fspq\/FISPQ CorrosionX Aviation 2014.pdf\" target=\"_blank\" rel=\"noopener noreferrer\"><img decoding=\"async\" style=\"display: block; margin-left: auto; margin-right: auto;\" src=\"..\/..\/arquivos\/img\/fispq6.jpg\" alt=\"\"><\/a><\/td>\n<td><a href=\"..\/..\/arquivos\/fspq\/FISPQ CorrosionX Aviation liquido.pdf\" target=\"_blank\" rel=\"noopener noreferrer\"><img decoding=\"async\" style=\"display: block; margin-left: auto; margin-right: auto;\" src=\"..\/..\/arquivos\/img\/fispq7.jpg\" alt=\"\"><\/a><\/td>\n<\/tr>\n<tr>\n<td><a href=\"..\/..\/arquivos\/fspq\/FISPQ CorrosionX for Guns.pdf\" target=\"_blank\" rel=\"noopener noreferrer\"><img decoding=\"async\" style=\"display: block; margin-left: auto; margin-right: auto;\" src=\"..\/..\/arquivos\/img\/fispq5.jpg\" alt=\"\"><\/a><\/td>\n<td>&nbsp;<\/td>\n<\/tr>\n<\/tbody>\n<\/table>\n<!-- DivTable.com -->\n\n\n\n<p class=\"has-text-align-center has-normal-font-size\"><strong>Fichas T\u00e9cnicas<\/strong><\/p>\n\n\n\n<figure class=\"wp-block-table\"><table><tbody><tr><td>\n<a href=\"..\/..\/arquivos\/pdf\/ficha-tecnica-corrosionx.pdf\" target=\"_blank\" rel=\"noopener noreferrer\"><img decoding=\"async\" style=\"display: block; margin-left: auto; margin-right: auto;\" src=\"..\/..\/arquivos\/img\/fispqb1.jpg\" alt=\"\"><\/a>\n<\/td><td>\n<a href=\"..\/..\/arquivos\/pdf\/ficha-tecnica-corrosionx-hd.pdf\" target=\"_blank\" rel=\"noopener noreferrer\"><img decoding=\"async\" style=\"display: block; margin-left: auto; margin-right: auto;\" src=\"..\/..\/arquivos\/img\/fispqb2.jpg\" alt=\"\"><\/a>\n<\/td><td>\n<a href=\"..\/..\/arquivos\/pdf\/ficha-tecnica-corrosionx-av.pdf\" target=\"_blank\" rel=\"noopener noreferrer\"><img decoding=\"async\" style=\"display: block; margin-left: auto; margin-right: auto;\" src=\"..\/..\/arquivos\/img\/fispqb3.jpg\" alt=\"\"><\/a>\n<\/td><\/tr><\/tbody><\/table><\/figure>\n\n\n\n<p><\/p>\n","protected":false},"excerpt":{"rendered":"<p>Ficha de Informa\u00e7\u00e3o de Seguran\u00e7a de Produto Qu\u00edmico ConformeABNT NBR14725-2:2014 &nbsp; Fichas T\u00e9cnicas<\/p>\n","protected":false},"author":1,"featured_media":0,"parent":0,"menu_order":0,"comment_status":"closed","ping_status":"closed","template":"","meta":{"footnotes":""},"class_list":["post-344","page","type-page","status-publish","hentry"],"yoast_head":"<!-- This site is optimized with the Yoast SEO plugin v27.3 - https:\/\/yoast.com\/product\/yoast-seo-wordpress\/ -->\n<title>FISPQ \/ Fichas T\u00e9cnicas - CorrosionX<\/title>\n<meta name=\"robots\" content=\"index, follow, max-snippet:-1, max-image-preview:large, max-video-preview:-1\" \/>\n<link rel=\"canonical\" href=\"https:\/\/corrosionx.com.br\/index.php\/fispq-fichas-tecnicas-atual\/\" \/>\n<meta property=\"og:locale\" content=\"pt_BR\" \/>\n<meta property=\"og:type\" content=\"article\" \/>\n<meta property=\"og:title\" content=\"FISPQ \/ Fichas T\u00e9cnicas - CorrosionX\" \/>\n<meta property=\"og:description\" content=\"Ficha de Informa\u00e7\u00e3o de Seguran\u00e7a de Produto Qu\u00edmico ConformeABNT NBR14725-2:2014 &nbsp; Fichas T\u00e9cnicas\" \/>\n<meta property=\"og:url\" content=\"https:\/\/corrosionx.com.br\/index.php\/fispq-fichas-tecnicas-atual\/\" \/>\n<meta property=\"og:site_name\" content=\"CorrosionX\" \/>\n<meta property=\"article:publisher\" content=\"https:\/\/www.facebook.com\/CorrosionXBrasil\" \/>\n<meta property=\"article:modified_time\" content=\"2021-08-16T15:41:24+00:00\" \/>\n<meta name=\"twitter:card\" content=\"summary_large_image\" \/>\n<script type=\"application\/ld+json\" class=\"yoast-schema-graph\">{\"@context\":\"https:\\\/\\\/schema.org\",\"@graph\":[{\"@type\":\"WebPage\",\"@id\":\"https:\\\/\\\/corrosionx.com.br\\\/index.php\\\/fispq-fichas-tecnicas-atual\\\/\",\"url\":\"https:\\\/\\\/corrosionx.com.br\\\/index.php\\\/fispq-fichas-tecnicas-atual\\\/\",\"name\":\"FISPQ \\\/ Fichas T\u00e9cnicas - CorrosionX\",\"isPartOf\":{\"@id\":\"https:\\\/\\\/corrosionx.com.br\\\/#website\"},\"datePublished\":\"2020-08-17T22:36:10+00:00\",\"dateModified\":\"2021-08-16T15:41:24+00:00\",\"breadcrumb\":{\"@id\":\"https:\\\/\\\/corrosionx.com.br\\\/index.php\\\/fispq-fichas-tecnicas-atual\\\/#breadcrumb\"},\"inLanguage\":\"pt-BR\",\"potentialAction\":[{\"@type\":\"ReadAction\",\"target\":[\"https:\\\/\\\/corrosionx.com.br\\\/index.php\\\/fispq-fichas-tecnicas-atual\\\/\"]}]},{\"@type\":\"BreadcrumbList\",\"@id\":\"https:\\\/\\\/corrosionx.com.br\\\/index.php\\\/fispq-fichas-tecnicas-atual\\\/#breadcrumb\",\"itemListElement\":[{\"@type\":\"ListItem\",\"position\":1,\"name\":\"In\u00edcio\",\"item\":\"https:\\\/\\\/corrosionx.com.br\\\/\"},{\"@type\":\"ListItem\",\"position\":2,\"name\":\"FISPQ \\\/ Fichas T\u00e9cnicas\"}]},{\"@type\":\"WebSite\",\"@id\":\"https:\\\/\\\/corrosionx.com.br\\\/#website\",\"url\":\"https:\\\/\\\/corrosionx.com.br\\\/\",\"name\":\"CorrosionX\",\"description\":\"Lubrificante de alta performance\",\"publisher\":{\"@id\":\"https:\\\/\\\/corrosionx.com.br\\\/#organization\"},\"potentialAction\":[{\"@type\":\"SearchAction\",\"target\":{\"@type\":\"EntryPoint\",\"urlTemplate\":\"https:\\\/\\\/corrosionx.com.br\\\/?s={search_term_string}\"},\"query-input\":{\"@type\":\"PropertyValueSpecification\",\"valueRequired\":true,\"valueName\":\"search_term_string\"}}],\"inLanguage\":\"pt-BR\"},{\"@type\":\"Organization\",\"@id\":\"https:\\\/\\\/corrosionx.com.br\\\/#organization\",\"name\":\"CorrosionX\",\"url\":\"https:\\\/\\\/corrosionx.com.br\\\/\",\"logo\":{\"@type\":\"ImageObject\",\"inLanguage\":\"pt-BR\",\"@id\":\"https:\\\/\\\/corrosionx.com.br\\\/#\\\/schema\\\/logo\\\/image\\\/\",\"url\":\"https:\\\/\\\/corrosionx.com.br\\\/wp-content\\\/uploads\\\/2020\\\/03\\\/logo-peq.jpg\",\"contentUrl\":\"https:\\\/\\\/corrosionx.com.br\\\/wp-content\\\/uploads\\\/2020\\\/03\\\/logo-peq.jpg\",\"width\":220,\"height\":40,\"caption\":\"CorrosionX\"},\"image\":{\"@id\":\"https:\\\/\\\/corrosionx.com.br\\\/#\\\/schema\\\/logo\\\/image\\\/\"},\"sameAs\":[\"https:\\\/\\\/www.facebook.com\\\/CorrosionXBrasil\",\"https:\\\/\\\/www.instagram.com\\\/corrosionx\\\/\"]}]}<\/script>\n<!-- \/ Yoast SEO plugin. -->","yoast_head_json":{"title":"FISPQ \/ Fichas T\u00e9cnicas - CorrosionX","robots":{"index":"index","follow":"follow","max-snippet":"max-snippet:-1","max-image-preview":"max-image-preview:large","max-video-preview":"max-video-preview:-1"},"canonical":"https:\/\/corrosionx.com.br\/index.php\/fispq-fichas-tecnicas-atual\/","og_locale":"pt_BR","og_type":"article","og_title":"FISPQ \/ Fichas T\u00e9cnicas - CorrosionX","og_description":"Ficha de Informa\u00e7\u00e3o de Seguran\u00e7a de Produto Qu\u00edmico ConformeABNT NBR14725-2:2014 &nbsp; Fichas T\u00e9cnicas","og_url":"https:\/\/corrosionx.com.br\/index.php\/fispq-fichas-tecnicas-atual\/","og_site_name":"CorrosionX","article_publisher":"https:\/\/www.facebook.com\/CorrosionXBrasil","article_modified_time":"2021-08-16T15:41:24+00:00","twitter_card":"summary_large_image","schema":{"@context":"https:\/\/schema.org","@graph":[{"@type":"WebPage","@id":"https:\/\/corrosionx.com.br\/index.php\/fispq-fichas-tecnicas-atual\/","url":"https:\/\/corrosionx.com.br\/index.php\/fispq-fichas-tecnicas-atual\/","name":"FISPQ \/ Fichas T\u00e9cnicas - CorrosionX","isPartOf":{"@id":"https:\/\/corrosionx.com.br\/#website"},"datePublished":"2020-08-17T22:36:10+00:00","dateModified":"2021-08-16T15:41:24+00:00","breadcrumb":{"@id":"https:\/\/corrosionx.com.br\/index.php\/fispq-fichas-tecnicas-atual\/#breadcrumb"},"inLanguage":"pt-BR","potentialAction":[{"@type":"ReadAction","target":["https:\/\/corrosionx.com.br\/index.php\/fispq-fichas-tecnicas-atual\/"]}]},{"@type":"BreadcrumbList","@id":"https:\/\/corrosionx.com.br\/index.php\/fispq-fichas-tecnicas-atual\/#breadcrumb","itemListElement":[{"@type":"ListItem","position":1,"name":"In\u00edcio","item":"https:\/\/corrosionx.com.br\/"},{"@type":"ListItem","position":2,"name":"FISPQ \/ Fichas T\u00e9cnicas"}]},{"@type":"WebSite","@id":"https:\/\/corrosionx.com.br\/#website","url":"https:\/\/corrosionx.com.br\/","name":"CorrosionX","description":"Lubrificante de alta performance","publisher":{"@id":"https:\/\/corrosionx.com.br\/#organization"},"potentialAction":[{"@type":"SearchAction","target":{"@type":"EntryPoint","urlTemplate":"https:\/\/corrosionx.com.br\/?s={search_term_string}"},"query-input":{"@type":"PropertyValueSpecification","valueRequired":true,"valueName":"search_term_string"}}],"inLanguage":"pt-BR"},{"@type":"Organization","@id":"https:\/\/corrosionx.com.br\/#organization","name":"CorrosionX","url":"https:\/\/corrosionx.com.br\/","logo":{"@type":"ImageObject","inLanguage":"pt-BR","@id":"https:\/\/corrosionx.com.br\/#\/schema\/logo\/image\/","url":"https:\/\/corrosionx.com.br\/wp-content\/uploads\/2020\/03\/logo-peq.jpg","contentUrl":"https:\/\/corrosionx.com.br\/wp-content\/uploads\/2020\/03\/logo-peq.jpg","width":220,"height":40,"caption":"CorrosionX"},"image":{"@id":"https:\/\/corrosionx.com.br\/#\/schema\/logo\/image\/"},"sameAs":["https:\/\/www.facebook.com\/CorrosionXBrasil","https:\/\/www.instagram.com\/corrosionx\/"]}]}},"_links":{"self":[{"href":"https:\/\/corrosionx.com.br\/index.php\/wp-json\/wp\/v2\/pages\/344","targetHints":{"allow":["GET"]}}],"collection":[{"href":"https:\/\/corrosionx.com.br\/index.php\/wp-json\/wp\/v2\/pages"}],"about":[{"href":"https:\/\/corrosionx.com.br\/index.php\/wp-json\/wp\/v2\/types\/page"}],"author":[{"embeddable":true,"href":"https:\/\/corrosionx.com.br\/index.php\/wp-json\/wp\/v2\/users\/1"}],"replies":[{"embeddable":true,"href":"https:\/\/corrosionx.com.br\/index.php\/wp-json\/wp\/v2\/comments?post=344"}],"version-history":[{"count":24,"href":"https:\/\/corrosionx.com.br\/index.php\/wp-json\/wp\/v2\/pages\/344\/revisions"}],"predecessor-version":[{"id":494,"href":"https:\/\/corrosionx.com.br\/index.php\/wp-json\/wp\/v2\/pages\/344\/revisions\/494"}],"wp:attachment":[{"href":"https:\/\/corrosionx.com.br\/index.php\/wp-json\/wp\/v2\/media?parent=344"}],"curies":[{"name":"wp","href":"https:\/\/api.w.org\/{rel}","templated":true}]}}