{"id":30,"date":"2020-03-29T10:14:00","date_gmt":"2020-03-29T13:14:00","guid":{"rendered":"http:\/\/corrosionx.com.br\/?page_id=30"},"modified":"2020-05-07T20:03:05","modified_gmt":"2020-05-07T23:03:05","slug":"corrosionx-solvente","status":"publish","type":"page","link":"https:\/\/corrosionx.com.br\/index.php\/corrosionx-solvente\/","title":{"rendered":"CorrosionX Solvente"},"content":{"rendered":"\n<!-- Produto 1 -->\n <div style=\"width:100%; height:auto; background:transparent; float:left; margin: 5px 3px;\">\n     <div style=\"max-width:215px; width:100%; height:auto; background:transparent; float:left; margin: 5px 0;\">\n     <div class=\"wp-block-image\"><figure class=\"aligncenter\">\n<img decoding=\"async\" src=\"http:\/\/corrosionx.com.br\/imagens\/Foto-Almotolia-30-ml-nova-peq.jpg\" alt=\"\" class=\"wp-image-311\">\n<\/figure><\/div>\n\n<br>\n<p style=\"text-align: center;\">\n\n<span style=\"font-size: 14pt;\">\n<strong style=\"color: #201f1e; font-family: Calibri, sans-serif; font-size: 18px;\">\n\n<span style=\"margin: 0px; padding: 0px; border: 0px; font-style: inherit; font-variant: inherit; font-weight: inherit; line-height: inherit; font-family: Arial, sans-serif; vertical-align: baseline; color: inherit;\">\n<span style=\"color: #000000;\">Corrosion<\/span>\n<span style=\"margin: 0px 0px 0px -5px; padding: 0px; border: 0px; font-style: inherit; font-variant: inherit; font-weight: inherit; font-stretch: inherit; line-height: inherit; font-family: inherit; vertical-align: baseline; color: #d80000;\">X<\/span><\/span>\n\n<\/strong>\n<\/span>\n\n<span style=\"color: #000000;\"><strong><span style=\"font-size: 12pt;\">Solvente<\/span><\/strong><\/span>\n<\/p>\n\n    <\/div>\n    <div style=\"max-width:790px; width:100%; height:auto; background:transparent; float:left; margin: 5px 0;\">\n<p><span style=\"color: #201f1e; font-family: Arial, sans-serif; font-size: 14.6667px;\">Solvente b\u00e1sico para limpeza ou remo\u00e7\u00e3o de lubrificantes e impurezas.<\/span><\/p>\n\t<\/div>\n <\/div>\n<!-- Fim Produto 1 -->\n\n\n\n<p><\/p>\n","protected":false},"excerpt":{"rendered":"<p>Corrosion X Solvente Solvente b\u00e1sico para limpeza ou remo\u00e7\u00e3o de lubrificantes e impurezas.<\/p>\n","protected":false},"author":1,"featured_media":0,"parent":0,"menu_order":0,"comment_status":"closed","ping_status":"closed","template":"","meta":{"footnotes":""},"class_list":["post-30","page","type-page","status-publish","hentry"],"yoast_head":"<!-- This site is optimized with the Yoast SEO plugin v27.5 - https:\/\/yoast.com\/product\/yoast-seo-wordpress\/ -->\n<title>CorrosionX Solvente - CorrosionX<\/title>\n<meta name=\"robots\" content=\"index, follow, max-snippet:-1, max-image-preview:large, max-video-preview:-1\" \/>\n<link rel=\"canonical\" href=\"https:\/\/corrosionx.com.br\/index.php\/corrosionx-solvente\/\" \/>\n<meta property=\"og:locale\" content=\"pt_BR\" \/>\n<meta property=\"og:type\" content=\"article\" \/>\n<meta property=\"og:title\" content=\"CorrosionX Solvente - CorrosionX\" \/>\n<meta property=\"og:description\" content=\"Corrosion X Solvente Solvente b\u00e1sico para limpeza ou remo\u00e7\u00e3o de lubrificantes e impurezas.\" \/>\n<meta property=\"og:url\" content=\"https:\/\/corrosionx.com.br\/index.php\/corrosionx-solvente\/\" \/>\n<meta property=\"og:site_name\" content=\"CorrosionX\" \/>\n<meta property=\"article:publisher\" content=\"https:\/\/www.facebook.com\/CorrosionXBrasil\" \/>\n<meta property=\"article:modified_time\" content=\"2020-05-07T23:03:05+00:00\" \/>\n<meta property=\"og:image\" content=\"http:\/\/corrosionx.com.br\/imagens\/Foto-Almotolia-30-ml-nova-peq.jpg\" \/>\n<meta name=\"twitter:card\" content=\"summary_large_image\" \/>\n<script type=\"application\/ld+json\" class=\"yoast-schema-graph\">{\"@context\":\"https:\\\/\\\/schema.org\",\"@graph\":[{\"@type\":\"WebPage\",\"@id\":\"https:\\\/\\\/corrosionx.com.br\\\/index.php\\\/corrosionx-solvente\\\/\",\"url\":\"https:\\\/\\\/corrosionx.com.br\\\/index.php\\\/corrosionx-solvente\\\/\",\"name\":\"CorrosionX Solvente - CorrosionX\",\"isPartOf\":{\"@id\":\"https:\\\/\\\/corrosionx.com.br\\\/#website\"},\"primaryImageOfPage\":{\"@id\":\"https:\\\/\\\/corrosionx.com.br\\\/index.php\\\/corrosionx-solvente\\\/#primaryimage\"},\"image\":{\"@id\":\"https:\\\/\\\/corrosionx.com.br\\\/index.php\\\/corrosionx-solvente\\\/#primaryimage\"},\"thumbnailUrl\":\"http:\\\/\\\/corrosionx.com.br\\\/imagens\\\/Foto-Almotolia-30-ml-nova-peq.jpg\",\"datePublished\":\"2020-03-29T13:14:00+00:00\",\"dateModified\":\"2020-05-07T23:03:05+00:00\",\"breadcrumb\":{\"@id\":\"https:\\\/\\\/corrosionx.com.br\\\/index.php\\\/corrosionx-solvente\\\/#breadcrumb\"},\"inLanguage\":\"pt-BR\",\"potentialAction\":[{\"@type\":\"ReadAction\",\"target\":[\"https:\\\/\\\/corrosionx.com.br\\\/index.php\\\/corrosionx-solvente\\\/\"]}]},{\"@type\":\"ImageObject\",\"inLanguage\":\"pt-BR\",\"@id\":\"https:\\\/\\\/corrosionx.com.br\\\/index.php\\\/corrosionx-solvente\\\/#primaryimage\",\"url\":\"\",\"contentUrl\":\"\"},{\"@type\":\"BreadcrumbList\",\"@id\":\"https:\\\/\\\/corrosionx.com.br\\\/index.php\\\/corrosionx-solvente\\\/#breadcrumb\",\"itemListElement\":[{\"@type\":\"ListItem\",\"position\":1,\"name\":\"In\u00edcio\",\"item\":\"https:\\\/\\\/corrosionx.com.br\\\/\"},{\"@type\":\"ListItem\",\"position\":2,\"name\":\"CorrosionX Solvente\"}]},{\"@type\":\"WebSite\",\"@id\":\"https:\\\/\\\/corrosionx.com.br\\\/#website\",\"url\":\"https:\\\/\\\/corrosionx.com.br\\\/\",\"name\":\"CorrosionX\",\"description\":\"Lubrificante de alta performance\",\"publisher\":{\"@id\":\"https:\\\/\\\/corrosionx.com.br\\\/#organization\"},\"potentialAction\":[{\"@type\":\"SearchAction\",\"target\":{\"@type\":\"EntryPoint\",\"urlTemplate\":\"https:\\\/\\\/corrosionx.com.br\\\/?s={search_term_string}\"},\"query-input\":{\"@type\":\"PropertyValueSpecification\",\"valueRequired\":true,\"valueName\":\"search_term_string\"}}],\"inLanguage\":\"pt-BR\"},{\"@type\":\"Organization\",\"@id\":\"https:\\\/\\\/corrosionx.com.br\\\/#organization\",\"name\":\"CorrosionX\",\"url\":\"https:\\\/\\\/corrosionx.com.br\\\/\",\"logo\":{\"@type\":\"ImageObject\",\"inLanguage\":\"pt-BR\",\"@id\":\"https:\\\/\\\/corrosionx.com.br\\\/#\\\/schema\\\/logo\\\/image\\\/\",\"url\":\"https:\\\/\\\/corrosionx.com.br\\\/wp-content\\\/uploads\\\/2020\\\/03\\\/logo-peq.jpg\",\"contentUrl\":\"https:\\\/\\\/corrosionx.com.br\\\/wp-content\\\/uploads\\\/2020\\\/03\\\/logo-peq.jpg\",\"width\":220,\"height\":40,\"caption\":\"CorrosionX\"},\"image\":{\"@id\":\"https:\\\/\\\/corrosionx.com.br\\\/#\\\/schema\\\/logo\\\/image\\\/\"},\"sameAs\":[\"https:\\\/\\\/www.facebook.com\\\/CorrosionXBrasil\",\"https:\\\/\\\/www.instagram.com\\\/corrosionx\\\/\"]}]}<\/script>\n<!-- \/ Yoast SEO plugin. -->","yoast_head_json":{"title":"CorrosionX Solvente - CorrosionX","robots":{"index":"index","follow":"follow","max-snippet":"max-snippet:-1","max-image-preview":"max-image-preview:large","max-video-preview":"max-video-preview:-1"},"canonical":"https:\/\/corrosionx.com.br\/index.php\/corrosionx-solvente\/","og_locale":"pt_BR","og_type":"article","og_title":"CorrosionX Solvente - CorrosionX","og_description":"Corrosion X Solvente Solvente b\u00e1sico para limpeza ou remo\u00e7\u00e3o de lubrificantes e impurezas.","og_url":"https:\/\/corrosionx.com.br\/index.php\/corrosionx-solvente\/","og_site_name":"CorrosionX","article_publisher":"https:\/\/www.facebook.com\/CorrosionXBrasil","article_modified_time":"2020-05-07T23:03:05+00:00","og_image":[{"url":"http:\/\/corrosionx.com.br\/imagens\/Foto-Almotolia-30-ml-nova-peq.jpg","type":"","width":"","height":""}],"twitter_card":"summary_large_image","schema":{"@context":"https:\/\/schema.org","@graph":[{"@type":"WebPage","@id":"https:\/\/corrosionx.com.br\/index.php\/corrosionx-solvente\/","url":"https:\/\/corrosionx.com.br\/index.php\/corrosionx-solvente\/","name":"CorrosionX Solvente - CorrosionX","isPartOf":{"@id":"https:\/\/corrosionx.com.br\/#website"},"primaryImageOfPage":{"@id":"https:\/\/corrosionx.com.br\/index.php\/corrosionx-solvente\/#primaryimage"},"image":{"@id":"https:\/\/corrosionx.com.br\/index.php\/corrosionx-solvente\/#primaryimage"},"thumbnailUrl":"http:\/\/corrosionx.com.br\/imagens\/Foto-Almotolia-30-ml-nova-peq.jpg","datePublished":"2020-03-29T13:14:00+00:00","dateModified":"2020-05-07T23:03:05+00:00","breadcrumb":{"@id":"https:\/\/corrosionx.com.br\/index.php\/corrosionx-solvente\/#breadcrumb"},"inLanguage":"pt-BR","potentialAction":[{"@type":"ReadAction","target":["https:\/\/corrosionx.com.br\/index.php\/corrosionx-solvente\/"]}]},{"@type":"ImageObject","inLanguage":"pt-BR","@id":"https:\/\/corrosionx.com.br\/index.php\/corrosionx-solvente\/#primaryimage","url":"","contentUrl":""},{"@type":"BreadcrumbList","@id":"https:\/\/corrosionx.com.br\/index.php\/corrosionx-solvente\/#breadcrumb","itemListElement":[{"@type":"ListItem","position":1,"name":"In\u00edcio","item":"https:\/\/corrosionx.com.br\/"},{"@type":"ListItem","position":2,"name":"CorrosionX Solvente"}]},{"@type":"WebSite","@id":"https:\/\/corrosionx.com.br\/#website","url":"https:\/\/corrosionx.com.br\/","name":"CorrosionX","description":"Lubrificante de alta performance","publisher":{"@id":"https:\/\/corrosionx.com.br\/#organization"},"potentialAction":[{"@type":"SearchAction","target":{"@type":"EntryPoint","urlTemplate":"https:\/\/corrosionx.com.br\/?s={search_term_string}"},"query-input":{"@type":"PropertyValueSpecification","valueRequired":true,"valueName":"search_term_string"}}],"inLanguage":"pt-BR"},{"@type":"Organization","@id":"https:\/\/corrosionx.com.br\/#organization","name":"CorrosionX","url":"https:\/\/corrosionx.com.br\/","logo":{"@type":"ImageObject","inLanguage":"pt-BR","@id":"https:\/\/corrosionx.com.br\/#\/schema\/logo\/image\/","url":"https:\/\/corrosionx.com.br\/wp-content\/uploads\/2020\/03\/logo-peq.jpg","contentUrl":"https:\/\/corrosionx.com.br\/wp-content\/uploads\/2020\/03\/logo-peq.jpg","width":220,"height":40,"caption":"CorrosionX"},"image":{"@id":"https:\/\/corrosionx.com.br\/#\/schema\/logo\/image\/"},"sameAs":["https:\/\/www.facebook.com\/CorrosionXBrasil","https:\/\/www.instagram.com\/corrosionx\/"]}]}},"_links":{"self":[{"href":"https:\/\/corrosionx.com.br\/index.php\/wp-json\/wp\/v2\/pages\/30","targetHints":{"allow":["GET"]}}],"collection":[{"href":"https:\/\/corrosionx.com.br\/index.php\/wp-json\/wp\/v2\/pages"}],"about":[{"href":"https:\/\/corrosionx.com.br\/index.php\/wp-json\/wp\/v2\/types\/page"}],"author":[{"embeddable":true,"href":"https:\/\/corrosionx.com.br\/index.php\/wp-json\/wp\/v2\/users\/1"}],"replies":[{"embeddable":true,"href":"https:\/\/corrosionx.com.br\/index.php\/wp-json\/wp\/v2\/comments?post=30"}],"version-history":[{"count":4,"href":"https:\/\/corrosionx.com.br\/index.php\/wp-json\/wp\/v2\/pages\/30\/revisions"}],"predecessor-version":[{"id":226,"href":"https:\/\/corrosionx.com.br\/index.php\/wp-json\/wp\/v2\/pages\/30\/revisions\/226"}],"wp:attachment":[{"href":"https:\/\/corrosionx.com.br\/index.php\/wp-json\/wp\/v2\/media?parent=30"}],"curies":[{"name":"wp","href":"https:\/\/api.w.org\/{rel}","templated":true}]}}