{"id":27,"date":"2020-03-28T21:25:45","date_gmt":"2020-03-29T00:25:45","guid":{"rendered":"http:\/\/corrosionx.com.br\/?page_id=27"},"modified":"2025-11-10T08:55:51","modified_gmt":"2025-11-10T11:55:51","slug":"corrosionx-marine","status":"publish","type":"page","link":"https:\/\/corrosionx.com.br\/index.php\/corrosionx-marine\/","title":{"rendered":"CorrosionX Marine"},"content":{"rendered":"\n<div class=\"wp-block-columns is-layout-flex wp-container-core-columns-is-layout-9d6595d7 wp-block-columns-is-layout-flex\">\n<div class=\"wp-block-column is-layout-flow wp-block-column-is-layout-flow\" style=\"flex-basis:33.33%\"><div class=\"wp-block-image\">\n<figure class=\"aligncenter size-full\"><img loading=\"lazy\" decoding=\"async\" width=\"64\" height=\"200\" src=\"http:\/\/corrosionx.com.br\/wp-content\/uploads\/2023\/11\/marine02-peq.jpg\" alt=\"\" class=\"wp-image-638\"\/><\/figure>\n<\/div><\/div>\n\n\n\n<div class=\"wp-block-column is-layout-flow wp-block-column-is-layout-flow\" style=\"flex-basis:66.66%\">\n<p><strong><em><strong><em>Corrosion<span style=\"color: red;\">X<\/span><\/em><\/strong><\/em><\/strong>\u00ae \u00e9 o composto de preven\u00e7\u00e3o de corros\u00e3o, lubrificante e penetrante mais avan\u00e7ado e eficaz do mundo! Embora possa parecer semelhante a outros sprays anti-corros\u00e3o \u00e0 base de \u00f3leo, o <strong><em><strong><em>Corrosion<span style=\"color: red;\">X<\/span><\/em><\/strong><\/em><\/strong> utiliza as revolucion\u00e1rias tecnologias <a href=\"https:\/\/corrosionx.com.br\/index.php\/tecnologia\/\" target=\"_blank\" rel=\"noreferrer noopener\">Polar Bonding\u2122<\/a> (<strong><a href=\"http:\/\/corrosionx.com.br\/wp-content\/uploads\/2023\/12\/adesao-polar.pdf\" target=\"_blank\" rel=\"noreferrer noopener\">Ades\u00e3o Polar<\/a><\/strong>) e <a href=\"https:\/\/corrosionx.com.br\/index.php\/tecnologia\/\" target=\"_blank\" rel=\"noreferrer noopener\">Fluid Thin Film Coating<\/a> (FTFC\u2122-pel\u00edcula protetora fluida) que, juntas, v\u00e3o muito al\u00e9m de simplesmente retardar o processo de corros\u00e3o, como os chamados &#8216;inibidores de corros\u00e3o&#8217;. <strong><em><strong><em>Corrosion<span style=\"color: red;\">X<\/span><\/em><\/strong><\/em><\/strong> realmente interrompe a ferrugem e a corros\u00e3o a n\u00edvel molecular (deslocando-as da superf\u00edcie de metal e impedindo sua propaga\u00e7\u00e3o) e oferece prote\u00e7\u00e3o de longo prazo contra ferrugem e corros\u00e3o em qualquer superf\u00edcie de metal.<\/p>\n\n\n\n<p><strong><em><strong><em>Corrosion<span style=\"color: red;\">X<\/span><\/em><\/strong><\/em><\/strong> \u00e9 o \u00fanico produto prontamente dispon\u00edvel ao p\u00fablico que atende aos rigorosos requisitos de desempenho de preven\u00e7\u00e3o e controle de corros\u00e3o da Marinha dos Estados Unidos, conforme especificado no <a href=\"https:\/\/corrosionx.com.br\/index.php\/mil-prf-81309\/\" target=\"_blank\" rel=\"noreferrer noopener\">MIL-PRF-81309H<\/a>.<\/p>\n\n\n\n<p>Devido \u00e0 <strong>Ades\u00e3o Polar<\/strong>, o <strong><em><strong><em>Corrosion<span style=\"color: red;\">X<\/span><\/em><\/strong><\/em><\/strong> faz com que metais comuns e ligas met\u00e1licas, como ferro, a\u00e7o, a\u00e7o inoxid\u00e1vel, alum\u00ednio, cobre, lat\u00e3o, bronze, etc., se comportem quimicamente mais como metais nobres, como ouro e platina, que s\u00e3o altamente resistentes \u00e0 oxida\u00e7\u00e3o. <strong><em><strong><em>Corrosion<span style=\"color: red;\">X<\/span><\/em><\/strong><\/em><\/strong> tamb\u00e9m possui uma caracter\u00edstica diel\u00e9trica, ent\u00e3o, al\u00e9m de ser seguro em eletr\u00f4nicos, o <strong><em>Corrosion<span style=\"color: red;\">X<\/span><\/em><\/strong> interrompe a eletr\u00f3lise entre metais diferentes. Use o <strong><em><strong><em>Corrosion<span style=\"color: red;\">X<\/span><\/em><\/strong><\/em><\/strong> onde voc\u00ea deseja prevenir corros\u00e3o sem revestimentos de tinta ou cera. Uma leve aplica\u00e7\u00e3o do <strong><em><strong><em>Corrosion<span style=\"color: red;\">X<\/span><\/em><\/strong><\/em><\/strong> em cabe\u00e7as de motores de popa, grupos geradores e motores algumas vezes por ano manter\u00e1 sua apar\u00eancia como nova &#8211; mesmo em ambientes marinhos e costeiros.<\/p>\n\n\n\n<h2 class=\"wp-block-heading has-vivid-red-color has-text-color has-link-color has-medium-font-size wp-elements-2830d41194c112c020659556e55a9bd1\"><mark style=\"background-color:rgba(0, 0, 0, 0)\" class=\"has-inline-color has-vivid-red-color\">Um Lubrificante Inovador<\/mark><\/h2>\n\n\n\n<p>A formula\u00e7\u00e3o \u00fanica do <strong><em><strong><em>Corrosion<span style=\"color: red;\">X<\/span><\/em><\/strong><\/em><\/strong> oferece uma s\u00e9rie de vantagens sobre os lubrificantes em spray convencionais. Por aderir ao metal como um \u00edm\u00e3, ele n\u00e3o \u00e9 facilmente removido por press\u00e3o, atrito ou umidade. Ele lubrifica sob cargas extremas e altas temperaturas. N\u00e3o s\u00f3 o <strong><em><strong><em>Corrosion<span style=\"color: red;\">X<\/span><\/em><\/strong><\/em><\/strong> lubrifica melhor, mas tamb\u00e9m dura muitas vezes mais! Isso \u00e9 especialmente verdadeiro em ambientes externos, costeiros e marinhos, onde a exposi\u00e7\u00e3o direta \u00e0 chuva e ao spray de \u00e1gua salgada rapidamente remove os lubrificantes comuns.<\/p>\n\n\n\n<p>Use o <strong><em><strong><em>Corrosion<span style=\"color: red;\">X<\/span><\/em><\/strong><\/em><\/strong> em roldanas, dobradi\u00e7as, fechaduras, cabos\/cabos de a\u00e7o, guinchos ou qualquer pe\u00e7a de metal que precise de lubrifica\u00e7\u00e3o.<\/p>\n\n\n\n<figure class=\"wp-block-image size-large is-resized\"><img loading=\"lazy\" decoding=\"async\" width=\"1024\" height=\"851\" src=\"http:\/\/corrosionx.com.br\/wp-content\/uploads\/2023\/11\/ASTMD-4172-instagram-1024x851.jpg\" alt=\"\" class=\"wp-image-654\" style=\"width:387px;height:auto\" srcset=\"https:\/\/corrosionx.com.br\/wp-content\/uploads\/2023\/11\/ASTMD-4172-instagram-1024x851.jpg 1024w, https:\/\/corrosionx.com.br\/wp-content\/uploads\/2023\/11\/ASTMD-4172-instagram-300x249.jpg 300w, https:\/\/corrosionx.com.br\/wp-content\/uploads\/2023\/11\/ASTMD-4172-instagram-768x638.jpg 768w, https:\/\/corrosionx.com.br\/wp-content\/uploads\/2023\/11\/ASTMD-4172-instagram-1536x1276.jpg 1536w, https:\/\/corrosionx.com.br\/wp-content\/uploads\/2023\/11\/ASTMD-4172-instagram.jpg 1900w\" sizes=\"auto, (max-width: 1024px) 100vw, 1024px\" \/><\/figure>\n\n\n\n<p><\/p>\n\n\n\n<h2 class=\"wp-block-heading has-vivid-red-color has-text-color has-link-color has-medium-font-size wp-elements-6d9f2686fd4d558d9b28bf8b03cfccbd\">Um Penetrante Imbat\u00edvel<\/h2>\n\n\n\n<p>O <strong><em><strong><em>Corrosion<span style=\"color: red;\">X<\/span><\/em><\/strong><\/em><\/strong> penetra mais r\u00e1pido e mais profundamente do que qualquer fluido penetrante que voc\u00ea j\u00e1 usou! Porcas, parafusos ou conex\u00f5es corro\u00eddos ou enferrujados geralmente podem ser desmontados em quest\u00e3o de minutos. At\u00e9 mesmo itens que voc\u00ea acredita estar irremediavelmente travados geralmente podem ser salvos e retornados ao servi\u00e7o.<\/p>\n\n\n\n<h2 class=\"wp-block-heading has-vivid-red-color has-text-color has-link-color has-medium-font-size wp-elements-b902e2eac4f4c7356007015e9c7908e2\">Seguro em Eletr\u00f4nicos<\/h2>\n\n\n\n<p>\u00c1gua e eletr\u00f4nicos n\u00e3o se misturam. At\u00e9 agora, n\u00e3o havia muitas op\u00e7\u00f5es para proteger ou restaurar eletr\u00f4nicos contra a umidade. A tecnologia exclusiva de Polar Bonding Fluid Thin Film Coating (FTFC) do <strong><em><strong><em>Corrosion<span style=\"color: red;\">X<\/span><\/em><\/strong><\/em><\/strong> repele a umidade e a sela com um revestimento diel\u00e9trico auto-reparador. Mesmo com uma rigidez diel\u00e9trica superior a 39.000 volts, <strong><em>Corrosion<span style=\"color: red;\">X<\/span><\/em><\/strong> n\u00e3o interfere nos eletr\u00f4nicos ou na dissipa\u00e7\u00e3o de calor. Um item essencial para todos os terminais de bateria mar\u00edtimos e um produto cr\u00edtico para drones e todos os entusiastas de controle remoto.<\/p>\n\n\n\n<p>Veja alguns <a href=\"https:\/\/corrosionx.com.br\/index.php\/videos#eletronicos\" target=\"_blank\" rel=\"noreferrer noopener\">exemplos de aplica\u00e7\u00e3o<\/a> em equipamentos eletr\u00f4nicos.<\/p>\n\n\n\n<h2 class=\"wp-block-heading has-vivid-red-color has-text-color has-link-color has-medium-font-size wp-elements-6d58f1ef5ebeb8508aada3256b137408\">Produto de Impacto Ambiental M\u00ednimo<\/h2>\n\n\n\n<p>O conte\u00fado org\u00e2nico vol\u00e1til (geralmente abreviado como VOC) do <strong><em><strong><em>Corrosion<span style=\"color: red;\">X<\/span><\/em><\/strong><\/em><\/strong> agora \u00e9 ZERO. Compare isso com a maioria dos produtos na categoria de lubrificantes em spray, que podem ter 50% ou mais de VOC (por exemplo, de acordo com sua atual Ficha de Dados de Seguran\u00e7a, o WD-40 possui 49,5% de solvente). Isso significa que o <strong><em><strong><em>Corrosion<span style=\"color: red;\">X<\/span><\/em><\/strong><\/em><\/strong> \u00e9 menos agressivo para voc\u00ea, seu equipamento e o meio ambiente.<\/p>\n<\/div>\n<\/div>\n","protected":false},"excerpt":{"rendered":"<p>CorrosionX\u00ae \u00e9 o composto de preven\u00e7\u00e3o de corros\u00e3o, lubrificante e penetrante mais avan\u00e7ado e eficaz do mundo! Embora possa parecer semelhante a outro<\/p>\n","protected":false},"author":1,"featured_media":0,"parent":0,"menu_order":0,"comment_status":"closed","ping_status":"closed","template":"","meta":{"footnotes":""},"class_list":["post-27","page","type-page","status-publish","hentry"],"yoast_head":"<!-- This site is optimized with the Yoast SEO plugin v27.4 - https:\/\/yoast.com\/product\/yoast-seo-wordpress\/ -->\n<title>CorrosionX Marine \u2014 Inibidor de corros\u00e3o e lubrificante<\/title>\n<meta name=\"description\" content=\"CorrosionX Marine: prote\u00e7\u00e3o anticorrosiva e lubrificante premium para armas, eletr\u00f4nicos, barcos, motores e estruturas.\" \/>\n<meta name=\"robots\" content=\"index, follow, max-snippet:-1, max-image-preview:large, max-video-preview:-1\" \/>\n<link rel=\"canonical\" href=\"https:\/\/corrosionx.com.br\/index.php\/corrosionx-marine\/\" \/>\n<meta property=\"og:locale\" content=\"pt_BR\" \/>\n<meta property=\"og:type\" content=\"article\" \/>\n<meta property=\"og:title\" content=\"CorrosionX Marine \u2014 Inibidor de corros\u00e3o e lubrificante\" \/>\n<meta property=\"og:description\" content=\"CorrosionX Marine: prote\u00e7\u00e3o anticorrosiva e lubrificante premium para armas, eletr\u00f4nicos, barcos, motores e estruturas.\" \/>\n<meta property=\"og:url\" content=\"https:\/\/corrosionx.com.br\/index.php\/corrosionx-marine\/\" \/>\n<meta property=\"og:site_name\" content=\"CorrosionX\" \/>\n<meta property=\"article:publisher\" content=\"https:\/\/www.facebook.com\/CorrosionXBrasil\" \/>\n<meta property=\"article:modified_time\" content=\"2025-11-10T11:55:51+00:00\" \/>\n<meta property=\"og:image\" content=\"https:\/\/corrosionx.com.br\/wp-content\/uploads\/2023\/11\/marine02-peq.jpg\" \/>\n\t<meta property=\"og:image:width\" content=\"64\" \/>\n\t<meta property=\"og:image:height\" content=\"200\" \/>\n\t<meta property=\"og:image:type\" content=\"image\/jpeg\" \/>\n<meta name=\"twitter:card\" content=\"summary_large_image\" \/>\n<meta name=\"twitter:label1\" content=\"Est. tempo de leitura\" \/>\n\t<meta name=\"twitter:data1\" content=\"4 minutos\" \/>\n<script type=\"application\/ld+json\" class=\"yoast-schema-graph\">{\"@context\":\"https:\\\/\\\/schema.org\",\"@graph\":[{\"@type\":\"WebPage\",\"@id\":\"https:\\\/\\\/corrosionx.com.br\\\/index.php\\\/corrosionx-marine\\\/\",\"url\":\"https:\\\/\\\/corrosionx.com.br\\\/index.php\\\/corrosionx-marine\\\/\",\"name\":\"CorrosionX Marine \u2014 Inibidor de corros\u00e3o e lubrificante\",\"isPartOf\":{\"@id\":\"https:\\\/\\\/corrosionx.com.br\\\/#website\"},\"primaryImageOfPage\":{\"@id\":\"https:\\\/\\\/corrosionx.com.br\\\/index.php\\\/corrosionx-marine\\\/#primaryimage\"},\"image\":{\"@id\":\"https:\\\/\\\/corrosionx.com.br\\\/index.php\\\/corrosionx-marine\\\/#primaryimage\"},\"thumbnailUrl\":\"http:\\\/\\\/corrosionx.com.br\\\/wp-content\\\/uploads\\\/2023\\\/11\\\/marine02-peq.jpg\",\"datePublished\":\"2020-03-29T00:25:45+00:00\",\"dateModified\":\"2025-11-10T11:55:51+00:00\",\"description\":\"CorrosionX Marine: prote\u00e7\u00e3o anticorrosiva e lubrificante premium para armas, eletr\u00f4nicos, barcos, motores e estruturas.\",\"breadcrumb\":{\"@id\":\"https:\\\/\\\/corrosionx.com.br\\\/index.php\\\/corrosionx-marine\\\/#breadcrumb\"},\"inLanguage\":\"pt-BR\",\"potentialAction\":[{\"@type\":\"ReadAction\",\"target\":[\"https:\\\/\\\/corrosionx.com.br\\\/index.php\\\/corrosionx-marine\\\/\"]}]},{\"@type\":\"ImageObject\",\"inLanguage\":\"pt-BR\",\"@id\":\"https:\\\/\\\/corrosionx.com.br\\\/index.php\\\/corrosionx-marine\\\/#primaryimage\",\"url\":\"https:\\\/\\\/corrosionx.com.br\\\/wp-content\\\/uploads\\\/2023\\\/11\\\/marine02-peq.jpg\",\"contentUrl\":\"https:\\\/\\\/corrosionx.com.br\\\/wp-content\\\/uploads\\\/2023\\\/11\\\/marine02-peq.jpg\",\"width\":64,\"height\":200},{\"@type\":\"BreadcrumbList\",\"@id\":\"https:\\\/\\\/corrosionx.com.br\\\/index.php\\\/corrosionx-marine\\\/#breadcrumb\",\"itemListElement\":[{\"@type\":\"ListItem\",\"position\":1,\"name\":\"In\u00edcio\",\"item\":\"https:\\\/\\\/corrosionx.com.br\\\/\"},{\"@type\":\"ListItem\",\"position\":2,\"name\":\"CorrosionX Marine\"}]},{\"@type\":\"WebSite\",\"@id\":\"https:\\\/\\\/corrosionx.com.br\\\/#website\",\"url\":\"https:\\\/\\\/corrosionx.com.br\\\/\",\"name\":\"CorrosionX\",\"description\":\"Lubrificante de alta performance\",\"publisher\":{\"@id\":\"https:\\\/\\\/corrosionx.com.br\\\/#organization\"},\"potentialAction\":[{\"@type\":\"SearchAction\",\"target\":{\"@type\":\"EntryPoint\",\"urlTemplate\":\"https:\\\/\\\/corrosionx.com.br\\\/?s={search_term_string}\"},\"query-input\":{\"@type\":\"PropertyValueSpecification\",\"valueRequired\":true,\"valueName\":\"search_term_string\"}}],\"inLanguage\":\"pt-BR\"},{\"@type\":\"Organization\",\"@id\":\"https:\\\/\\\/corrosionx.com.br\\\/#organization\",\"name\":\"CorrosionX\",\"url\":\"https:\\\/\\\/corrosionx.com.br\\\/\",\"logo\":{\"@type\":\"ImageObject\",\"inLanguage\":\"pt-BR\",\"@id\":\"https:\\\/\\\/corrosionx.com.br\\\/#\\\/schema\\\/logo\\\/image\\\/\",\"url\":\"https:\\\/\\\/corrosionx.com.br\\\/wp-content\\\/uploads\\\/2020\\\/03\\\/logo-peq.jpg\",\"contentUrl\":\"https:\\\/\\\/corrosionx.com.br\\\/wp-content\\\/uploads\\\/2020\\\/03\\\/logo-peq.jpg\",\"width\":220,\"height\":40,\"caption\":\"CorrosionX\"},\"image\":{\"@id\":\"https:\\\/\\\/corrosionx.com.br\\\/#\\\/schema\\\/logo\\\/image\\\/\"},\"sameAs\":[\"https:\\\/\\\/www.facebook.com\\\/CorrosionXBrasil\",\"https:\\\/\\\/www.instagram.com\\\/corrosionx\\\/\"]}]}<\/script>\n<!-- \/ Yoast SEO plugin. -->","yoast_head_json":{"title":"CorrosionX Marine \u2014 Inibidor de corros\u00e3o e lubrificante","description":"CorrosionX Marine: prote\u00e7\u00e3o anticorrosiva e lubrificante premium para armas, eletr\u00f4nicos, barcos, motores e estruturas.","robots":{"index":"index","follow":"follow","max-snippet":"max-snippet:-1","max-image-preview":"max-image-preview:large","max-video-preview":"max-video-preview:-1"},"canonical":"https:\/\/corrosionx.com.br\/index.php\/corrosionx-marine\/","og_locale":"pt_BR","og_type":"article","og_title":"CorrosionX Marine \u2014 Inibidor de corros\u00e3o e lubrificante","og_description":"CorrosionX Marine: prote\u00e7\u00e3o anticorrosiva e lubrificante premium para armas, eletr\u00f4nicos, barcos, motores e estruturas.","og_url":"https:\/\/corrosionx.com.br\/index.php\/corrosionx-marine\/","og_site_name":"CorrosionX","article_publisher":"https:\/\/www.facebook.com\/CorrosionXBrasil","article_modified_time":"2025-11-10T11:55:51+00:00","og_image":[{"width":64,"height":200,"url":"https:\/\/corrosionx.com.br\/wp-content\/uploads\/2023\/11\/marine02-peq.jpg","type":"image\/jpeg"}],"twitter_card":"summary_large_image","twitter_misc":{"Est. tempo de leitura":"4 minutos"},"schema":{"@context":"https:\/\/schema.org","@graph":[{"@type":"WebPage","@id":"https:\/\/corrosionx.com.br\/index.php\/corrosionx-marine\/","url":"https:\/\/corrosionx.com.br\/index.php\/corrosionx-marine\/","name":"CorrosionX Marine \u2014 Inibidor de corros\u00e3o e lubrificante","isPartOf":{"@id":"https:\/\/corrosionx.com.br\/#website"},"primaryImageOfPage":{"@id":"https:\/\/corrosionx.com.br\/index.php\/corrosionx-marine\/#primaryimage"},"image":{"@id":"https:\/\/corrosionx.com.br\/index.php\/corrosionx-marine\/#primaryimage"},"thumbnailUrl":"http:\/\/corrosionx.com.br\/wp-content\/uploads\/2023\/11\/marine02-peq.jpg","datePublished":"2020-03-29T00:25:45+00:00","dateModified":"2025-11-10T11:55:51+00:00","description":"CorrosionX Marine: prote\u00e7\u00e3o anticorrosiva e lubrificante premium para armas, eletr\u00f4nicos, barcos, motores e estruturas.","breadcrumb":{"@id":"https:\/\/corrosionx.com.br\/index.php\/corrosionx-marine\/#breadcrumb"},"inLanguage":"pt-BR","potentialAction":[{"@type":"ReadAction","target":["https:\/\/corrosionx.com.br\/index.php\/corrosionx-marine\/"]}]},{"@type":"ImageObject","inLanguage":"pt-BR","@id":"https:\/\/corrosionx.com.br\/index.php\/corrosionx-marine\/#primaryimage","url":"https:\/\/corrosionx.com.br\/wp-content\/uploads\/2023\/11\/marine02-peq.jpg","contentUrl":"https:\/\/corrosionx.com.br\/wp-content\/uploads\/2023\/11\/marine02-peq.jpg","width":64,"height":200},{"@type":"BreadcrumbList","@id":"https:\/\/corrosionx.com.br\/index.php\/corrosionx-marine\/#breadcrumb","itemListElement":[{"@type":"ListItem","position":1,"name":"In\u00edcio","item":"https:\/\/corrosionx.com.br\/"},{"@type":"ListItem","position":2,"name":"CorrosionX Marine"}]},{"@type":"WebSite","@id":"https:\/\/corrosionx.com.br\/#website","url":"https:\/\/corrosionx.com.br\/","name":"CorrosionX","description":"Lubrificante de alta performance","publisher":{"@id":"https:\/\/corrosionx.com.br\/#organization"},"potentialAction":[{"@type":"SearchAction","target":{"@type":"EntryPoint","urlTemplate":"https:\/\/corrosionx.com.br\/?s={search_term_string}"},"query-input":{"@type":"PropertyValueSpecification","valueRequired":true,"valueName":"search_term_string"}}],"inLanguage":"pt-BR"},{"@type":"Organization","@id":"https:\/\/corrosionx.com.br\/#organization","name":"CorrosionX","url":"https:\/\/corrosionx.com.br\/","logo":{"@type":"ImageObject","inLanguage":"pt-BR","@id":"https:\/\/corrosionx.com.br\/#\/schema\/logo\/image\/","url":"https:\/\/corrosionx.com.br\/wp-content\/uploads\/2020\/03\/logo-peq.jpg","contentUrl":"https:\/\/corrosionx.com.br\/wp-content\/uploads\/2020\/03\/logo-peq.jpg","width":220,"height":40,"caption":"CorrosionX"},"image":{"@id":"https:\/\/corrosionx.com.br\/#\/schema\/logo\/image\/"},"sameAs":["https:\/\/www.facebook.com\/CorrosionXBrasil","https:\/\/www.instagram.com\/corrosionx\/"]}]}},"_links":{"self":[{"href":"https:\/\/corrosionx.com.br\/index.php\/wp-json\/wp\/v2\/pages\/27","targetHints":{"allow":["GET"]}}],"collection":[{"href":"https:\/\/corrosionx.com.br\/index.php\/wp-json\/wp\/v2\/pages"}],"about":[{"href":"https:\/\/corrosionx.com.br\/index.php\/wp-json\/wp\/v2\/types\/page"}],"author":[{"embeddable":true,"href":"https:\/\/corrosionx.com.br\/index.php\/wp-json\/wp\/v2\/users\/1"}],"replies":[{"embeddable":true,"href":"https:\/\/corrosionx.com.br\/index.php\/wp-json\/wp\/v2\/comments?post=27"}],"version-history":[{"count":21,"href":"https:\/\/corrosionx.com.br\/index.php\/wp-json\/wp\/v2\/pages\/27\/revisions"}],"predecessor-version":[{"id":685,"href":"https:\/\/corrosionx.com.br\/index.php\/wp-json\/wp\/v2\/pages\/27\/revisions\/685"}],"wp:attachment":[{"href":"https:\/\/corrosionx.com.br\/index.php\/wp-json\/wp\/v2\/media?parent=27"}],"curies":[{"name":"wp","href":"https:\/\/api.w.org\/{rel}","templated":true}]}}