{"id":19,"date":"2020-03-28T20:31:16","date_gmt":"2020-03-28T23:31:16","guid":{"rendered":"http:\/\/corrosionx.com.br\/?page_id=19"},"modified":"2025-11-07T08:09:35","modified_gmt":"2025-11-07T11:09:35","slug":"corrosionx-aviation","status":"publish","type":"page","link":"https:\/\/corrosionx.com.br\/index.php\/corrosionx-aviation\/","title":{"rendered":"CorrosionX Aviation"},"content":{"rendered":"\n<div class=\"wp-block-columns is-layout-flex wp-container-core-columns-is-layout-9d6595d7 wp-block-columns-is-layout-flex\">\n<div class=\"wp-block-column is-layout-flow wp-block-column-is-layout-flow\" style=\"flex-basis:33.33%\">\n<figure class=\"wp-block-image size-large is-resized\"><img loading=\"lazy\" decoding=\"async\" src=\"http:\/\/corrosionx.com.br\/wp-content\/uploads\/2022\/02\/aviation-378x1024.jpg\" alt=\"\" class=\"wp-image-424\" width=\"221\" height=\"598\" srcset=\"https:\/\/corrosionx.com.br\/wp-content\/uploads\/2022\/02\/aviation-378x1024.jpg 378w, https:\/\/corrosionx.com.br\/wp-content\/uploads\/2022\/02\/aviation-111x300.jpg 111w, https:\/\/corrosionx.com.br\/wp-content\/uploads\/2022\/02\/aviation.jpg 528w\" sizes=\"auto, (max-width: 221px) 100vw, 221px\" \/><\/figure>\n<\/div>\n\n\n\n<div class=\"wp-block-column is-layout-flow wp-block-column-is-layout-flow\" style=\"flex-basis:66.66%\">\n<p><strong><em>Corrosion<span class=\"has-inline-color has-vivid-red-color\">X<\/span> Aviation<\/em><\/strong> com os \u00faltimos avan\u00e7os na tecnologia de Pel\u00edcula Protetora Fluida, \u00e9 especialmente projetado para repelir a umidade, interromper a corros\u00e3o e oferecer uma prote\u00e7\u00e3o duradoura.<\/p>\n\n\n\n<p>Feito nos Estados Unidos,  <strong><em>Corrosion<span class=\"has-inline-color has-vivid-red-color\">X<\/span><\/em><\/strong>  atende a norma Mil-C-81309H, Tipo II para aplica\u00e7\u00f5es em fuselagens e \u00e9 largamente empregado pelas for\u00e7as armadas.<\/p>\n\n\n\n<p>Funciona mesmo? Relat\u00f3rios indicam que o ex\u00e9rcito americano, em Forte Drum, NY economizou US$ 4.000.000 em reparos das aeronaves tratadas com o  <strong><em>Corrosion<span class=\"has-inline-color has-vivid-red-color\">X<\/span><\/em><\/strong>  e que foram enviadas para a Som\u00e1lia, como pode ser omprovado em um artigo da Army Aviation, July 31, 1997. Resultados similares foram obtidos em helic\u00f3pteros enviados ao Haiti.<\/p>\n\n\n\n<p>Certifica\u00e7\u00f5es<br>* MIL-PRF-81309H Type II (atual)<br>* MIL-PRF-81309G Type II (at\u00e9 2018)<br>* MIL-PRF-81309F Type II (at\u00e9 2014)<br>* MIL-C-81309E Type II (at\u00e9 2005)<br>* Boeing Part No.: RMO 16679<br>* Pratt &amp; Whitney Part No.: PWC15-011<br>* Cessna Spec: CSNP038, Type 9A<\/p>\n\n\n\n<p>Utilizado extensivamente pelas for\u00e7as ardas do USA, bem como por for\u00e7as da OTAN, todos os produtos e equipamentos de aplica\u00e7\u00e3o da  <strong><em>Corrosion<span class=\"has-inline-color has-vivid-red-color\">X<\/span><\/em><\/strong> tem codifica\u00e7\u00e3o NSN (National Stock Numbers) e \u00e9 o \u00fanico produto que atende as novas exig\u00eancias da US Navy para controle da corros\u00e3o.<\/p>\n\n\n\n<p><strong>Features<\/strong><\/p>\n\n\n\n<ul class=\"wp-block-list\">\n<li>Elimina e previne a corros\u00e3o.<\/li>\n\n\n\n<li>Tecnologia de ades\u00e3o polar altamente dur\u00e1vel.<\/li>\n\n\n\n<li>Comprovado pelas for\u00e7as armadas do USA ser 2 vezes mais efetivo para prote\u00e7\u00e3o de fuselagens que outros produtos.<\/li>\n\n\n\n<li>Repele a umidade.<\/li>\n\n\n\n<li>Altamente penetrante<\/li>\n\n\n\n<li>Excelente lubrificante<\/li>\n\n\n\n<li>Pel\u00edcula auto-regenerativa<\/li>\n\n\n\n<li>Eficiente em todos os tipos de metal<\/li>\n\n\n\n<li>Seguro para aplica\u00e7\u00e3o em equipamentos eletr\u00f4nicos<\/li>\n\n\n\n<li>N\u00e3o cont\u00e9m cera ou silicone<\/li>\n<\/ul>\n\n\n\n<p><strong>Uso em aeronaves<br><\/strong>Aplicar no interior da fuselagem, terminais de bateria, dobradi\u00e7as, cabos, cubos de roda, cabe\u00e7ote de motores e atuadores dos &#8220;trimmers&#8221;. Ideal para componentes de exaust\u00e3o e turbo-compressor. Pode ser aplicado tamb\u00e9m em componentes avi\u00f4nicos, como micro switches, plugues, bases de antena, fus\u00edveis e barramentos.<\/p>\n<\/div>\n<\/div>\n","protected":false},"excerpt":{"rendered":"<p>CorrosionX Aviation com os \u00faltimos avan\u00e7os na tecnologia de Pel\u00edcula Protetora Fluida, \u00e9 especialmente projetado para repelir a umidade, interromper a <\/p>\n","protected":false},"author":1,"featured_media":0,"parent":0,"menu_order":0,"comment_status":"closed","ping_status":"closed","template":"","meta":{"footnotes":""},"class_list":["post-19","page","type-page","status-publish","hentry"],"yoast_head":"<!-- This site is optimized with the Yoast SEO plugin v27.5 - https:\/\/yoast.com\/product\/yoast-seo-wordpress\/ -->\n<title>CorrosionX Aviation, inibidor de corros\u00e3o, MIL-PRF-81309H<\/title>\n<meta name=\"description\" content=\"CorrosionX Aviation: inibidor de corros\u00e3o para uso em aeronaves. Prote\u00e7\u00e3o avan\u00e7ada contra corros\u00e3o, atende norma MIL-PRF-81309H Type II\" \/>\n<meta name=\"robots\" content=\"index, follow, max-snippet:-1, max-image-preview:large, max-video-preview:-1\" \/>\n<link rel=\"canonical\" href=\"https:\/\/corrosionx.com.br\/index.php\/corrosionx-aviation\/\" \/>\n<meta property=\"og:locale\" content=\"pt_BR\" \/>\n<meta property=\"og:type\" content=\"article\" \/>\n<meta property=\"og:title\" content=\"CorrosionX Aviation, inibidor de corros\u00e3o, MIL-PRF-81309H\" \/>\n<meta property=\"og:description\" content=\"CorrosionX Aviation: inibidor de corros\u00e3o para uso em aeronaves. Prote\u00e7\u00e3o avan\u00e7ada contra corros\u00e3o, atende norma MIL-PRF-81309H Type II\" \/>\n<meta property=\"og:url\" content=\"https:\/\/corrosionx.com.br\/index.php\/corrosionx-aviation\/\" \/>\n<meta property=\"og:site_name\" content=\"CorrosionX\" \/>\n<meta property=\"article:publisher\" content=\"https:\/\/www.facebook.com\/CorrosionXBrasil\" \/>\n<meta property=\"article:modified_time\" content=\"2025-11-07T11:09:35+00:00\" \/>\n<meta property=\"og:image\" content=\"http:\/\/corrosionx.com.br\/wp-content\/uploads\/2022\/02\/aviation-378x1024.jpg\" \/>\n<meta name=\"twitter:card\" content=\"summary_large_image\" \/>\n<meta name=\"twitter:label1\" content=\"Est. tempo de leitura\" \/>\n\t<meta name=\"twitter:data1\" content=\"2 minutos\" \/>\n<script type=\"application\/ld+json\" class=\"yoast-schema-graph\">{\"@context\":\"https:\\\/\\\/schema.org\",\"@graph\":[{\"@type\":\"WebPage\",\"@id\":\"https:\\\/\\\/corrosionx.com.br\\\/index.php\\\/corrosionx-aviation\\\/\",\"url\":\"https:\\\/\\\/corrosionx.com.br\\\/index.php\\\/corrosionx-aviation\\\/\",\"name\":\"CorrosionX Aviation, inibidor de corros\u00e3o, MIL-PRF-81309H\",\"isPartOf\":{\"@id\":\"https:\\\/\\\/corrosionx.com.br\\\/#website\"},\"primaryImageOfPage\":{\"@id\":\"https:\\\/\\\/corrosionx.com.br\\\/index.php\\\/corrosionx-aviation\\\/#primaryimage\"},\"image\":{\"@id\":\"https:\\\/\\\/corrosionx.com.br\\\/index.php\\\/corrosionx-aviation\\\/#primaryimage\"},\"thumbnailUrl\":\"http:\\\/\\\/corrosionx.com.br\\\/wp-content\\\/uploads\\\/2022\\\/02\\\/aviation-378x1024.jpg\",\"datePublished\":\"2020-03-28T23:31:16+00:00\",\"dateModified\":\"2025-11-07T11:09:35+00:00\",\"description\":\"CorrosionX Aviation: inibidor de corros\u00e3o para uso em aeronaves. Prote\u00e7\u00e3o avan\u00e7ada contra corros\u00e3o, atende norma MIL-PRF-81309H Type II\",\"breadcrumb\":{\"@id\":\"https:\\\/\\\/corrosionx.com.br\\\/index.php\\\/corrosionx-aviation\\\/#breadcrumb\"},\"inLanguage\":\"pt-BR\",\"potentialAction\":[{\"@type\":\"ReadAction\",\"target\":[\"https:\\\/\\\/corrosionx.com.br\\\/index.php\\\/corrosionx-aviation\\\/\"]}]},{\"@type\":\"ImageObject\",\"inLanguage\":\"pt-BR\",\"@id\":\"https:\\\/\\\/corrosionx.com.br\\\/index.php\\\/corrosionx-aviation\\\/#primaryimage\",\"url\":\"https:\\\/\\\/corrosionx.com.br\\\/wp-content\\\/uploads\\\/2022\\\/02\\\/aviation.jpg\",\"contentUrl\":\"https:\\\/\\\/corrosionx.com.br\\\/wp-content\\\/uploads\\\/2022\\\/02\\\/aviation.jpg\",\"width\":528,\"height\":1430},{\"@type\":\"BreadcrumbList\",\"@id\":\"https:\\\/\\\/corrosionx.com.br\\\/index.php\\\/corrosionx-aviation\\\/#breadcrumb\",\"itemListElement\":[{\"@type\":\"ListItem\",\"position\":1,\"name\":\"In\u00edcio\",\"item\":\"https:\\\/\\\/corrosionx.com.br\\\/\"},{\"@type\":\"ListItem\",\"position\":2,\"name\":\"CorrosionX Aviation\"}]},{\"@type\":\"WebSite\",\"@id\":\"https:\\\/\\\/corrosionx.com.br\\\/#website\",\"url\":\"https:\\\/\\\/corrosionx.com.br\\\/\",\"name\":\"CorrosionX\",\"description\":\"Lubrificante de alta performance\",\"publisher\":{\"@id\":\"https:\\\/\\\/corrosionx.com.br\\\/#organization\"},\"potentialAction\":[{\"@type\":\"SearchAction\",\"target\":{\"@type\":\"EntryPoint\",\"urlTemplate\":\"https:\\\/\\\/corrosionx.com.br\\\/?s={search_term_string}\"},\"query-input\":{\"@type\":\"PropertyValueSpecification\",\"valueRequired\":true,\"valueName\":\"search_term_string\"}}],\"inLanguage\":\"pt-BR\"},{\"@type\":\"Organization\",\"@id\":\"https:\\\/\\\/corrosionx.com.br\\\/#organization\",\"name\":\"CorrosionX\",\"url\":\"https:\\\/\\\/corrosionx.com.br\\\/\",\"logo\":{\"@type\":\"ImageObject\",\"inLanguage\":\"pt-BR\",\"@id\":\"https:\\\/\\\/corrosionx.com.br\\\/#\\\/schema\\\/logo\\\/image\\\/\",\"url\":\"https:\\\/\\\/corrosionx.com.br\\\/wp-content\\\/uploads\\\/2020\\\/03\\\/logo-peq.jpg\",\"contentUrl\":\"https:\\\/\\\/corrosionx.com.br\\\/wp-content\\\/uploads\\\/2020\\\/03\\\/logo-peq.jpg\",\"width\":220,\"height\":40,\"caption\":\"CorrosionX\"},\"image\":{\"@id\":\"https:\\\/\\\/corrosionx.com.br\\\/#\\\/schema\\\/logo\\\/image\\\/\"},\"sameAs\":[\"https:\\\/\\\/www.facebook.com\\\/CorrosionXBrasil\",\"https:\\\/\\\/www.instagram.com\\\/corrosionx\\\/\"]}]}<\/script>\n<!-- \/ Yoast SEO plugin. -->","yoast_head_json":{"title":"CorrosionX Aviation, inibidor de corros\u00e3o, MIL-PRF-81309H","description":"CorrosionX Aviation: inibidor de corros\u00e3o para uso em aeronaves. Prote\u00e7\u00e3o avan\u00e7ada contra corros\u00e3o, atende norma MIL-PRF-81309H Type II","robots":{"index":"index","follow":"follow","max-snippet":"max-snippet:-1","max-image-preview":"max-image-preview:large","max-video-preview":"max-video-preview:-1"},"canonical":"https:\/\/corrosionx.com.br\/index.php\/corrosionx-aviation\/","og_locale":"pt_BR","og_type":"article","og_title":"CorrosionX Aviation, inibidor de corros\u00e3o, MIL-PRF-81309H","og_description":"CorrosionX Aviation: inibidor de corros\u00e3o para uso em aeronaves. Prote\u00e7\u00e3o avan\u00e7ada contra corros\u00e3o, atende norma MIL-PRF-81309H Type II","og_url":"https:\/\/corrosionx.com.br\/index.php\/corrosionx-aviation\/","og_site_name":"CorrosionX","article_publisher":"https:\/\/www.facebook.com\/CorrosionXBrasil","article_modified_time":"2025-11-07T11:09:35+00:00","og_image":[{"url":"http:\/\/corrosionx.com.br\/wp-content\/uploads\/2022\/02\/aviation-378x1024.jpg","type":"","width":"","height":""}],"twitter_card":"summary_large_image","twitter_misc":{"Est. tempo de leitura":"2 minutos"},"schema":{"@context":"https:\/\/schema.org","@graph":[{"@type":"WebPage","@id":"https:\/\/corrosionx.com.br\/index.php\/corrosionx-aviation\/","url":"https:\/\/corrosionx.com.br\/index.php\/corrosionx-aviation\/","name":"CorrosionX Aviation, inibidor de corros\u00e3o, MIL-PRF-81309H","isPartOf":{"@id":"https:\/\/corrosionx.com.br\/#website"},"primaryImageOfPage":{"@id":"https:\/\/corrosionx.com.br\/index.php\/corrosionx-aviation\/#primaryimage"},"image":{"@id":"https:\/\/corrosionx.com.br\/index.php\/corrosionx-aviation\/#primaryimage"},"thumbnailUrl":"http:\/\/corrosionx.com.br\/wp-content\/uploads\/2022\/02\/aviation-378x1024.jpg","datePublished":"2020-03-28T23:31:16+00:00","dateModified":"2025-11-07T11:09:35+00:00","description":"CorrosionX Aviation: inibidor de corros\u00e3o para uso em aeronaves. Prote\u00e7\u00e3o avan\u00e7ada contra corros\u00e3o, atende norma MIL-PRF-81309H Type II","breadcrumb":{"@id":"https:\/\/corrosionx.com.br\/index.php\/corrosionx-aviation\/#breadcrumb"},"inLanguage":"pt-BR","potentialAction":[{"@type":"ReadAction","target":["https:\/\/corrosionx.com.br\/index.php\/corrosionx-aviation\/"]}]},{"@type":"ImageObject","inLanguage":"pt-BR","@id":"https:\/\/corrosionx.com.br\/index.php\/corrosionx-aviation\/#primaryimage","url":"https:\/\/corrosionx.com.br\/wp-content\/uploads\/2022\/02\/aviation.jpg","contentUrl":"https:\/\/corrosionx.com.br\/wp-content\/uploads\/2022\/02\/aviation.jpg","width":528,"height":1430},{"@type":"BreadcrumbList","@id":"https:\/\/corrosionx.com.br\/index.php\/corrosionx-aviation\/#breadcrumb","itemListElement":[{"@type":"ListItem","position":1,"name":"In\u00edcio","item":"https:\/\/corrosionx.com.br\/"},{"@type":"ListItem","position":2,"name":"CorrosionX Aviation"}]},{"@type":"WebSite","@id":"https:\/\/corrosionx.com.br\/#website","url":"https:\/\/corrosionx.com.br\/","name":"CorrosionX","description":"Lubrificante de alta performance","publisher":{"@id":"https:\/\/corrosionx.com.br\/#organization"},"potentialAction":[{"@type":"SearchAction","target":{"@type":"EntryPoint","urlTemplate":"https:\/\/corrosionx.com.br\/?s={search_term_string}"},"query-input":{"@type":"PropertyValueSpecification","valueRequired":true,"valueName":"search_term_string"}}],"inLanguage":"pt-BR"},{"@type":"Organization","@id":"https:\/\/corrosionx.com.br\/#organization","name":"CorrosionX","url":"https:\/\/corrosionx.com.br\/","logo":{"@type":"ImageObject","inLanguage":"pt-BR","@id":"https:\/\/corrosionx.com.br\/#\/schema\/logo\/image\/","url":"https:\/\/corrosionx.com.br\/wp-content\/uploads\/2020\/03\/logo-peq.jpg","contentUrl":"https:\/\/corrosionx.com.br\/wp-content\/uploads\/2020\/03\/logo-peq.jpg","width":220,"height":40,"caption":"CorrosionX"},"image":{"@id":"https:\/\/corrosionx.com.br\/#\/schema\/logo\/image\/"},"sameAs":["https:\/\/www.facebook.com\/CorrosionXBrasil","https:\/\/www.instagram.com\/corrosionx\/"]}]}},"_links":{"self":[{"href":"https:\/\/corrosionx.com.br\/index.php\/wp-json\/wp\/v2\/pages\/19","targetHints":{"allow":["GET"]}}],"collection":[{"href":"https:\/\/corrosionx.com.br\/index.php\/wp-json\/wp\/v2\/pages"}],"about":[{"href":"https:\/\/corrosionx.com.br\/index.php\/wp-json\/wp\/v2\/types\/page"}],"author":[{"embeddable":true,"href":"https:\/\/corrosionx.com.br\/index.php\/wp-json\/wp\/v2\/users\/1"}],"replies":[{"embeddable":true,"href":"https:\/\/corrosionx.com.br\/index.php\/wp-json\/wp\/v2\/comments?post=19"}],"version-history":[{"count":12,"href":"https:\/\/corrosionx.com.br\/index.php\/wp-json\/wp\/v2\/pages\/19\/revisions"}],"predecessor-version":[{"id":587,"href":"https:\/\/corrosionx.com.br\/index.php\/wp-json\/wp\/v2\/pages\/19\/revisions\/587"}],"wp:attachment":[{"href":"https:\/\/corrosionx.com.br\/index.php\/wp-json\/wp\/v2\/media?parent=19"}],"curies":[{"name":"wp","href":"https:\/\/api.w.org\/{rel}","templated":true}]}}