{"id":171,"date":"2020-04-25T14:19:17","date_gmt":"2020-04-25T17:19:17","guid":{"rendered":"http:\/\/corrosionx.com.br\/?page_id=171"},"modified":"2025-11-10T09:18:12","modified_gmt":"2025-11-10T12:18:12","slug":"faq","status":"publish","type":"page","link":"https:\/\/corrosionx.com.br\/index.php\/faq\/","title":{"rendered":"Perguntas frequentes"},"content":{"rendered":"\n<p><strong>P:<\/strong> O que difere <strong><em>Corrosion<span class=\"has-inline-color has-vivid-red-color\">X<\/span><\/em><\/strong> dos outros micro-\u00f3leos dispon\u00edveis do mercado?<\/p>\n\n\n\n<p><strong>R:<\/strong> <strong><em>Corrosion<mark style=\"background-color:rgba(0, 0, 0, 0)\" class=\"has-inline-color has-vivid-red-color\">X<\/mark><\/em><\/strong> possui mais de 10 componentes diferentes em sua formula\u00e7\u00e3o, o que lhe confere grande durabilidade, capacidade de prote\u00e7\u00e3o e redu\u00e7\u00e3o de desgaste. Possui 0% de solvente, ao contr\u00e1rio de outros do mercado que possuem mais de 50% desse componente. Al\u00e9m disso, possui a exclusiva <a href=\"http:\/\/corrosionx.com.br\/arquivos\/pdf\/adesao-polar.pdf\" target=\"_blank\" rel=\"noreferrer noopener\">ades\u00e3o polar<\/a>. Veja <a href=\"https:\/\/corrosionx.com.br\/index.php\/comparativo-corrosionx-wd40\/\" target=\"_blank\" rel=\"noreferrer noopener\">nessa p\u00e1gina um comparativo mais detalhado<\/a>.<\/p>\n\n\n\n<p><strong>P:<\/strong> Onde posso encontrar as caracter\u00edsticas t\u00e9cnicas dos produtos?<\/p>\n\n\n\n<p><strong>R:<\/strong> Na p\u00e1gina <a rel=\"noreferrer noopener\" href=\"http:\/\/corrosionx.com.br\/index.php\/fispq\/\" target=\"_blank\">FISPQ<\/a>. Al\u00e9m das caracter\u00edsticas t\u00e9cnicas l\u00e1 s\u00e3o encontradas tamb\u00e9m as Fichas de Informa\u00e7\u00f5es de Produtos Qu\u00edmicos.<\/p>\n\n\n\n<p><strong>P:<\/strong> Qual a diferen\u00e7a entre os produtos da linha?<\/p>\n\n\n\n<p><strong>R:<\/strong> Os produtos diferem basicamente em sua viscosidade, o que vai influir na resist\u00eancia do mesmo aos elementos causadores da corros\u00e3o. Abaixo segue uma vis\u00e3o resumida de cada produto:<br><strong><em>Corrosion<span class=\"has-inline-color has-vivid-red-color\">X<\/span><\/em><\/strong> Marine (lata vermelha): carro chefe de vendas, \u00e9 o produto de uso gen\u00e9rico para uso geral. Mais informa\u00e7\u00f5es na p\u00e1gina <a rel=\"noreferrer noopener\" href=\"http:\/\/corrosionx.com.br\/index.php\/corrosionx-marine\/\" target=\"_blank\">Produtos<\/a>.<br><strong><em>Corrosion<strong><em><span class=\"has-inline-color has-vivid-red-color\">X<\/span><\/em><\/strong><\/em><\/strong> Heavy Duty (lata verde): bem mas espesso que o <strong><em>Corrosion<span class=\"has-inline-color has-vivid-red-color\">X<\/span><\/em><\/strong> Marine, mais resistente \u00e0 corros\u00e3o. Indicado para equipamentos pesados e que tenham contato direto com a \u00e1gua. Mais informa\u00e7\u00f5es na p\u00e1gina <a rel=\"noreferrer noopener\" href=\"http:\/\/corrosionx.com.br\/index.php\/corrosionx-heavy-duty\/\" target=\"_blank\">Produtos<\/a>.<br><strong><em>Corrosion<strong><em><span class=\"has-inline-color has-vivid-red-color\">X<\/span><\/em><\/strong><\/em><\/strong> Aviation (lata azul): possui caracter\u00edsticas qu\u00edmicas similares ao <strong><em>Corrosion<strong><em><span class=\"has-inline-color has-vivid-red-color\">X<\/span><\/em><\/strong><\/em><\/strong> Marine, por\u00e9m possui certifica\u00e7\u00e3o militar MIL-PRF-81309H Type II. Mais informa\u00e7\u00f5es na p\u00e1gina <a rel=\"noreferrer noopener\" href=\"http:\/\/corrosionx.com.br\/index.php\/corrosionx-aviation\/\" target=\"_blank\">Produtos<\/a><br><strong><em>Corrosion<strong><em><span class=\"has-inline-color has-vivid-red-color\">X<\/span><\/em><\/strong><\/em><\/strong> for Guns (almotolia 30 ml): trata-se do mesmo produto que o <strong><em>Corrosion<strong><em><span class=\"has-inline-color has-vivid-red-color\">X<\/span><\/em><\/strong><\/em><\/strong> Marine, mas em uma econ\u00f4mica embalagem pl\u00e1stica de 30 ml. Mais informa\u00e7\u00f5es na p\u00e1gina <a rel=\"noreferrer noopener\" href=\"http:\/\/corrosionx.com.br\/index.php\/corrosionx-for-guns\/\" target=\"_blank\">Produtos<\/a>.<\/p>\n\n\n\n<p><strong>P:<\/strong> Qual o produto indicado para uso em eletro\/eletr\u00f4nicos?<\/p>\n\n\n\n<p><strong>R:<\/strong> Os indicados s\u00e3o <strong><em>Corrosion<span class=\"has-inline-color has-vivid-red-color\">X<\/span><\/em><\/strong> Marine, e <strong><em>Corrosion<span class=\"has-inline-color has-vivid-red-color\">X<\/span><\/em><\/strong> Aviation.<\/p>\n\n\n\n<p><strong>P:<\/strong> O <strong><em>Corrosion<span class=\"has-inline-color has-vivid-red-color\">X<\/span><\/em><\/strong> Heavy Duty pode ser aplicados em placas eletr\u00f4nicas?<\/p>\n\n\n\n<p><strong>R:<\/strong> Essa vers\u00e3o \u00e9 muito espessa e n\u00e3o se recomenda o uso em placas eletr\u00f4nicas, por\u00e9m pode ser usada em conex\u00f5es.<\/p>\n\n\n\n<p><strong>P:<\/strong> Qual o benef\u00edcio da aplica\u00e7\u00e3o do <strong><em>Corrosion<span class=\"has-inline-color has-vivid-red-color\">X<\/span><\/em><\/strong> em conex\u00f5es?<\/p>\n\n\n\n<p><strong>R:<\/strong> Al\u00e9m de evitar a oxida\u00e7\u00e3o das conex\u00f5es, ele reduz sensivelmente a resist\u00eancia, melhorando as conex\u00f5es. Veja esse <a href=\"http:\/\/corrosionx.com.br\/arquivos\/pdf\/materia-audio-109.pdf\" target=\"_blank\" rel=\"noreferrer noopener\">teste <\/a>realizado pela revista \u00c1udio &amp; V\u00eddeo. Veja aqui uma <a href=\"https:\/\/corrosionx.com.br\/index.php\/conexoes\/\">explica\u00e7\u00e3o mais detalhada<\/a>.<\/p>\n\n\n\n<p><strong>P:<\/strong> Qual a durabilidade do produto?<\/p>\n\n\n\n<p><strong>R:<\/strong> A durabilidade varia muito em fun\u00e7\u00e3o de onde ser\u00e1 aplicado, frequ\u00eancia de uso do equipamento e exposi\u00e7\u00e3o ao sol, chuva, abras\u00e3o e etc. As <a rel=\"noreferrer noopener\" href=\"http:\/\/corrosionx.com.br\/index.php\/fispq\/\" target=\"_blank\">Fichas T\u00e9cnicas <\/a>dos produtos fornecem a informa\u00e7\u00e3o em n\u00famero de horas de teste Salt Spray de acordo com a norma ASTMB-117 e ASTMD-1748.<\/p>\n\n\n\n<p><strong>P:<\/strong> <strong><em>Corrosion<span class=\"has-inline-color has-vivid-red-color\">X<\/span><\/em><\/strong> pode ser aplicado sobre superf\u00edcies j\u00e1 oxidadas?<\/p>\n\n\n\n<p><strong>R:<\/strong> Sim, embora a aplica\u00e7\u00e3o sobre uma superf\u00edcie limpa seja mais eficiente. Deviso \u00e0 sua exclusiva <a rel=\"noreferrer noopener\" href=\"http:\/\/corrosionx.com.br\/arquivos\/pdf\/adesao-polar.pdf\" target=\"_blank\">ades\u00e3o polar<\/a>, <strong><em>Corrosion<span class=\"has-inline-color has-vivid-red-color\">X<\/span><\/em><\/strong> vai ultrapassar a camada oxidada e aderir ao metal. Veja tamb\u00e9m o t\u00f3pico Dupla Aplica\u00e7\u00e3o mais abaixo.<\/p>\n\n\n\n<p><strong>P:<\/strong> Dupla aplica\u00e7\u00e3o, o que \u00e9 isso?<\/p>\n\n\n\n<p><strong>R:<\/strong> Em alguns casos, onde haja grande ferrugem existente e para que se obtenha a m\u00e1xima prote\u00e7\u00e3o, aconselha-se a aplica\u00e7\u00e3o e uma fina camada do <strong><em>Corrosion<span class=\"has-inline-color has-vivid-red-color\">X<\/span><\/em><\/strong> Marine para que o produto ultrapasse a camada oxidada e se fixe no metal n\u00e3o oxidado. Ap\u00f3s alguns minutos aplicar por cima o <strong><em>Corrosion<span class=\"has-inline-color has-vivid-red-color\">X<\/span><\/em><\/strong> Heavy Duty. Essa t\u00e9cnica garante efici\u00eancia m\u00e1xima na prote\u00e7\u00e3o e foi utilizada no teste realizado em <a href=\"http:\/\/corrosionx.com.br\/arquivos\/pdf\/renova_energia.pdf\" target=\"_blank\" rel=\"noreferrer noopener\">torres de energia e\u00f3lica<\/a>.<\/p>\n","protected":false},"excerpt":{"rendered":"<p>P: O que difere CorrosionX dos outros micro-\u00f3leos dispon\u00edveis do mercado? R: CorrosionX possui mais de 10 componentes diferentes em sua formula\u00e7\u00e3o, o q<\/p>\n","protected":false},"author":1,"featured_media":0,"parent":0,"menu_order":0,"comment_status":"closed","ping_status":"closed","template":"","meta":{"footnotes":""},"class_list":["post-171","page","type-page","status-publish","hentry"],"yoast_head":"<!-- This site is optimized with the Yoast SEO plugin v27.5 - https:\/\/yoast.com\/product\/yoast-seo-wordpress\/ -->\n<title>Perguntas frequentes - CorrosionX - tudo em um s\u00f3 lugar.<\/title>\n<meta name=\"description\" content=\"Tire suas d\u00favidas sobre o CorrosionX: aplica\u00e7\u00f5es, usos e benef\u00edcios. Garanta desempenho e prote\u00e7\u00e3o eficaz com informa\u00e7\u00f5es claras.\" \/>\n<meta name=\"robots\" content=\"index, follow, max-snippet:-1, max-image-preview:large, max-video-preview:-1\" \/>\n<link rel=\"canonical\" href=\"https:\/\/corrosionx.com.br\/index.php\/faq\/\" \/>\n<meta property=\"og:locale\" content=\"pt_BR\" \/>\n<meta property=\"og:type\" content=\"article\" \/>\n<meta property=\"og:title\" content=\"Perguntas frequentes - CorrosionX - tudo em um s\u00f3 lugar.\" \/>\n<meta property=\"og:description\" content=\"Tire suas d\u00favidas sobre o CorrosionX: aplica\u00e7\u00f5es, usos e benef\u00edcios. Garanta desempenho e prote\u00e7\u00e3o eficaz com informa\u00e7\u00f5es claras.\" \/>\n<meta property=\"og:url\" content=\"https:\/\/corrosionx.com.br\/index.php\/faq\/\" \/>\n<meta property=\"og:site_name\" content=\"CorrosionX\" \/>\n<meta property=\"article:publisher\" content=\"https:\/\/www.facebook.com\/CorrosionXBrasil\" \/>\n<meta property=\"article:modified_time\" content=\"2025-11-10T12:18:12+00:00\" \/>\n<meta name=\"twitter:card\" content=\"summary_large_image\" \/>\n<meta name=\"twitter:label1\" content=\"Est. tempo de leitura\" \/>\n\t<meta name=\"twitter:data1\" content=\"3 minutos\" \/>\n<script type=\"application\/ld+json\" class=\"yoast-schema-graph\">{\"@context\":\"https:\\\/\\\/schema.org\",\"@graph\":[{\"@type\":\"WebPage\",\"@id\":\"https:\\\/\\\/corrosionx.com.br\\\/index.php\\\/faq\\\/\",\"url\":\"https:\\\/\\\/corrosionx.com.br\\\/index.php\\\/faq\\\/\",\"name\":\"Perguntas frequentes - CorrosionX - tudo em um s\u00f3 lugar.\",\"isPartOf\":{\"@id\":\"https:\\\/\\\/corrosionx.com.br\\\/#website\"},\"datePublished\":\"2020-04-25T17:19:17+00:00\",\"dateModified\":\"2025-11-10T12:18:12+00:00\",\"description\":\"Tire suas d\u00favidas sobre o CorrosionX: aplica\u00e7\u00f5es, usos e benef\u00edcios. Garanta desempenho e prote\u00e7\u00e3o eficaz com informa\u00e7\u00f5es claras.\",\"breadcrumb\":{\"@id\":\"https:\\\/\\\/corrosionx.com.br\\\/index.php\\\/faq\\\/#breadcrumb\"},\"inLanguage\":\"pt-BR\",\"potentialAction\":[{\"@type\":\"ReadAction\",\"target\":[\"https:\\\/\\\/corrosionx.com.br\\\/index.php\\\/faq\\\/\"]}]},{\"@type\":\"BreadcrumbList\",\"@id\":\"https:\\\/\\\/corrosionx.com.br\\\/index.php\\\/faq\\\/#breadcrumb\",\"itemListElement\":[{\"@type\":\"ListItem\",\"position\":1,\"name\":\"In\u00edcio\",\"item\":\"https:\\\/\\\/corrosionx.com.br\\\/\"},{\"@type\":\"ListItem\",\"position\":2,\"name\":\"Perguntas frequentes\"}]},{\"@type\":\"WebSite\",\"@id\":\"https:\\\/\\\/corrosionx.com.br\\\/#website\",\"url\":\"https:\\\/\\\/corrosionx.com.br\\\/\",\"name\":\"CorrosionX\",\"description\":\"Lubrificante de alta performance\",\"publisher\":{\"@id\":\"https:\\\/\\\/corrosionx.com.br\\\/#organization\"},\"potentialAction\":[{\"@type\":\"SearchAction\",\"target\":{\"@type\":\"EntryPoint\",\"urlTemplate\":\"https:\\\/\\\/corrosionx.com.br\\\/?s={search_term_string}\"},\"query-input\":{\"@type\":\"PropertyValueSpecification\",\"valueRequired\":true,\"valueName\":\"search_term_string\"}}],\"inLanguage\":\"pt-BR\"},{\"@type\":\"Organization\",\"@id\":\"https:\\\/\\\/corrosionx.com.br\\\/#organization\",\"name\":\"CorrosionX\",\"url\":\"https:\\\/\\\/corrosionx.com.br\\\/\",\"logo\":{\"@type\":\"ImageObject\",\"inLanguage\":\"pt-BR\",\"@id\":\"https:\\\/\\\/corrosionx.com.br\\\/#\\\/schema\\\/logo\\\/image\\\/\",\"url\":\"https:\\\/\\\/corrosionx.com.br\\\/wp-content\\\/uploads\\\/2020\\\/03\\\/logo-peq.jpg\",\"contentUrl\":\"https:\\\/\\\/corrosionx.com.br\\\/wp-content\\\/uploads\\\/2020\\\/03\\\/logo-peq.jpg\",\"width\":220,\"height\":40,\"caption\":\"CorrosionX\"},\"image\":{\"@id\":\"https:\\\/\\\/corrosionx.com.br\\\/#\\\/schema\\\/logo\\\/image\\\/\"},\"sameAs\":[\"https:\\\/\\\/www.facebook.com\\\/CorrosionXBrasil\",\"https:\\\/\\\/www.instagram.com\\\/corrosionx\\\/\"]}]}<\/script>\n<!-- \/ Yoast SEO plugin. -->","yoast_head_json":{"title":"Perguntas frequentes - CorrosionX - tudo em um s\u00f3 lugar.","description":"Tire suas d\u00favidas sobre o CorrosionX: aplica\u00e7\u00f5es, usos e benef\u00edcios. Garanta desempenho e prote\u00e7\u00e3o eficaz com informa\u00e7\u00f5es claras.","robots":{"index":"index","follow":"follow","max-snippet":"max-snippet:-1","max-image-preview":"max-image-preview:large","max-video-preview":"max-video-preview:-1"},"canonical":"https:\/\/corrosionx.com.br\/index.php\/faq\/","og_locale":"pt_BR","og_type":"article","og_title":"Perguntas frequentes - CorrosionX - tudo em um s\u00f3 lugar.","og_description":"Tire suas d\u00favidas sobre o CorrosionX: aplica\u00e7\u00f5es, usos e benef\u00edcios. Garanta desempenho e prote\u00e7\u00e3o eficaz com informa\u00e7\u00f5es claras.","og_url":"https:\/\/corrosionx.com.br\/index.php\/faq\/","og_site_name":"CorrosionX","article_publisher":"https:\/\/www.facebook.com\/CorrosionXBrasil","article_modified_time":"2025-11-10T12:18:12+00:00","twitter_card":"summary_large_image","twitter_misc":{"Est. tempo de leitura":"3 minutos"},"schema":{"@context":"https:\/\/schema.org","@graph":[{"@type":"WebPage","@id":"https:\/\/corrosionx.com.br\/index.php\/faq\/","url":"https:\/\/corrosionx.com.br\/index.php\/faq\/","name":"Perguntas frequentes - CorrosionX - tudo em um s\u00f3 lugar.","isPartOf":{"@id":"https:\/\/corrosionx.com.br\/#website"},"datePublished":"2020-04-25T17:19:17+00:00","dateModified":"2025-11-10T12:18:12+00:00","description":"Tire suas d\u00favidas sobre o CorrosionX: aplica\u00e7\u00f5es, usos e benef\u00edcios. Garanta desempenho e prote\u00e7\u00e3o eficaz com informa\u00e7\u00f5es claras.","breadcrumb":{"@id":"https:\/\/corrosionx.com.br\/index.php\/faq\/#breadcrumb"},"inLanguage":"pt-BR","potentialAction":[{"@type":"ReadAction","target":["https:\/\/corrosionx.com.br\/index.php\/faq\/"]}]},{"@type":"BreadcrumbList","@id":"https:\/\/corrosionx.com.br\/index.php\/faq\/#breadcrumb","itemListElement":[{"@type":"ListItem","position":1,"name":"In\u00edcio","item":"https:\/\/corrosionx.com.br\/"},{"@type":"ListItem","position":2,"name":"Perguntas frequentes"}]},{"@type":"WebSite","@id":"https:\/\/corrosionx.com.br\/#website","url":"https:\/\/corrosionx.com.br\/","name":"CorrosionX","description":"Lubrificante de alta performance","publisher":{"@id":"https:\/\/corrosionx.com.br\/#organization"},"potentialAction":[{"@type":"SearchAction","target":{"@type":"EntryPoint","urlTemplate":"https:\/\/corrosionx.com.br\/?s={search_term_string}"},"query-input":{"@type":"PropertyValueSpecification","valueRequired":true,"valueName":"search_term_string"}}],"inLanguage":"pt-BR"},{"@type":"Organization","@id":"https:\/\/corrosionx.com.br\/#organization","name":"CorrosionX","url":"https:\/\/corrosionx.com.br\/","logo":{"@type":"ImageObject","inLanguage":"pt-BR","@id":"https:\/\/corrosionx.com.br\/#\/schema\/logo\/image\/","url":"https:\/\/corrosionx.com.br\/wp-content\/uploads\/2020\/03\/logo-peq.jpg","contentUrl":"https:\/\/corrosionx.com.br\/wp-content\/uploads\/2020\/03\/logo-peq.jpg","width":220,"height":40,"caption":"CorrosionX"},"image":{"@id":"https:\/\/corrosionx.com.br\/#\/schema\/logo\/image\/"},"sameAs":["https:\/\/www.facebook.com\/CorrosionXBrasil","https:\/\/www.instagram.com\/corrosionx\/"]}]}},"_links":{"self":[{"href":"https:\/\/corrosionx.com.br\/index.php\/wp-json\/wp\/v2\/pages\/171","targetHints":{"allow":["GET"]}}],"collection":[{"href":"https:\/\/corrosionx.com.br\/index.php\/wp-json\/wp\/v2\/pages"}],"about":[{"href":"https:\/\/corrosionx.com.br\/index.php\/wp-json\/wp\/v2\/types\/page"}],"author":[{"embeddable":true,"href":"https:\/\/corrosionx.com.br\/index.php\/wp-json\/wp\/v2\/users\/1"}],"replies":[{"embeddable":true,"href":"https:\/\/corrosionx.com.br\/index.php\/wp-json\/wp\/v2\/comments?post=171"}],"version-history":[{"count":22,"href":"https:\/\/corrosionx.com.br\/index.php\/wp-json\/wp\/v2\/pages\/171\/revisions"}],"predecessor-version":[{"id":746,"href":"https:\/\/corrosionx.com.br\/index.php\/wp-json\/wp\/v2\/pages\/171\/revisions\/746"}],"wp:attachment":[{"href":"https:\/\/corrosionx.com.br\/index.php\/wp-json\/wp\/v2\/media?parent=171"}],"curies":[{"name":"wp","href":"https:\/\/api.w.org\/{rel}","templated":true}]}}